{"id":963,"date":"2024-07-17T14:55:48","date_gmt":"2024-07-17T14:55:48","guid":{"rendered":"https:\/\/mariacaudevilla.com\/?page_id=963"},"modified":"2024-10-29T14:43:50","modified_gmt":"2024-10-29T14:43:50","slug":"inanna-la_selva_de_miranda","status":"publish","type":"page","link":"https:\/\/mariacaudevilla.com\/en\/inanna-la_selva_de_miranda\/","title":{"rendered":"INANNA \u2013 THE FOREST OF MIRANDA"},"content":{"rendered":"<div class=\"wp-block-image\">\n<figure class=\"aligncenter size-large\"><img loading=\"lazy\" decoding=\"async\" width=\"1024\" height=\"756\" src=\"https:\/\/mariacaudevilla.com\/wp-content\/uploads\/2024\/07\/TAPAS-InAnna-Cauevilla-1024x756.jpg\" alt=\"\" class=\"wp-image-965\" srcset=\"https:\/\/mariacaudevilla.com\/wp-content\/uploads\/2024\/07\/TAPAS-InAnna-Cauevilla-1024x756.jpg 1024w, https:\/\/mariacaudevilla.com\/wp-content\/uploads\/2024\/07\/TAPAS-InAnna-Cauevilla-300x221.jpg 300w, https:\/\/mariacaudevilla.com\/wp-content\/uploads\/2024\/07\/TAPAS-InAnna-Cauevilla-768x567.jpg 768w, https:\/\/mariacaudevilla.com\/wp-content\/uploads\/2024\/07\/TAPAS-InAnna-Cauevilla-1536x1134.jpg 1536w, https:\/\/mariacaudevilla.com\/wp-content\/uploads\/2024\/07\/TAPAS-InAnna-Cauevilla-2048x1512.jpg 2048w, https:\/\/mariacaudevilla.com\/wp-content\/uploads\/2024\/07\/TAPAS-InAnna-Cauevilla-1200x886.jpg 1200w, https:\/\/mariacaudevilla.com\/wp-content\/uploads\/2024\/07\/TAPAS-InAnna-Cauevilla-1980x1461.jpg 1980w\" sizes=\"(max-width: 1024px) 100vw, 1024px\" \/><\/figure><\/div>\n\n\n<p class=\"has-text-align-center\">INANNA \u2013 THE FOREST OF MIRANDA<\/p>\n\n\n\n<p>Softcover, 152 p. 14 x 21 cm ISBN 978-84-188854-2-6<\/p>\n\n\n\n<p>InAnna is a fiction in tribute to Anna Campbell and his struggle for a free world in Kurdistan.<\/p>\n\n\n\n<p>Anna Campbell, a young british woman of 26 years old, and sister of the actress of the company, Sarah Campbell, was killed by the army Turkish march 15, 2018 in a bombardment in Afrin, Syria. He had travelled to Rojava to join the YPJ (protection Units female) eleven months before.<\/p>\n\n\n\n<p>The complex web of political interests and international prevented the family of Anna to regain your body, and not to travel to Syria in search of answers to fill the void that was left after his death.<\/p>\n\n\n\n<p>We recognize in our own time the tragedy in which a small human being rebels against an order that condemns him to perpetual defeat. The validity of the myth of Antigone is manifested in this combat ancestral causes us to question the very meaning of the struggle.<\/p>\n\n\n\n<p>The forest of Miranda is a rewrite of the comedy of William Shakespeare, The tempest. Party of two fundamental premises: on the one hand, to give you a reading in a concrete and contemporary, told from the point of view of Miranda, the only female character of the classic; and, on the other, to build a cultural bridge between Peru and Spain, through to locate the argument in the Amazon, and to generate an artistic team integrated by partners of both countries.<\/p>\n\n\n\n<p>The forest of Miranda is, above all, a story of love. Of a love so fiercely human that you get to jump their own rules; one who humbles himself and twists in the tempest of their extreme passions: revenge, jealousy, resentment, ambition, lust...<\/p>\n\n\n\n<p><\/p>\n\n\n\n<hr class=\"wp-block-separator has-css-opacity\"\/>\n\n\n\n<div class=\"wp-block-buttons is-content-justification-center is-layout-flex wp-container-core-buttons-layout-1 wp-block-buttons-is-layout-flex\">\n<div class=\"wp-block-button\"><a class=\"wp-block-button__link wp-element-button\" href=\"https:\/\/invasoras.juliofer.info\/inanna-la-selva-de-miranda-maria-caudevilla\/\">Buy<\/a><\/div>\n<\/div>\n\n\n\n<div class=\"wp-block-buttons is-content-justification-center is-layout-flex wp-container-core-buttons-layout-2 wp-block-buttons-is-layout-flex\"><\/div>\n\n\n\n<p><\/p>","protected":false},"excerpt":{"rendered":"<p>INANNA &#8211; LA SELVA DE MIRANDA Tapa blanda, 152 p\u00e1g. 14 x 21 cm. ISBN 978-84-188854-2-6 InAnna es una ficci\u00f3n en homenaje a Anna Campbell y a su lucha por un mundo libre en el Kurdist\u00e1n. Anna Campbell, joven brit\u00e1nica de 26 a\u00f1os y hermana de la actriz de la compa\u00f1\u00eda Sara Campbell, fue asesinada [&hellip;]<\/p>","protected":false},"author":2,"featured_media":0,"parent":0,"menu_order":0,"comment_status":"closed","ping_status":"closed","template":"templates\/template-cover.php","meta":{"footnotes":""},"yoast_head":"<!-- This site is optimized with the Yoast SEO plugin v21.7 - https:\/\/yoast.com\/wordpress\/plugins\/seo\/ -->\n<title>INANNA - LA SELVA DE MIRANDA - Maria Caudevilla<\/title>\n<meta name=\"robots\" content=\"index, follow, max-snippet:-1, max-image-preview:large, max-video-preview:-1\" \/>\n<link rel=\"canonical\" href=\"https:\/\/mariacaudevilla.com\/en\/inanna-la_selva_de_miranda\/\" \/>\n<meta property=\"og:locale\" content=\"en_US\" \/>\n<meta property=\"og:type\" content=\"article\" \/>\n<meta property=\"og:title\" content=\"INANNA - LA SELVA DE MIRANDA - Maria Caudevilla\" \/>\n<meta property=\"og:description\" content=\"INANNA &#8211; LA SELVA DE MIRANDA Tapa blanda, 152 p\u00e1g. 14 x 21 cm. ISBN 978-84-188854-2-6 InAnna es una ficci\u00f3n en homenaje a Anna Campbell y a su lucha por un mundo libre en el Kurdist\u00e1n. Anna Campbell, joven brit\u00e1nica de 26 a\u00f1os y hermana de la actriz de la compa\u00f1\u00eda Sara Campbell, fue asesinada [&hellip;]\" \/>\n<meta property=\"og:url\" content=\"https:\/\/mariacaudevilla.com\/en\/inanna-la_selva_de_miranda\/\" \/>\n<meta property=\"og:site_name\" content=\"Maria Caudevilla\" \/>\n<meta property=\"article:modified_time\" content=\"2024-10-29T14:43:50+00:00\" \/>\n<meta property=\"og:image\" content=\"https:\/\/mariacaudevilla.com\/wp-content\/uploads\/2024\/07\/TAPAS-InAnna-Cauevilla-1024x756.jpg\" \/>\n<meta name=\"twitter:card\" content=\"summary_large_image\" \/>\n<meta name=\"twitter:label1\" content=\"Est. reading time\" \/>\n\t<meta name=\"twitter:data1\" content=\"2 minutes\" \/>\n<script type=\"application\/ld+json\" class=\"yoast-schema-graph\">{\"@context\":\"https:\/\/schema.org\",\"@graph\":[{\"@type\":\"WebPage\",\"@id\":\"https:\/\/mariacaudevilla.com\/inanna-la_selva_de_miranda\/\",\"url\":\"https:\/\/mariacaudevilla.com\/inanna-la_selva_de_miranda\/\",\"name\":\"INANNA - LA SELVA DE MIRANDA - Maria Caudevilla\",\"isPartOf\":{\"@id\":\"https:\/\/mariacaudevilla.com\/#website\"},\"datePublished\":\"2024-07-17T14:55:48+00:00\",\"dateModified\":\"2024-10-29T14:43:50+00:00\",\"breadcrumb\":{\"@id\":\"https:\/\/mariacaudevilla.com\/inanna-la_selva_de_miranda\/#breadcrumb\"},\"inLanguage\":\"en-US\",\"potentialAction\":[{\"@type\":\"ReadAction\",\"target\":[\"https:\/\/mariacaudevilla.com\/inanna-la_selva_de_miranda\/\"]}]},{\"@type\":\"BreadcrumbList\",\"@id\":\"https:\/\/mariacaudevilla.com\/inanna-la_selva_de_miranda\/#breadcrumb\",\"itemListElement\":[{\"@type\":\"ListItem\",\"position\":1,\"name\":\"Portada\",\"item\":\"https:\/\/mariacaudevilla.com\/\"},{\"@type\":\"ListItem\",\"position\":2,\"name\":\"INANNA &#8211; LA SELVA DE MIRANDA\"}]},{\"@type\":\"WebSite\",\"@id\":\"https:\/\/mariacaudevilla.com\/#website\",\"url\":\"https:\/\/mariacaudevilla.com\/\",\"name\":\"Maria Caudevilla\",\"description\":\"\",\"potentialAction\":[{\"@type\":\"SearchAction\",\"target\":{\"@type\":\"EntryPoint\",\"urlTemplate\":\"https:\/\/mariacaudevilla.com\/?s={search_term_string}\"},\"query-input\":\"required name=search_term_string\"}],\"inLanguage\":\"en-US\"}]}<\/script>\n<!-- \/ Yoast SEO plugin. -->","yoast_head_json":{"title":"INANNA - LA SELVA DE MIRANDA - Maria Caudevilla","robots":{"index":"index","follow":"follow","max-snippet":"max-snippet:-1","max-image-preview":"max-image-preview:large","max-video-preview":"max-video-preview:-1"},"canonical":"https:\/\/mariacaudevilla.com\/en\/inanna-la_selva_de_miranda\/","og_locale":"en_US","og_type":"article","og_title":"INANNA - LA SELVA DE MIRANDA - Maria Caudevilla","og_description":"INANNA &#8211; LA SELVA DE MIRANDA Tapa blanda, 152 p\u00e1g. 14 x 21 cm. ISBN 978-84-188854-2-6 InAnna es una ficci\u00f3n en homenaje a Anna Campbell y a su lucha por un mundo libre en el Kurdist\u00e1n. Anna Campbell, joven brit\u00e1nica de 26 a\u00f1os y hermana de la actriz de la compa\u00f1\u00eda Sara Campbell, fue asesinada [&hellip;]","og_url":"https:\/\/mariacaudevilla.com\/en\/inanna-la_selva_de_miranda\/","og_site_name":"Maria Caudevilla","article_modified_time":"2024-10-29T14:43:50+00:00","og_image":[{"url":"https:\/\/mariacaudevilla.com\/wp-content\/uploads\/2024\/07\/TAPAS-InAnna-Cauevilla-1024x756.jpg"}],"twitter_card":"summary_large_image","twitter_misc":{"Est. reading time":"2 minutes"},"schema":{"@context":"https:\/\/schema.org","@graph":[{"@type":"WebPage","@id":"https:\/\/mariacaudevilla.com\/inanna-la_selva_de_miranda\/","url":"https:\/\/mariacaudevilla.com\/inanna-la_selva_de_miranda\/","name":"INANNA - LA SELVA DE MIRANDA - Maria Caudevilla","isPartOf":{"@id":"https:\/\/mariacaudevilla.com\/#website"},"datePublished":"2024-07-17T14:55:48+00:00","dateModified":"2024-10-29T14:43:50+00:00","breadcrumb":{"@id":"https:\/\/mariacaudevilla.com\/inanna-la_selva_de_miranda\/#breadcrumb"},"inLanguage":"en-US","potentialAction":[{"@type":"ReadAction","target":["https:\/\/mariacaudevilla.com\/inanna-la_selva_de_miranda\/"]}]},{"@type":"BreadcrumbList","@id":"https:\/\/mariacaudevilla.com\/inanna-la_selva_de_miranda\/#breadcrumb","itemListElement":[{"@type":"ListItem","position":1,"name":"Portada","item":"https:\/\/mariacaudevilla.com\/"},{"@type":"ListItem","position":2,"name":"INANNA &#8211; LA SELVA DE MIRANDA"}]},{"@type":"WebSite","@id":"https:\/\/mariacaudevilla.com\/#website","url":"https:\/\/mariacaudevilla.com\/","name":"Maria Caudevilla","description":"","potentialAction":[{"@type":"SearchAction","target":{"@type":"EntryPoint","urlTemplate":"https:\/\/mariacaudevilla.com\/?s={search_term_string}"},"query-input":"required name=search_term_string"}],"inLanguage":"en-US"}]}},"_links":{"self":[{"href":"https:\/\/mariacaudevilla.com\/en\/wp-json\/wp\/v2\/pages\/963"}],"collection":[{"href":"https:\/\/mariacaudevilla.com\/en\/wp-json\/wp\/v2\/pages"}],"about":[{"href":"https:\/\/mariacaudevilla.com\/en\/wp-json\/wp\/v2\/types\/page"}],"author":[{"embeddable":true,"href":"https:\/\/mariacaudevilla.com\/en\/wp-json\/wp\/v2\/users\/2"}],"replies":[{"embeddable":true,"href":"https:\/\/mariacaudevilla.com\/en\/wp-json\/wp\/v2\/comments?post=963"}],"version-history":[{"count":5,"href":"https:\/\/mariacaudevilla.com\/en\/wp-json\/wp\/v2\/pages\/963\/revisions"}],"predecessor-version":[{"id":971,"href":"https:\/\/mariacaudevilla.com\/en\/wp-json\/wp\/v2\/pages\/963\/revisions\/971"}],"wp:attachment":[{"href":"https:\/\/mariacaudevilla.com\/en\/wp-json\/wp\/v2\/media?parent=963"}],"curies":[{"name":"wp","href":"https:\/\/api.w.org\/{rel}","templated":true}]}}