{"id":879,"date":"2023-07-24T10:47:31","date_gmt":"2023-07-24T10:47:31","guid":{"rendered":"https:\/\/mariacaudevilla.com\/?page_id=879"},"modified":"2023-07-24T10:50:24","modified_gmt":"2023-07-24T10:50:24","slug":"fenomenologia-de-la-chismosa","status":"publish","type":"page","link":"https:\/\/mariacaudevilla.com\/en\/fenomenologia-de-la-chismosa\/","title":{"rendered":"Phenomenology of the gossip"},"content":{"rendered":"<div class=\"wp-block-image\"><figure class=\"aligncenter size-large\"><img loading=\"lazy\" decoding=\"async\" width=\"702\" height=\"1024\" src=\"https:\/\/mariacaudevilla.com\/wp-content\/uploads\/2023\/07\/Lesturas-italianas-cartel-702x1024.jpg\" alt=\"\" class=\"wp-image-881\" srcset=\"https:\/\/mariacaudevilla.com\/wp-content\/uploads\/2023\/07\/Lesturas-italianas-cartel-702x1024.jpg 702w, https:\/\/mariacaudevilla.com\/wp-content\/uploads\/2023\/07\/Lesturas-italianas-cartel-206x300.jpg 206w, https:\/\/mariacaudevilla.com\/wp-content\/uploads\/2023\/07\/Lesturas-italianas-cartel-768x1120.jpg 768w, https:\/\/mariacaudevilla.com\/wp-content\/uploads\/2023\/07\/Lesturas-italianas-cartel-1053x1536.jpg 1053w, https:\/\/mariacaudevilla.com\/wp-content\/uploads\/2023\/07\/Lesturas-italianas-cartel-1405x2048.jpg 1405w, https:\/\/mariacaudevilla.com\/wp-content\/uploads\/2023\/07\/Lesturas-italianas-cartel-1200x1750.jpg 1200w, https:\/\/mariacaudevilla.com\/wp-content\/uploads\/2023\/07\/Lesturas-italianas-cartel-1980x2887.jpg 1980w, https:\/\/mariacaudevilla.com\/wp-content\/uploads\/2023\/07\/Lesturas-italianas-cartel-scaled.jpg 1756w\" sizes=\"(max-width: 702px) 100vw, 702px\" \/><\/figure><\/div>\n\n\n\n<p>Feel the earth. Phenomenology of the gossip denounces the power of the lie in a small village invented the Italian coast. Leading the narrative Clarisa, godless gossip, so skilled in order to distort the news that will have to release his daughter, Teresa, of a well-founded rumors that are circulating about her. Divert the attention to another young man of the same name, decreeing his unhappiness and that of your family.<\/p>\n\n\n\n<p>The piece is a manifesto against male violence, the public humiliation of the female body and the invention manipulative abroad, as well as the dynamics toxic to the contemporary fake news, of which we are much more involved in what we look like.<\/p>\n\n\n\n<p>Heiress of the theatre of the absurd, uses the irreverence of the black humor to get us to the only truth: that we are all learners and we need to, at all costs, the connection sincere with the other.<\/p>\n\n\n\n<p><\/p>\n\n\n\n<hr class=\"wp-block-separator\"\/>\n\n\n\n<p><strong>CAST<\/strong><\/p>\n\n\n\n<p>Of Maniaci d&#039;amore (Luciana Maniaci and Francesco D&#039;amore)<br>Translation: Beatriz Castellary<br>Address: Mary Caudevilla<br>With Maria Pascual (Teresa) and Jorqe Suquet (Clarice \/ Antonio JR)<br>Design of stage space: Leonora Lax<br>Lighting design: Pilar Velasco<br>Costume design: Antiel Jimenez<br>Design space sound: Cristina Manuela<br>Direction assistant: Noelia Perez<br>Resident assistantship address: Cristina Hermida<br>Partners: istituto Italiano di Cultura in Madrid, under the auspices of the Embassy of Italy<br>A project in collaboration with the Award Riccione Teatro<br>Special mention: Ediciones Ant\u00edgona<br>A production by the Teatro Espa\u00f1ol<\/p>\n\n\n\n<p><\/p>","protected":false},"excerpt":{"rendered":"<p>Se sienta la tierra. Fenomenolog\u00eda de la chismosa denuncia el poder de la mentira en un peque\u00f1o pueblo inventado de la costa italiana. Lidera la narraci\u00f3n Clarisa, imp\u00eda chismosa, tan h\u00e1bil para tergiversar las noticias que conseguir\u00e1 liberar a su hija, Teresa, de los fundados rumores que circulan sobre ella. Desv\u00eda as\u00ed la atenci\u00f3n hacia [&hellip;]<\/p>","protected":false},"author":2,"featured_media":0,"parent":0,"menu_order":0,"comment_status":"closed","ping_status":"closed","template":"templates\/template-cover.php","meta":{"footnotes":""},"yoast_head":"<!-- This site is optimized with the Yoast SEO plugin v21.7 - https:\/\/yoast.com\/wordpress\/plugins\/seo\/ -->\n<title>Fenomenolog\u00eda de la chismosa - Maria Caudevilla<\/title>\n<meta name=\"robots\" content=\"index, follow, max-snippet:-1, max-image-preview:large, max-video-preview:-1\" \/>\n<link rel=\"canonical\" href=\"https:\/\/mariacaudevilla.com\/en\/fenomenologia-de-la-chismosa\/\" \/>\n<meta property=\"og:locale\" content=\"en_US\" \/>\n<meta property=\"og:type\" content=\"article\" \/>\n<meta property=\"og:title\" content=\"Fenomenolog\u00eda de la chismosa - Maria Caudevilla\" \/>\n<meta property=\"og:description\" content=\"Se sienta la tierra. Fenomenolog\u00eda de la chismosa denuncia el poder de la mentira en un peque\u00f1o pueblo inventado de la costa italiana. Lidera la narraci\u00f3n Clarisa, imp\u00eda chismosa, tan h\u00e1bil para tergiversar las noticias que conseguir\u00e1 liberar a su hija, Teresa, de los fundados rumores que circulan sobre ella. Desv\u00eda as\u00ed la atenci\u00f3n hacia [&hellip;]\" \/>\n<meta property=\"og:url\" content=\"https:\/\/mariacaudevilla.com\/en\/fenomenologia-de-la-chismosa\/\" \/>\n<meta property=\"og:site_name\" content=\"Maria Caudevilla\" \/>\n<meta property=\"article:modified_time\" content=\"2023-07-24T10:50:24+00:00\" \/>\n<meta property=\"og:image\" content=\"https:\/\/mariacaudevilla.com\/wp-content\/uploads\/2023\/07\/Lesturas-italianas-cartel-702x1024.jpg\" \/>\n<meta name=\"twitter:card\" content=\"summary_large_image\" \/>\n<meta name=\"twitter:label1\" content=\"Est. reading time\" \/>\n\t<meta name=\"twitter:data1\" content=\"1 minute\" \/>\n<script type=\"application\/ld+json\" class=\"yoast-schema-graph\">{\"@context\":\"https:\/\/schema.org\",\"@graph\":[{\"@type\":\"WebPage\",\"@id\":\"https:\/\/mariacaudevilla.com\/fenomenologia-de-la-chismosa\/\",\"url\":\"https:\/\/mariacaudevilla.com\/fenomenologia-de-la-chismosa\/\",\"name\":\"Fenomenolog\u00eda de la chismosa - Maria Caudevilla\",\"isPartOf\":{\"@id\":\"https:\/\/mariacaudevilla.com\/#website\"},\"datePublished\":\"2023-07-24T10:47:31+00:00\",\"dateModified\":\"2023-07-24T10:50:24+00:00\",\"breadcrumb\":{\"@id\":\"https:\/\/mariacaudevilla.com\/fenomenologia-de-la-chismosa\/#breadcrumb\"},\"inLanguage\":\"en-US\",\"potentialAction\":[{\"@type\":\"ReadAction\",\"target\":[\"https:\/\/mariacaudevilla.com\/fenomenologia-de-la-chismosa\/\"]}]},{\"@type\":\"BreadcrumbList\",\"@id\":\"https:\/\/mariacaudevilla.com\/fenomenologia-de-la-chismosa\/#breadcrumb\",\"itemListElement\":[{\"@type\":\"ListItem\",\"position\":1,\"name\":\"Portada\",\"item\":\"https:\/\/mariacaudevilla.com\/\"},{\"@type\":\"ListItem\",\"position\":2,\"name\":\"Fenomenolog\u00eda de la chismosa\"}]},{\"@type\":\"WebSite\",\"@id\":\"https:\/\/mariacaudevilla.com\/#website\",\"url\":\"https:\/\/mariacaudevilla.com\/\",\"name\":\"Maria Caudevilla\",\"description\":\"\",\"potentialAction\":[{\"@type\":\"SearchAction\",\"target\":{\"@type\":\"EntryPoint\",\"urlTemplate\":\"https:\/\/mariacaudevilla.com\/?s={search_term_string}\"},\"query-input\":\"required name=search_term_string\"}],\"inLanguage\":\"en-US\"}]}<\/script>\n<!-- \/ Yoast SEO plugin. -->","yoast_head_json":{"title":"Fenomenolog\u00eda de la chismosa - Maria Caudevilla","robots":{"index":"index","follow":"follow","max-snippet":"max-snippet:-1","max-image-preview":"max-image-preview:large","max-video-preview":"max-video-preview:-1"},"canonical":"https:\/\/mariacaudevilla.com\/en\/fenomenologia-de-la-chismosa\/","og_locale":"en_US","og_type":"article","og_title":"Fenomenolog\u00eda de la chismosa - Maria Caudevilla","og_description":"Se sienta la tierra. Fenomenolog\u00eda de la chismosa denuncia el poder de la mentira en un peque\u00f1o pueblo inventado de la costa italiana. Lidera la narraci\u00f3n Clarisa, imp\u00eda chismosa, tan h\u00e1bil para tergiversar las noticias que conseguir\u00e1 liberar a su hija, Teresa, de los fundados rumores que circulan sobre ella. Desv\u00eda as\u00ed la atenci\u00f3n hacia [&hellip;]","og_url":"https:\/\/mariacaudevilla.com\/en\/fenomenologia-de-la-chismosa\/","og_site_name":"Maria Caudevilla","article_modified_time":"2023-07-24T10:50:24+00:00","og_image":[{"url":"https:\/\/mariacaudevilla.com\/wp-content\/uploads\/2023\/07\/Lesturas-italianas-cartel-702x1024.jpg"}],"twitter_card":"summary_large_image","twitter_misc":{"Est. reading time":"1 minute"},"schema":{"@context":"https:\/\/schema.org","@graph":[{"@type":"WebPage","@id":"https:\/\/mariacaudevilla.com\/fenomenologia-de-la-chismosa\/","url":"https:\/\/mariacaudevilla.com\/fenomenologia-de-la-chismosa\/","name":"Fenomenolog\u00eda de la chismosa - Maria Caudevilla","isPartOf":{"@id":"https:\/\/mariacaudevilla.com\/#website"},"datePublished":"2023-07-24T10:47:31+00:00","dateModified":"2023-07-24T10:50:24+00:00","breadcrumb":{"@id":"https:\/\/mariacaudevilla.com\/fenomenologia-de-la-chismosa\/#breadcrumb"},"inLanguage":"en-US","potentialAction":[{"@type":"ReadAction","target":["https:\/\/mariacaudevilla.com\/fenomenologia-de-la-chismosa\/"]}]},{"@type":"BreadcrumbList","@id":"https:\/\/mariacaudevilla.com\/fenomenologia-de-la-chismosa\/#breadcrumb","itemListElement":[{"@type":"ListItem","position":1,"name":"Portada","item":"https:\/\/mariacaudevilla.com\/"},{"@type":"ListItem","position":2,"name":"Fenomenolog\u00eda de la chismosa"}]},{"@type":"WebSite","@id":"https:\/\/mariacaudevilla.com\/#website","url":"https:\/\/mariacaudevilla.com\/","name":"Maria Caudevilla","description":"","potentialAction":[{"@type":"SearchAction","target":{"@type":"EntryPoint","urlTemplate":"https:\/\/mariacaudevilla.com\/?s={search_term_string}"},"query-input":"required name=search_term_string"}],"inLanguage":"en-US"}]}},"_links":{"self":[{"href":"https:\/\/mariacaudevilla.com\/en\/wp-json\/wp\/v2\/pages\/879"}],"collection":[{"href":"https:\/\/mariacaudevilla.com\/en\/wp-json\/wp\/v2\/pages"}],"about":[{"href":"https:\/\/mariacaudevilla.com\/en\/wp-json\/wp\/v2\/types\/page"}],"author":[{"embeddable":true,"href":"https:\/\/mariacaudevilla.com\/en\/wp-json\/wp\/v2\/users\/2"}],"replies":[{"embeddable":true,"href":"https:\/\/mariacaudevilla.com\/en\/wp-json\/wp\/v2\/comments?post=879"}],"version-history":[{"count":2,"href":"https:\/\/mariacaudevilla.com\/en\/wp-json\/wp\/v2\/pages\/879\/revisions"}],"predecessor-version":[{"id":882,"href":"https:\/\/mariacaudevilla.com\/en\/wp-json\/wp\/v2\/pages\/879\/revisions\/882"}],"wp:attachment":[{"href":"https:\/\/mariacaudevilla.com\/en\/wp-json\/wp\/v2\/media?parent=879"}],"curies":[{"name":"wp","href":"https:\/\/api.w.org\/{rel}","templated":true}]}}