{"id":860,"date":"2023-07-24T09:13:12","date_gmt":"2023-07-24T09:13:12","guid":{"rendered":"https:\/\/mariacaudevilla.com\/?page_id=860"},"modified":"2024-10-30T13:27:33","modified_gmt":"2024-10-30T13:27:33","slug":"la-selva-de-miranda","status":"publish","type":"page","link":"https:\/\/mariacaudevilla.com\/en\/la-selva-de-miranda\/","title":{"rendered":"The Wilds of Miranda"},"content":{"rendered":"<figure class=\"wp-block-gallery has-nested-images columns-default is-cropped wp-block-gallery-1 is-layout-flex wp-block-gallery-is-layout-flex\">\n<figure class=\"wp-block-image size-large\"><a href=\"https:\/\/mariacaudevilla.com\/wp-content\/uploads\/2024\/01\/IMG_1328_red.jpg\"><img loading=\"lazy\" decoding=\"async\" width=\"1024\" height=\"683\" data-id=\"922\" src=\"https:\/\/mariacaudevilla.com\/wp-content\/uploads\/2024\/01\/IMG_1328_red-1024x683.jpg\" alt=\"\" class=\"wp-image-922\" srcset=\"https:\/\/mariacaudevilla.com\/wp-content\/uploads\/2024\/01\/IMG_1328_red-1024x683.jpg 1024w, https:\/\/mariacaudevilla.com\/wp-content\/uploads\/2024\/01\/IMG_1328_red-300x200.jpg 300w, https:\/\/mariacaudevilla.com\/wp-content\/uploads\/2024\/01\/IMG_1328_red-768x512.jpg 768w, https:\/\/mariacaudevilla.com\/wp-content\/uploads\/2024\/01\/IMG_1328_red.jpg 1080w\" sizes=\"(max-width: 1024px) 100vw, 1024px\" \/><\/a><\/figure>\n\n\n\n<figure class=\"wp-block-image size-large\"><a href=\"https:\/\/mariacaudevilla.com\/wp-content\/uploads\/2024\/01\/IMG_1580_red.jpg\"><img loading=\"lazy\" decoding=\"async\" width=\"1024\" height=\"685\" data-id=\"923\" src=\"https:\/\/mariacaudevilla.com\/wp-content\/uploads\/2024\/01\/IMG_1580_red-1024x685.jpg\" alt=\"\" class=\"wp-image-923\" srcset=\"https:\/\/mariacaudevilla.com\/wp-content\/uploads\/2024\/01\/IMG_1580_red-1024x685.jpg 1024w, https:\/\/mariacaudevilla.com\/wp-content\/uploads\/2024\/01\/IMG_1580_red-300x201.jpg 300w, https:\/\/mariacaudevilla.com\/wp-content\/uploads\/2024\/01\/IMG_1580_red-768x513.jpg 768w, https:\/\/mariacaudevilla.com\/wp-content\/uploads\/2024\/01\/IMG_1580_red.jpg 1080w\" sizes=\"(max-width: 1024px) 100vw, 1024px\" \/><\/a><\/figure>\n\n\n\n<figure class=\"wp-block-image size-large\"><a href=\"https:\/\/mariacaudevilla.com\/wp-content\/uploads\/2024\/01\/IMG_1756_red.jpg\"><img loading=\"lazy\" decoding=\"async\" width=\"1024\" height=\"683\" data-id=\"925\" src=\"https:\/\/mariacaudevilla.com\/wp-content\/uploads\/2024\/01\/IMG_1756_red-1024x683.jpg\" alt=\"\" class=\"wp-image-925\" srcset=\"https:\/\/mariacaudevilla.com\/wp-content\/uploads\/2024\/01\/IMG_1756_red-1024x683.jpg 1024w, https:\/\/mariacaudevilla.com\/wp-content\/uploads\/2024\/01\/IMG_1756_red-300x200.jpg 300w, https:\/\/mariacaudevilla.com\/wp-content\/uploads\/2024\/01\/IMG_1756_red-768x512.jpg 768w, https:\/\/mariacaudevilla.com\/wp-content\/uploads\/2024\/01\/IMG_1756_red.jpg 1080w\" sizes=\"(max-width: 1024px) 100vw, 1024px\" \/><\/a><\/figure>\n\n\n\n<figure class=\"wp-block-image size-large\"><a href=\"https:\/\/mariacaudevilla.com\/wp-content\/uploads\/2024\/01\/IMG_1785_red.jpg\"><img loading=\"lazy\" decoding=\"async\" width=\"1024\" height=\"711\" data-id=\"926\" src=\"https:\/\/mariacaudevilla.com\/wp-content\/uploads\/2024\/01\/IMG_1785_red-1024x711.jpg\" alt=\"\" class=\"wp-image-926\" srcset=\"https:\/\/mariacaudevilla.com\/wp-content\/uploads\/2024\/01\/IMG_1785_red-1024x711.jpg 1024w, https:\/\/mariacaudevilla.com\/wp-content\/uploads\/2024\/01\/IMG_1785_red-300x208.jpg 300w, https:\/\/mariacaudevilla.com\/wp-content\/uploads\/2024\/01\/IMG_1785_red-768x533.jpg 768w, https:\/\/mariacaudevilla.com\/wp-content\/uploads\/2024\/01\/IMG_1785_red.jpg 1080w\" sizes=\"(max-width: 1024px) 100vw, 1024px\" \/><\/a><\/figure>\n\n\n\n<figure class=\"wp-block-image size-large\"><a href=\"https:\/\/mariacaudevilla.com\/wp-content\/uploads\/2024\/01\/IMG_2239_red.jpg\"><img loading=\"lazy\" decoding=\"async\" width=\"1024\" height=\"679\" data-id=\"927\" src=\"https:\/\/mariacaudevilla.com\/wp-content\/uploads\/2024\/01\/IMG_2239_red-1024x679.jpg\" alt=\"\" class=\"wp-image-927\" srcset=\"https:\/\/mariacaudevilla.com\/wp-content\/uploads\/2024\/01\/IMG_2239_red-1024x679.jpg 1024w, https:\/\/mariacaudevilla.com\/wp-content\/uploads\/2024\/01\/IMG_2239_red-300x199.jpg 300w, https:\/\/mariacaudevilla.com\/wp-content\/uploads\/2024\/01\/IMG_2239_red-768x509.jpg 768w, https:\/\/mariacaudevilla.com\/wp-content\/uploads\/2024\/01\/IMG_2239_red.jpg 1080w\" sizes=\"(max-width: 1024px) 100vw, 1024px\" \/><\/a><\/figure>\n\n\n\n<figure class=\"wp-block-image size-large\"><a href=\"https:\/\/mariacaudevilla.com\/wp-content\/uploads\/2024\/01\/IMG_2296_red.jpg\"><img loading=\"lazy\" decoding=\"async\" width=\"1024\" height=\"639\" data-id=\"928\" src=\"https:\/\/mariacaudevilla.com\/wp-content\/uploads\/2024\/01\/IMG_2296_red-1024x639.jpg\" alt=\"\" class=\"wp-image-928\" srcset=\"https:\/\/mariacaudevilla.com\/wp-content\/uploads\/2024\/01\/IMG_2296_red-1024x639.jpg 1024w, https:\/\/mariacaudevilla.com\/wp-content\/uploads\/2024\/01\/IMG_2296_red-300x187.jpg 300w, https:\/\/mariacaudevilla.com\/wp-content\/uploads\/2024\/01\/IMG_2296_red-768x479.jpg 768w, https:\/\/mariacaudevilla.com\/wp-content\/uploads\/2024\/01\/IMG_2296_red.jpg 1080w\" sizes=\"(max-width: 1024px) 100vw, 1024px\" \/><\/a><\/figure>\n<\/figure>\n\n\n\n<hr class=\"wp-block-separator has-css-opacity\"\/>\n\n\n\n<figure class=\"wp-block-image size-full\"><img loading=\"lazy\" decoding=\"async\" width=\"1010\" height=\"720\" src=\"https:\/\/mariacaudevilla.com\/wp-content\/uploads\/2024\/10\/premio.jpg\" alt=\"\" class=\"wp-image-1052\" srcset=\"https:\/\/mariacaudevilla.com\/wp-content\/uploads\/2024\/10\/premio.jpg 1010w, https:\/\/mariacaudevilla.com\/wp-content\/uploads\/2024\/10\/premio-300x214.jpg 300w, https:\/\/mariacaudevilla.com\/wp-content\/uploads\/2024\/10\/premio-768x547.jpg 768w, https:\/\/mariacaudevilla.com\/wp-content\/uploads\/2024\/10\/premio-18x12.jpg 18w\" sizes=\"(max-width: 1010px) 100vw, 1010px\" \/><\/figure>\n\n\n\n<hr class=\"wp-block-separator has-alpha-channel-opacity\"\/>\n\n\n\n<div class=\"wp-block-group alignwide is-layout-flow wp-block-group-is-layout-flow\"><div class=\"wp-block-group__inner-container\"><a href=\"https:\/\/mariacaudevilla.com\/wp-content\/uploads\/2024\/01\/Dossier_selva_de_miranda.pdf\" class=\"pdfemb-viewer\" style=\"width:800px;height:800px;\" data-width=\"800\" data-height=\"800\" data-toolbar=\"both\" data-toolbar-fixed=\"on\">Dossier_selva_de_miranda<\/a><\/div><\/div>\n\n\n\n<div class=\"wp-block-buttons is-content-justification-center is-layout-flex wp-container-core-buttons-layout-1 wp-block-buttons-is-layout-flex\">\n<div class=\"wp-block-button\"><a class=\"wp-block-button__link wp-element-button\" href=\"https:\/\/www.mariacaudevilla.com\/descargas\/dossier_la selva_de_miranda.pdf\">DOWNLOAD PDF<\/a><\/div>\n<\/div>\n\n\n\n<hr class=\"wp-block-separator has-alpha-channel-opacity\"\/>\n\n\n\n<figure class=\"wp-block-embed is-type-video is-provider-youtube wp-block-embed-youtube wp-embed-aspect-16-9 wp-has-aspect-ratio\"><div class=\"wp-block-embed__wrapper\">\n<iframe loading=\"lazy\" title=\"The forest of Miranda teaser\" width=\"580\" height=\"326\" src=\"https:\/\/www.youtube.com\/embed\/ckHOjSPexHg?feature=oembed\" frameborder=\"0\" allow=\"accelerometer; autoplay; clipboard-write; encrypted-media; gyroscope; picture-in-picture; web-share\" referrerpolicy=\"strict-origin-when-cross-origin\" allowfullscreen><\/iframe>\n<\/div><\/figure>\n\n\n\n<hr class=\"wp-block-separator has-alpha-channel-opacity\"\/>\n\n\n\n<p class=\"has-text-align-center\">If you want to view the video of the show,&nbsp;<a href=\"mailto:info@barakateatro.com\">write me<\/a><\/p>\n\n\n\n<hr class=\"wp-block-separator has-css-opacity\"\/>\n\n\n\n<p><\/p>","protected":false},"excerpt":{"rendered":"<p>Si deseas visualizar el v\u00eddeo del espect\u00e1culo,&nbsp;escr\u00edbeme<\/p>","protected":false},"author":2,"featured_media":0,"parent":0,"menu_order":0,"comment_status":"closed","ping_status":"closed","template":"templates\/template-cover.php","meta":{"footnotes":""},"yoast_head":"<!-- This site is optimized with the Yoast SEO plugin v21.7 - https:\/\/yoast.com\/wordpress\/plugins\/seo\/ -->\n<title>La selva de Miranda - Maria Caudevilla<\/title>\n<meta name=\"robots\" content=\"index, follow, max-snippet:-1, max-image-preview:large, max-video-preview:-1\" \/>\n<link rel=\"canonical\" href=\"https:\/\/mariacaudevilla.com\/en\/la-selva-de-miranda\/\" \/>\n<meta property=\"og:locale\" content=\"en_US\" \/>\n<meta property=\"og:type\" content=\"article\" \/>\n<meta property=\"og:title\" content=\"La selva de Miranda - Maria Caudevilla\" \/>\n<meta property=\"og:description\" content=\"Si deseas visualizar el v\u00eddeo del espect\u00e1culo,&nbsp;escr\u00edbeme\" \/>\n<meta property=\"og:url\" content=\"https:\/\/mariacaudevilla.com\/en\/la-selva-de-miranda\/\" \/>\n<meta property=\"og:site_name\" content=\"Maria Caudevilla\" \/>\n<meta property=\"article:modified_time\" content=\"2024-10-30T13:27:33+00:00\" \/>\n<meta property=\"og:image\" content=\"https:\/\/mariacaudevilla.com\/wp-content\/uploads\/2024\/01\/IMG_1328_red-1024x683.jpg\" \/>\n<meta name=\"twitter:card\" content=\"summary_large_image\" \/>\n<meta name=\"twitter:label1\" content=\"Est. reading time\" \/>\n\t<meta name=\"twitter:data1\" content=\"2 minutes\" \/>\n<script type=\"application\/ld+json\" class=\"yoast-schema-graph\">{\"@context\":\"https:\/\/schema.org\",\"@graph\":[{\"@type\":\"WebPage\",\"@id\":\"https:\/\/mariacaudevilla.com\/la-selva-de-miranda\/\",\"url\":\"https:\/\/mariacaudevilla.com\/la-selva-de-miranda\/\",\"name\":\"La selva de Miranda - Maria Caudevilla\",\"isPartOf\":{\"@id\":\"https:\/\/mariacaudevilla.com\/#website\"},\"datePublished\":\"2023-07-24T09:13:12+00:00\",\"dateModified\":\"2024-10-30T13:27:33+00:00\",\"breadcrumb\":{\"@id\":\"https:\/\/mariacaudevilla.com\/la-selva-de-miranda\/#breadcrumb\"},\"inLanguage\":\"en-US\",\"potentialAction\":[{\"@type\":\"ReadAction\",\"target\":[\"https:\/\/mariacaudevilla.com\/la-selva-de-miranda\/\"]}]},{\"@type\":\"BreadcrumbList\",\"@id\":\"https:\/\/mariacaudevilla.com\/la-selva-de-miranda\/#breadcrumb\",\"itemListElement\":[{\"@type\":\"ListItem\",\"position\":1,\"name\":\"Portada\",\"item\":\"https:\/\/mariacaudevilla.com\/\"},{\"@type\":\"ListItem\",\"position\":2,\"name\":\"La selva de Miranda\"}]},{\"@type\":\"WebSite\",\"@id\":\"https:\/\/mariacaudevilla.com\/#website\",\"url\":\"https:\/\/mariacaudevilla.com\/\",\"name\":\"Maria Caudevilla\",\"description\":\"\",\"potentialAction\":[{\"@type\":\"SearchAction\",\"target\":{\"@type\":\"EntryPoint\",\"urlTemplate\":\"https:\/\/mariacaudevilla.com\/?s={search_term_string}\"},\"query-input\":\"required name=search_term_string\"}],\"inLanguage\":\"en-US\"}]}<\/script>\n<!-- \/ Yoast SEO plugin. -->","yoast_head_json":{"title":"La selva de Miranda - Maria Caudevilla","robots":{"index":"index","follow":"follow","max-snippet":"max-snippet:-1","max-image-preview":"max-image-preview:large","max-video-preview":"max-video-preview:-1"},"canonical":"https:\/\/mariacaudevilla.com\/en\/la-selva-de-miranda\/","og_locale":"en_US","og_type":"article","og_title":"La selva de Miranda - Maria Caudevilla","og_description":"Si deseas visualizar el v\u00eddeo del espect\u00e1culo,&nbsp;escr\u00edbeme","og_url":"https:\/\/mariacaudevilla.com\/en\/la-selva-de-miranda\/","og_site_name":"Maria Caudevilla","article_modified_time":"2024-10-30T13:27:33+00:00","og_image":[{"url":"https:\/\/mariacaudevilla.com\/wp-content\/uploads\/2024\/01\/IMG_1328_red-1024x683.jpg"}],"twitter_card":"summary_large_image","twitter_misc":{"Est. reading time":"2 minutes"},"schema":{"@context":"https:\/\/schema.org","@graph":[{"@type":"WebPage","@id":"https:\/\/mariacaudevilla.com\/la-selva-de-miranda\/","url":"https:\/\/mariacaudevilla.com\/la-selva-de-miranda\/","name":"La selva de Miranda - Maria Caudevilla","isPartOf":{"@id":"https:\/\/mariacaudevilla.com\/#website"},"datePublished":"2023-07-24T09:13:12+00:00","dateModified":"2024-10-30T13:27:33+00:00","breadcrumb":{"@id":"https:\/\/mariacaudevilla.com\/la-selva-de-miranda\/#breadcrumb"},"inLanguage":"en-US","potentialAction":[{"@type":"ReadAction","target":["https:\/\/mariacaudevilla.com\/la-selva-de-miranda\/"]}]},{"@type":"BreadcrumbList","@id":"https:\/\/mariacaudevilla.com\/la-selva-de-miranda\/#breadcrumb","itemListElement":[{"@type":"ListItem","position":1,"name":"Portada","item":"https:\/\/mariacaudevilla.com\/"},{"@type":"ListItem","position":2,"name":"La selva de Miranda"}]},{"@type":"WebSite","@id":"https:\/\/mariacaudevilla.com\/#website","url":"https:\/\/mariacaudevilla.com\/","name":"Maria Caudevilla","description":"","potentialAction":[{"@type":"SearchAction","target":{"@type":"EntryPoint","urlTemplate":"https:\/\/mariacaudevilla.com\/?s={search_term_string}"},"query-input":"required name=search_term_string"}],"inLanguage":"en-US"}]}},"_links":{"self":[{"href":"https:\/\/mariacaudevilla.com\/en\/wp-json\/wp\/v2\/pages\/860"}],"collection":[{"href":"https:\/\/mariacaudevilla.com\/en\/wp-json\/wp\/v2\/pages"}],"about":[{"href":"https:\/\/mariacaudevilla.com\/en\/wp-json\/wp\/v2\/types\/page"}],"author":[{"embeddable":true,"href":"https:\/\/mariacaudevilla.com\/en\/wp-json\/wp\/v2\/users\/2"}],"replies":[{"embeddable":true,"href":"https:\/\/mariacaudevilla.com\/en\/wp-json\/wp\/v2\/comments?post=860"}],"version-history":[{"count":18,"href":"https:\/\/mariacaudevilla.com\/en\/wp-json\/wp\/v2\/pages\/860\/revisions"}],"predecessor-version":[{"id":1056,"href":"https:\/\/mariacaudevilla.com\/en\/wp-json\/wp\/v2\/pages\/860\/revisions\/1056"}],"wp:attachment":[{"href":"https:\/\/mariacaudevilla.com\/en\/wp-json\/wp\/v2\/media?parent=860"}],"curies":[{"name":"wp","href":"https:\/\/api.w.org\/{rel}","templated":true}]}}