{"id":850,"date":"2023-07-21T10:11:25","date_gmt":"2023-07-21T10:11:25","guid":{"rendered":"https:\/\/mariacaudevilla.com\/?page_id=850"},"modified":"2024-07-17T14:58:29","modified_gmt":"2024-07-17T14:58:29","slug":"nuevos-territorios-en-la-escena","status":"publish","type":"page","link":"https:\/\/mariacaudevilla.com\/en\/nuevos-territorios-en-la-escena\/","title":{"rendered":"NEW TERRITORIES IN THE SCENE"},"content":{"rendered":"<div class=\"wp-block-image\">\n<figure class=\"aligncenter size-large\"><img loading=\"lazy\" decoding=\"async\" width=\"1024\" height=\"769\" src=\"https:\/\/mariacaudevilla.com\/wp-content\/uploads\/2023\/07\/46_Nuevos-territorios-en-la-escena_portada_contraportada-1024x769.jpg\" alt=\"\" class=\"wp-image-851\" srcset=\"https:\/\/mariacaudevilla.com\/wp-content\/uploads\/2023\/07\/46_Nuevos-territorios-en-la-escena_portada_contraportada-1024x769.jpg 1024w, https:\/\/mariacaudevilla.com\/wp-content\/uploads\/2023\/07\/46_Nuevos-territorios-en-la-escena_portada_contraportada-300x225.jpg 300w, https:\/\/mariacaudevilla.com\/wp-content\/uploads\/2023\/07\/46_Nuevos-territorios-en-la-escena_portada_contraportada-768x577.jpg 768w, https:\/\/mariacaudevilla.com\/wp-content\/uploads\/2023\/07\/46_Nuevos-territorios-en-la-escena_portada_contraportada-1200x902.jpg 1200w, https:\/\/mariacaudevilla.com\/wp-content\/uploads\/2023\/07\/46_Nuevos-territorios-en-la-escena_portada_contraportada.jpg 1500w\" sizes=\"(max-width: 1024px) 100vw, 1024px\" \/><\/figure><\/div>\n\n\n<p>NEW TERRITORIES IN THE SCENE<\/p>\n\n\n\n<p>Soft cover, 21 x14, 316 pages, ISBN: 978-84-18119-80-4<\/p>\n\n\n\n<p>This volume, the fourth of the series Circuits theatre of the TWENTY-first century, derives from the current of the digital humanities and in him we analyze, from a global perspective, the impact of the technological revolution and the social framework in the theater contemporary. In the introduction, the editors propose a first reflection on the technology as a framework, the medium and the subject of theatre studies. The volume is divided into five chapters that include diverse works whose common thread is the study of theatre in relation to their environment. The first focuses on the territory and the influence that it exerts on the theatre: teatro argentino \u2014Maurico Tossi\u2014; theatre festivals in Spain \u2014Carmen Gonz\u00e1lez\u2014; theater in Antarctica \u2014Ellen Frye\u2014; Italian theater and funding \u2014Matteo Paoletti\u2014; a case study of creation between cultures starring Irina Kouberskaya \u2014Patricia Almarcha\u2014; and the peruvian theatre \u2014Rolando C. Reano\u2014. The second chapter deals with the theatre and its relationship with the university environment through four case studies: Roberto Danese, Alfredo Miralles, Paul F. Santa Cecilia, Maria Juarez and Guillermo Jury. The third reflects on the publishing market of the theatre in the Community of Madrid \u2014Mar Rebollo, Ana Isabel Labra and Esther Laso and Leon; and the dramatic literature \u2014Jose Corrales\u2014. The fourth chapter shows the potential of an approach to the study of the theater based on the new technologies and the digital humanities with two jobs, July V\u00e9lez and Rosa Aviles. And the fifth and last chapter, delves, through five studies, in the transmedialidad in the performing arts and how this narrow understanding between languages apparently far has favored the connection with reality, and the approach to the spectator \u2014Diego Palacio and Joseph M. Teira, Fernando P\u00e9rez-Sa\u00f1udo, Ana Sede\u00f1o, Amelia Ibarz and Mary Caudevilla\u2014.<\/p>\n\n\n\n<hr class=\"wp-block-separator has-css-opacity\"\/>\n\n\n\n<div class=\"wp-block-buttons is-content-justification-center is-layout-flex wp-container-core-buttons-layout-1 wp-block-buttons-is-layout-flex\">\n<div class=\"wp-block-button\"><a class=\"wp-block-button__link has-text-align-center wp-element-button\" href=\"https:\/\/edicionesantigona.com\/critica\/322-nuevos-territorios-en-la-escena.html\">Buy<\/a><\/div>\n<\/div>\n\n\n\n<div class=\"wp-block-buttons is-content-justification-center is-layout-flex wp-container-core-buttons-layout-2 wp-block-buttons-is-layout-flex\"><\/div>\n\n\n\n<p><\/p>","protected":false},"excerpt":{"rendered":"<p>NUEVOS TERRITORIOS EN LA ESCENA Tapa blanda, 21 x14, 316 p\u00e1ginas, ISBN: 978-84-18119-80-4 Este volumen, el cuarto de la serie Circuitos teatrales del siglo XXI, nace de la corriente de las humanidades digitales y en \u00e9l analizamos, desde una perspectiva global, el impacto de la revoluci\u00f3n tecnol\u00f3gica y del marco social en el hecho teatral [&hellip;]<\/p>","protected":false},"author":2,"featured_media":0,"parent":0,"menu_order":0,"comment_status":"closed","ping_status":"closed","template":"templates\/template-cover.php","meta":{"footnotes":""},"yoast_head":"<!-- This site is optimized with the Yoast SEO plugin v21.7 - https:\/\/yoast.com\/wordpress\/plugins\/seo\/ -->\n<title>NUEVOS TERRITORIOS EN LA ESCENA - Maria Caudevilla<\/title>\n<meta name=\"robots\" content=\"index, follow, max-snippet:-1, max-image-preview:large, max-video-preview:-1\" \/>\n<link rel=\"canonical\" href=\"https:\/\/mariacaudevilla.com\/en\/nuevos-territorios-en-la-escena\/\" \/>\n<meta property=\"og:locale\" content=\"en_US\" \/>\n<meta property=\"og:type\" content=\"article\" \/>\n<meta property=\"og:title\" content=\"NUEVOS TERRITORIOS EN LA ESCENA - Maria Caudevilla\" \/>\n<meta property=\"og:description\" content=\"NUEVOS TERRITORIOS EN LA ESCENA Tapa blanda, 21 x14, 316 p\u00e1ginas, ISBN: 978-84-18119-80-4 Este volumen, el cuarto de la serie Circuitos teatrales del siglo XXI, nace de la corriente de las humanidades digitales y en \u00e9l analizamos, desde una perspectiva global, el impacto de la revoluci\u00f3n tecnol\u00f3gica y del marco social en el hecho teatral [&hellip;]\" \/>\n<meta property=\"og:url\" content=\"https:\/\/mariacaudevilla.com\/en\/nuevos-territorios-en-la-escena\/\" \/>\n<meta property=\"og:site_name\" content=\"Maria Caudevilla\" \/>\n<meta property=\"article:modified_time\" content=\"2024-07-17T14:58:29+00:00\" \/>\n<meta property=\"og:image\" content=\"https:\/\/mariacaudevilla.com\/wp-content\/uploads\/2023\/07\/46_Nuevos-territorios-en-la-escena_portada_contraportada-1024x769.jpg\" \/>\n<meta name=\"twitter:card\" content=\"summary_large_image\" \/>\n<meta name=\"twitter:label1\" content=\"Est. reading time\" \/>\n\t<meta name=\"twitter:data1\" content=\"2 minutes\" \/>\n<script type=\"application\/ld+json\" class=\"yoast-schema-graph\">{\"@context\":\"https:\/\/schema.org\",\"@graph\":[{\"@type\":\"WebPage\",\"@id\":\"https:\/\/mariacaudevilla.com\/nuevos-territorios-en-la-escena\/\",\"url\":\"https:\/\/mariacaudevilla.com\/nuevos-territorios-en-la-escena\/\",\"name\":\"NUEVOS TERRITORIOS EN LA ESCENA - Maria Caudevilla\",\"isPartOf\":{\"@id\":\"https:\/\/mariacaudevilla.com\/#website\"},\"datePublished\":\"2023-07-21T10:11:25+00:00\",\"dateModified\":\"2024-07-17T14:58:29+00:00\",\"breadcrumb\":{\"@id\":\"https:\/\/mariacaudevilla.com\/nuevos-territorios-en-la-escena\/#breadcrumb\"},\"inLanguage\":\"en-US\",\"potentialAction\":[{\"@type\":\"ReadAction\",\"target\":[\"https:\/\/mariacaudevilla.com\/nuevos-territorios-en-la-escena\/\"]}]},{\"@type\":\"BreadcrumbList\",\"@id\":\"https:\/\/mariacaudevilla.com\/nuevos-territorios-en-la-escena\/#breadcrumb\",\"itemListElement\":[{\"@type\":\"ListItem\",\"position\":1,\"name\":\"Portada\",\"item\":\"https:\/\/mariacaudevilla.com\/\"},{\"@type\":\"ListItem\",\"position\":2,\"name\":\"NUEVOS TERRITORIOS EN LA ESCENA\"}]},{\"@type\":\"WebSite\",\"@id\":\"https:\/\/mariacaudevilla.com\/#website\",\"url\":\"https:\/\/mariacaudevilla.com\/\",\"name\":\"Maria Caudevilla\",\"description\":\"\",\"potentialAction\":[{\"@type\":\"SearchAction\",\"target\":{\"@type\":\"EntryPoint\",\"urlTemplate\":\"https:\/\/mariacaudevilla.com\/?s={search_term_string}\"},\"query-input\":\"required name=search_term_string\"}],\"inLanguage\":\"en-US\"}]}<\/script>\n<!-- \/ Yoast SEO plugin. -->","yoast_head_json":{"title":"NUEVOS TERRITORIOS EN LA ESCENA - Maria Caudevilla","robots":{"index":"index","follow":"follow","max-snippet":"max-snippet:-1","max-image-preview":"max-image-preview:large","max-video-preview":"max-video-preview:-1"},"canonical":"https:\/\/mariacaudevilla.com\/en\/nuevos-territorios-en-la-escena\/","og_locale":"en_US","og_type":"article","og_title":"NUEVOS TERRITORIOS EN LA ESCENA - Maria Caudevilla","og_description":"NUEVOS TERRITORIOS EN LA ESCENA Tapa blanda, 21 x14, 316 p\u00e1ginas, ISBN: 978-84-18119-80-4 Este volumen, el cuarto de la serie Circuitos teatrales del siglo XXI, nace de la corriente de las humanidades digitales y en \u00e9l analizamos, desde una perspectiva global, el impacto de la revoluci\u00f3n tecnol\u00f3gica y del marco social en el hecho teatral [&hellip;]","og_url":"https:\/\/mariacaudevilla.com\/en\/nuevos-territorios-en-la-escena\/","og_site_name":"Maria Caudevilla","article_modified_time":"2024-07-17T14:58:29+00:00","og_image":[{"url":"https:\/\/mariacaudevilla.com\/wp-content\/uploads\/2023\/07\/46_Nuevos-territorios-en-la-escena_portada_contraportada-1024x769.jpg"}],"twitter_card":"summary_large_image","twitter_misc":{"Est. reading time":"2 minutes"},"schema":{"@context":"https:\/\/schema.org","@graph":[{"@type":"WebPage","@id":"https:\/\/mariacaudevilla.com\/nuevos-territorios-en-la-escena\/","url":"https:\/\/mariacaudevilla.com\/nuevos-territorios-en-la-escena\/","name":"NUEVOS TERRITORIOS EN LA ESCENA - Maria Caudevilla","isPartOf":{"@id":"https:\/\/mariacaudevilla.com\/#website"},"datePublished":"2023-07-21T10:11:25+00:00","dateModified":"2024-07-17T14:58:29+00:00","breadcrumb":{"@id":"https:\/\/mariacaudevilla.com\/nuevos-territorios-en-la-escena\/#breadcrumb"},"inLanguage":"en-US","potentialAction":[{"@type":"ReadAction","target":["https:\/\/mariacaudevilla.com\/nuevos-territorios-en-la-escena\/"]}]},{"@type":"BreadcrumbList","@id":"https:\/\/mariacaudevilla.com\/nuevos-territorios-en-la-escena\/#breadcrumb","itemListElement":[{"@type":"ListItem","position":1,"name":"Portada","item":"https:\/\/mariacaudevilla.com\/"},{"@type":"ListItem","position":2,"name":"NUEVOS TERRITORIOS EN LA ESCENA"}]},{"@type":"WebSite","@id":"https:\/\/mariacaudevilla.com\/#website","url":"https:\/\/mariacaudevilla.com\/","name":"Maria Caudevilla","description":"","potentialAction":[{"@type":"SearchAction","target":{"@type":"EntryPoint","urlTemplate":"https:\/\/mariacaudevilla.com\/?s={search_term_string}"},"query-input":"required name=search_term_string"}],"inLanguage":"en-US"}]}},"_links":{"self":[{"href":"https:\/\/mariacaudevilla.com\/en\/wp-json\/wp\/v2\/pages\/850"}],"collection":[{"href":"https:\/\/mariacaudevilla.com\/en\/wp-json\/wp\/v2\/pages"}],"about":[{"href":"https:\/\/mariacaudevilla.com\/en\/wp-json\/wp\/v2\/types\/page"}],"author":[{"embeddable":true,"href":"https:\/\/mariacaudevilla.com\/en\/wp-json\/wp\/v2\/users\/2"}],"replies":[{"embeddable":true,"href":"https:\/\/mariacaudevilla.com\/en\/wp-json\/wp\/v2\/comments?post=850"}],"version-history":[{"count":3,"href":"https:\/\/mariacaudevilla.com\/en\/wp-json\/wp\/v2\/pages\/850\/revisions"}],"predecessor-version":[{"id":968,"href":"https:\/\/mariacaudevilla.com\/en\/wp-json\/wp\/v2\/pages\/850\/revisions\/968"}],"wp:attachment":[{"href":"https:\/\/mariacaudevilla.com\/en\/wp-json\/wp\/v2\/media?parent=850"}],"curies":[{"name":"wp","href":"https:\/\/api.w.org\/{rel}","templated":true}]}}