{"id":844,"date":"2023-07-21T09:54:33","date_gmt":"2023-07-21T09:54:33","guid":{"rendered":"https:\/\/mariacaudevilla.com\/?page_id=844"},"modified":"2023-07-21T10:21:56","modified_gmt":"2023-07-21T10:21:56","slug":"espiar-a-los-arboles-no6","status":"publish","type":"page","link":"https:\/\/mariacaudevilla.com\/en\/espiar-a-los-arboles-no6\/","title":{"rendered":"SPY ON TREES N\u00ba6"},"content":{"rendered":"<div class=\"wp-block-image\"><figure class=\"aligncenter size-large\"><img loading=\"lazy\" decoding=\"async\" width=\"1024\" height=\"1024\" src=\"https:\/\/mariacaudevilla.com\/wp-content\/uploads\/2023\/07\/Imagen-Espiar-a-los-a\u0301rboles-n\u00ba-6-1024x1024.png\" alt=\"\" class=\"wp-image-857\" srcset=\"https:\/\/mariacaudevilla.com\/wp-content\/uploads\/2023\/07\/Imagen-Espiar-a-los-a\u0301rboles-n\u00ba-6.png 1024w, https:\/\/mariacaudevilla.com\/wp-content\/uploads\/2023\/07\/Imagen-Espiar-a-los-a\u0301rboles-n\u00ba-6-300x300.png 300w, https:\/\/mariacaudevilla.com\/wp-content\/uploads\/2023\/07\/Imagen-Espiar-a-los-a\u0301rboles-n\u00ba-6-150x150.png 150w, https:\/\/mariacaudevilla.com\/wp-content\/uploads\/2023\/07\/Imagen-Espiar-a-los-a\u0301rboles-n\u00ba-6-768x768.png 768w\" sizes=\"(max-width: 1024px) 100vw, 1024px\" \/><\/figure><\/div>\n\n\n\n<p>Spy on trees n\u00ba6<br>Teatro Espa\u00f1ol<\/p>\n\n\n\n<p>Legal Deposit:&nbsp;<strong>M-25804-2020<\/strong><\/p>\n\n\n\n<hr class=\"wp-block-separator\"\/>\n\n\n\n<p>The legacy of the pilgrims of the matter was my contribution after the address of the Phenomenology of the gossip in the cycle of readings Italian.<\/p>\n\n\n\n<hr class=\"wp-block-separator\"\/>\n\n\n\n<div class=\"wp-block-buttons aligncenter is-layout-flex wp-block-buttons-is-layout-flex\">\n<div class=\"wp-block-button\"><a class=\"wp-block-button__link\" href=\"http:\/\/www.mariacaudevilla.com\/descargas\/TE22.23_N6_REVISTA_ESPIAR_Paginas_Version web_numero_6_mayo_2023.pdf\">download<\/a><\/div>\n<\/div>\n\n\n\n<div class=\"wp-block-buttons aligncenter is-layout-flex wp-block-buttons-is-layout-flex\"><\/div>\n\n\n\n<p><\/p>","protected":false},"excerpt":{"rendered":"<p>Espiar a los \u00e1rboles n\u00ba6Teatro Espa\u00f1ol Dep\u00f3sito Legal:&nbsp;M-25804-2020 La herencia de los peregrinos de la materia fue mi aportaci\u00f3n tras la direcci\u00f3n de Fenomenolog\u00eda de la chismosa en el ciclo de lecturas italianas.<\/p>","protected":false},"author":2,"featured_media":0,"parent":0,"menu_order":0,"comment_status":"closed","ping_status":"closed","template":"templates\/template-cover.php","meta":{"footnotes":""},"yoast_head":"<!-- This site is optimized with the Yoast SEO plugin v21.7 - https:\/\/yoast.com\/wordpress\/plugins\/seo\/ -->\n<title>ESPIAR A LOS \u00c1RBOLES N\u00ba6 - Maria Caudevilla<\/title>\n<meta name=\"robots\" content=\"index, follow, max-snippet:-1, max-image-preview:large, max-video-preview:-1\" \/>\n<link rel=\"canonical\" href=\"https:\/\/mariacaudevilla.com\/en\/espiar-a-los-arboles-no6\/\" \/>\n<meta property=\"og:locale\" content=\"en_US\" \/>\n<meta property=\"og:type\" content=\"article\" \/>\n<meta property=\"og:title\" content=\"ESPIAR A LOS \u00c1RBOLES N\u00ba6 - Maria Caudevilla\" \/>\n<meta property=\"og:description\" content=\"Espiar a los \u00e1rboles n\u00ba6Teatro Espa\u00f1ol Dep\u00f3sito Legal:&nbsp;M-25804-2020 La herencia de los peregrinos de la materia fue mi aportaci\u00f3n tras la direcci\u00f3n de Fenomenolog\u00eda de la chismosa en el ciclo de lecturas italianas.\" \/>\n<meta property=\"og:url\" content=\"https:\/\/mariacaudevilla.com\/en\/espiar-a-los-arboles-no6\/\" \/>\n<meta property=\"og:site_name\" content=\"Maria Caudevilla\" \/>\n<meta property=\"article:modified_time\" content=\"2023-07-21T10:21:56+00:00\" \/>\n<meta name=\"twitter:card\" content=\"summary_large_image\" \/>\n<script type=\"application\/ld+json\" class=\"yoast-schema-graph\">{\"@context\":\"https:\/\/schema.org\",\"@graph\":[{\"@type\":\"WebPage\",\"@id\":\"https:\/\/mariacaudevilla.com\/espiar-a-los-arboles-no6\/\",\"url\":\"https:\/\/mariacaudevilla.com\/espiar-a-los-arboles-no6\/\",\"name\":\"ESPIAR A LOS \u00c1RBOLES N\u00ba6 - Maria Caudevilla\",\"isPartOf\":{\"@id\":\"https:\/\/mariacaudevilla.com\/#website\"},\"datePublished\":\"2023-07-21T09:54:33+00:00\",\"dateModified\":\"2023-07-21T10:21:56+00:00\",\"breadcrumb\":{\"@id\":\"https:\/\/mariacaudevilla.com\/espiar-a-los-arboles-no6\/#breadcrumb\"},\"inLanguage\":\"en-US\",\"potentialAction\":[{\"@type\":\"ReadAction\",\"target\":[\"https:\/\/mariacaudevilla.com\/espiar-a-los-arboles-no6\/\"]}]},{\"@type\":\"BreadcrumbList\",\"@id\":\"https:\/\/mariacaudevilla.com\/espiar-a-los-arboles-no6\/#breadcrumb\",\"itemListElement\":[{\"@type\":\"ListItem\",\"position\":1,\"name\":\"Portada\",\"item\":\"https:\/\/mariacaudevilla.com\/\"},{\"@type\":\"ListItem\",\"position\":2,\"name\":\"ESPIAR A LOS \u00c1RBOLES N\u00ba6\"}]},{\"@type\":\"WebSite\",\"@id\":\"https:\/\/mariacaudevilla.com\/#website\",\"url\":\"https:\/\/mariacaudevilla.com\/\",\"name\":\"Maria Caudevilla\",\"description\":\"\",\"potentialAction\":[{\"@type\":\"SearchAction\",\"target\":{\"@type\":\"EntryPoint\",\"urlTemplate\":\"https:\/\/mariacaudevilla.com\/?s={search_term_string}\"},\"query-input\":\"required name=search_term_string\"}],\"inLanguage\":\"en-US\"}]}<\/script>\n<!-- \/ Yoast SEO plugin. -->","yoast_head_json":{"title":"ESPIAR A LOS \u00c1RBOLES N\u00ba6 - Maria Caudevilla","robots":{"index":"index","follow":"follow","max-snippet":"max-snippet:-1","max-image-preview":"max-image-preview:large","max-video-preview":"max-video-preview:-1"},"canonical":"https:\/\/mariacaudevilla.com\/en\/espiar-a-los-arboles-no6\/","og_locale":"en_US","og_type":"article","og_title":"ESPIAR A LOS \u00c1RBOLES N\u00ba6 - Maria Caudevilla","og_description":"Espiar a los \u00e1rboles n\u00ba6Teatro Espa\u00f1ol Dep\u00f3sito Legal:&nbsp;M-25804-2020 La herencia de los peregrinos de la materia fue mi aportaci\u00f3n tras la direcci\u00f3n de Fenomenolog\u00eda de la chismosa en el ciclo de lecturas italianas.","og_url":"https:\/\/mariacaudevilla.com\/en\/espiar-a-los-arboles-no6\/","og_site_name":"Maria Caudevilla","article_modified_time":"2023-07-21T10:21:56+00:00","twitter_card":"summary_large_image","schema":{"@context":"https:\/\/schema.org","@graph":[{"@type":"WebPage","@id":"https:\/\/mariacaudevilla.com\/espiar-a-los-arboles-no6\/","url":"https:\/\/mariacaudevilla.com\/espiar-a-los-arboles-no6\/","name":"ESPIAR A LOS \u00c1RBOLES N\u00ba6 - Maria Caudevilla","isPartOf":{"@id":"https:\/\/mariacaudevilla.com\/#website"},"datePublished":"2023-07-21T09:54:33+00:00","dateModified":"2023-07-21T10:21:56+00:00","breadcrumb":{"@id":"https:\/\/mariacaudevilla.com\/espiar-a-los-arboles-no6\/#breadcrumb"},"inLanguage":"en-US","potentialAction":[{"@type":"ReadAction","target":["https:\/\/mariacaudevilla.com\/espiar-a-los-arboles-no6\/"]}]},{"@type":"BreadcrumbList","@id":"https:\/\/mariacaudevilla.com\/espiar-a-los-arboles-no6\/#breadcrumb","itemListElement":[{"@type":"ListItem","position":1,"name":"Portada","item":"https:\/\/mariacaudevilla.com\/"},{"@type":"ListItem","position":2,"name":"ESPIAR A LOS \u00c1RBOLES N\u00ba6"}]},{"@type":"WebSite","@id":"https:\/\/mariacaudevilla.com\/#website","url":"https:\/\/mariacaudevilla.com\/","name":"Maria Caudevilla","description":"","potentialAction":[{"@type":"SearchAction","target":{"@type":"EntryPoint","urlTemplate":"https:\/\/mariacaudevilla.com\/?s={search_term_string}"},"query-input":"required name=search_term_string"}],"inLanguage":"en-US"}]}},"_links":{"self":[{"href":"https:\/\/mariacaudevilla.com\/en\/wp-json\/wp\/v2\/pages\/844"}],"collection":[{"href":"https:\/\/mariacaudevilla.com\/en\/wp-json\/wp\/v2\/pages"}],"about":[{"href":"https:\/\/mariacaudevilla.com\/en\/wp-json\/wp\/v2\/types\/page"}],"author":[{"embeddable":true,"href":"https:\/\/mariacaudevilla.com\/en\/wp-json\/wp\/v2\/users\/2"}],"replies":[{"embeddable":true,"href":"https:\/\/mariacaudevilla.com\/en\/wp-json\/wp\/v2\/comments?post=844"}],"version-history":[{"count":2,"href":"https:\/\/mariacaudevilla.com\/en\/wp-json\/wp\/v2\/pages\/844\/revisions"}],"predecessor-version":[{"id":858,"href":"https:\/\/mariacaudevilla.com\/en\/wp-json\/wp\/v2\/pages\/844\/revisions\/858"}],"wp:attachment":[{"href":"https:\/\/mariacaudevilla.com\/en\/wp-json\/wp\/v2\/media?parent=844"}],"curies":[{"name":"wp","href":"https:\/\/api.w.org\/{rel}","templated":true}]}}