{"id":796,"date":"2022-11-24T20:33:59","date_gmt":"2022-11-24T20:33:59","guid":{"rendered":"https:\/\/mariacaudevilla.com\/?page_id=796"},"modified":"2023-12-17T10:46:59","modified_gmt":"2023-12-17T10:46:59","slug":"pulmones","status":"publish","type":"page","link":"https:\/\/mariacaudevilla.com\/en\/pulmones\/","title":{"rendered":"Lungs"},"content":{"rendered":"<figure class=\"wp-block-image size-large\"><img loading=\"lazy\" decoding=\"async\" width=\"723\" height=\"1024\" src=\"https:\/\/mariacaudevilla.com\/wp-content\/uploads\/2022\/11\/Poster-Pulmones-2-723x1024.jpg\" alt=\"\" class=\"wp-image-833\" srcset=\"https:\/\/mariacaudevilla.com\/wp-content\/uploads\/2022\/11\/Poster-Pulmones-2-723x1024.jpg 723w, https:\/\/mariacaudevilla.com\/wp-content\/uploads\/2022\/11\/Poster-Pulmones-2-212x300.jpg 212w, https:\/\/mariacaudevilla.com\/wp-content\/uploads\/2022\/11\/Poster-Pulmones-2.jpg 750w\" sizes=\"(max-width: 723px) 100vw, 723px\" \/><\/figure>\n\n\n\n<hr class=\"wp-block-separator has-css-opacity\"\/>\n\n\n\n<p>Before the confinement could be part of the creative process&nbsp;<em>Lungs (Lungs),&nbsp;<\/em>drama of a couple that is destabilized when considering the environmental impact that entails bringing a child into the world<em>.&nbsp;<\/em>Translate and assist in the direction of this assembly I came back to the world of Duncan Macmillan, your mood and discouragement in the face of the climate crisis.&nbsp;<\/p>\n\n\n\n<hr class=\"wp-block-separator has-css-opacity\"\/>\n\n\n\n<figure class=\"wp-block-gallery has-nested-images columns-default is-cropped wp-block-gallery-1 is-layout-flex wp-block-gallery-is-layout-flex\">\n<figure class=\"wp-block-image size-large\"><img loading=\"lazy\" decoding=\"async\" width=\"1024\" height=\"683\" data-id=\"828\" src=\"https:\/\/mariacaudevilla.com\/wp-content\/uploads\/2022\/11\/Fondo-1-1024x683.jpg\" alt=\"\" class=\"wp-image-828\" srcset=\"https:\/\/mariacaudevilla.com\/wp-content\/uploads\/2022\/11\/Fondo-1-1024x683.jpg 1024w, https:\/\/mariacaudevilla.com\/wp-content\/uploads\/2022\/11\/Fondo-1-300x200.jpg 300w, https:\/\/mariacaudevilla.com\/wp-content\/uploads\/2022\/11\/Fondo-1-768x512.jpg 768w, https:\/\/mariacaudevilla.com\/wp-content\/uploads\/2022\/11\/Fondo-1-1536x1024.jpg 1536w, https:\/\/mariacaudevilla.com\/wp-content\/uploads\/2022\/11\/Fondo-1-2048x1365.jpg 2048w, https:\/\/mariacaudevilla.com\/wp-content\/uploads\/2022\/11\/Fondo-1-1200x800.jpg 1200w, https:\/\/mariacaudevilla.com\/wp-content\/uploads\/2022\/11\/Fondo-1-1980x1320.jpg 1980w\" sizes=\"(max-width: 1024px) 100vw, 1024px\" \/><\/figure>\n\n\n\n<figure class=\"wp-block-image size-large\"><img loading=\"lazy\" decoding=\"async\" width=\"1024\" height=\"683\" data-id=\"830\" src=\"https:\/\/mariacaudevilla.com\/wp-content\/uploads\/2022\/11\/Pulmones-1-1-1024x683.jpg\" alt=\"\" class=\"wp-image-830\" srcset=\"https:\/\/mariacaudevilla.com\/wp-content\/uploads\/2022\/11\/Pulmones-1-1-1024x683.jpg 1024w, https:\/\/mariacaudevilla.com\/wp-content\/uploads\/2022\/11\/Pulmones-1-1-300x200.jpg 300w, https:\/\/mariacaudevilla.com\/wp-content\/uploads\/2022\/11\/Pulmones-1-1-768x512.jpg 768w, https:\/\/mariacaudevilla.com\/wp-content\/uploads\/2022\/11\/Pulmones-1-1-1536x1024.jpg 1536w, https:\/\/mariacaudevilla.com\/wp-content\/uploads\/2022\/11\/Pulmones-1-1-2048x1365.jpg 2048w, https:\/\/mariacaudevilla.com\/wp-content\/uploads\/2022\/11\/Pulmones-1-1-1200x800.jpg 1200w, https:\/\/mariacaudevilla.com\/wp-content\/uploads\/2022\/11\/Pulmones-1-1-1980x1320.jpg 1980w\" sizes=\"(max-width: 1024px) 100vw, 1024px\" \/><\/figure>\n\n\n\n<figure class=\"wp-block-image size-large\"><img loading=\"lazy\" decoding=\"async\" width=\"1024\" height=\"683\" data-id=\"831\" src=\"https:\/\/mariacaudevilla.com\/wp-content\/uploads\/2022\/11\/Pulmones-2-2-1024x683.jpg\" alt=\"\" class=\"wp-image-831\" srcset=\"https:\/\/mariacaudevilla.com\/wp-content\/uploads\/2022\/11\/Pulmones-2-2-1024x683.jpg 1024w, https:\/\/mariacaudevilla.com\/wp-content\/uploads\/2022\/11\/Pulmones-2-2-300x200.jpg 300w, https:\/\/mariacaudevilla.com\/wp-content\/uploads\/2022\/11\/Pulmones-2-2-768x512.jpg 768w, https:\/\/mariacaudevilla.com\/wp-content\/uploads\/2022\/11\/Pulmones-2-2-1536x1024.jpg 1536w, https:\/\/mariacaudevilla.com\/wp-content\/uploads\/2022\/11\/Pulmones-2-2-2048x1365.jpg 2048w, https:\/\/mariacaudevilla.com\/wp-content\/uploads\/2022\/11\/Pulmones-2-2-1200x800.jpg 1200w, https:\/\/mariacaudevilla.com\/wp-content\/uploads\/2022\/11\/Pulmones-2-2-1980x1320.jpg 1980w\" sizes=\"(max-width: 1024px) 100vw, 1024px\" \/><\/figure>\n\n\n<div class=\"wp-block-image\">\n<figure class=\"aligncenter size-large\"><img loading=\"lazy\" decoding=\"async\" width=\"1024\" height=\"683\" data-id=\"832\" src=\"https:\/\/mariacaudevilla.com\/wp-content\/uploads\/2022\/11\/Pulmones-3-1-1024x683.jpg\" alt=\"\" class=\"wp-image-832\" srcset=\"https:\/\/mariacaudevilla.com\/wp-content\/uploads\/2022\/11\/Pulmones-3-1-1024x683.jpg 1024w, https:\/\/mariacaudevilla.com\/wp-content\/uploads\/2022\/11\/Pulmones-3-1-300x200.jpg 300w, https:\/\/mariacaudevilla.com\/wp-content\/uploads\/2022\/11\/Pulmones-3-1-768x512.jpg 768w, https:\/\/mariacaudevilla.com\/wp-content\/uploads\/2022\/11\/Pulmones-3-1-1536x1024.jpg 1536w, https:\/\/mariacaudevilla.com\/wp-content\/uploads\/2022\/11\/Pulmones-3-1-2048x1365.jpg 2048w, https:\/\/mariacaudevilla.com\/wp-content\/uploads\/2022\/11\/Pulmones-3-1-1200x800.jpg 1200w, https:\/\/mariacaudevilla.com\/wp-content\/uploads\/2022\/11\/Pulmones-3-1-1980x1320.jpg 1980w\" sizes=\"(max-width: 1024px) 100vw, 1024px\" \/><\/figure><\/div><\/figure>\n\n\n\n<hr class=\"wp-block-separator has-css-opacity\"\/>\n\n\n\n<div class=\"wp-block-buttons is-content-justification-center is-layout-flex wp-container-core-buttons-layout-1 wp-block-buttons-is-layout-flex\">\n<div class=\"wp-block-button\"><a class=\"wp-block-button__link wp-element-button\" href=\"https:\/\/www.youtube.com\/watch?v=ApISDfWXV90\">VIEW VIDEO<\/a><\/div>\n<\/div>\n\n\n\n<div class=\"wp-block-buttons is-content-justification-center is-layout-flex wp-container-core-buttons-layout-2 wp-block-buttons-is-layout-flex\"><\/div>\n\n\n\n<p><\/p>","protected":false},"excerpt":{"rendered":"<p>Antes del confinamiento pude formar parte del proceso creativo de&nbsp;Lungs (Pulmones),&nbsp;drama de una pareja que se desestabiliza al plantearse el impacto medioambiental&nbsp;que implica traer un hijo al mundo.&nbsp;Traducir y asistir en la direcci\u00f3n de este montaje&nbsp;me acerc\u00f3 de nuevo al mundo de Duncan Macmillan, a su humor y desaliento frente a la crisis clim\u00e1tica.&nbsp;<\/p>","protected":false},"author":2,"featured_media":0,"parent":0,"menu_order":0,"comment_status":"closed","ping_status":"closed","template":"templates\/template-cover.php","meta":{"footnotes":""},"yoast_head":"<!-- This site is optimized with the Yoast SEO plugin v21.7 - https:\/\/yoast.com\/wordpress\/plugins\/seo\/ -->\n<title>Pulmones - Maria Caudevilla<\/title>\n<meta name=\"robots\" content=\"index, follow, max-snippet:-1, max-image-preview:large, max-video-preview:-1\" \/>\n<link rel=\"canonical\" href=\"https:\/\/mariacaudevilla.com\/en\/pulmones\/\" \/>\n<meta property=\"og:locale\" content=\"en_US\" \/>\n<meta property=\"og:type\" content=\"article\" \/>\n<meta property=\"og:title\" content=\"Pulmones - Maria Caudevilla\" \/>\n<meta property=\"og:description\" content=\"Antes del confinamiento pude formar parte del proceso creativo de&nbsp;Lungs (Pulmones),&nbsp;drama de una pareja que se desestabiliza al plantearse el impacto medioambiental&nbsp;que implica traer un hijo al mundo.&nbsp;Traducir y asistir en la direcci\u00f3n de este montaje&nbsp;me acerc\u00f3 de nuevo al mundo de Duncan Macmillan, a su humor y desaliento frente a la crisis clim\u00e1tica.&nbsp;\" \/>\n<meta property=\"og:url\" content=\"https:\/\/mariacaudevilla.com\/en\/pulmones\/\" \/>\n<meta property=\"og:site_name\" content=\"Maria Caudevilla\" \/>\n<meta property=\"article:modified_time\" content=\"2023-12-17T10:46:59+00:00\" \/>\n<meta property=\"og:image\" content=\"https:\/\/mariacaudevilla.com\/wp-content\/uploads\/2022\/11\/Poster-Pulmones-2-723x1024.jpg\" \/>\n<meta name=\"twitter:card\" content=\"summary_large_image\" \/>\n<script type=\"application\/ld+json\" class=\"yoast-schema-graph\">{\"@context\":\"https:\/\/schema.org\",\"@graph\":[{\"@type\":\"WebPage\",\"@id\":\"https:\/\/mariacaudevilla.com\/pulmones\/\",\"url\":\"https:\/\/mariacaudevilla.com\/pulmones\/\",\"name\":\"Pulmones - Maria Caudevilla\",\"isPartOf\":{\"@id\":\"https:\/\/mariacaudevilla.com\/#website\"},\"datePublished\":\"2022-11-24T20:33:59+00:00\",\"dateModified\":\"2023-12-17T10:46:59+00:00\",\"breadcrumb\":{\"@id\":\"https:\/\/mariacaudevilla.com\/pulmones\/#breadcrumb\"},\"inLanguage\":\"en-US\",\"potentialAction\":[{\"@type\":\"ReadAction\",\"target\":[\"https:\/\/mariacaudevilla.com\/pulmones\/\"]}]},{\"@type\":\"BreadcrumbList\",\"@id\":\"https:\/\/mariacaudevilla.com\/pulmones\/#breadcrumb\",\"itemListElement\":[{\"@type\":\"ListItem\",\"position\":1,\"name\":\"Portada\",\"item\":\"https:\/\/mariacaudevilla.com\/\"},{\"@type\":\"ListItem\",\"position\":2,\"name\":\"Pulmones\"}]},{\"@type\":\"WebSite\",\"@id\":\"https:\/\/mariacaudevilla.com\/#website\",\"url\":\"https:\/\/mariacaudevilla.com\/\",\"name\":\"Maria Caudevilla\",\"description\":\"\",\"potentialAction\":[{\"@type\":\"SearchAction\",\"target\":{\"@type\":\"EntryPoint\",\"urlTemplate\":\"https:\/\/mariacaudevilla.com\/?s={search_term_string}\"},\"query-input\":\"required name=search_term_string\"}],\"inLanguage\":\"en-US\"}]}<\/script>\n<!-- \/ Yoast SEO plugin. -->","yoast_head_json":{"title":"Pulmones - Maria Caudevilla","robots":{"index":"index","follow":"follow","max-snippet":"max-snippet:-1","max-image-preview":"max-image-preview:large","max-video-preview":"max-video-preview:-1"},"canonical":"https:\/\/mariacaudevilla.com\/en\/pulmones\/","og_locale":"en_US","og_type":"article","og_title":"Pulmones - Maria Caudevilla","og_description":"Antes del confinamiento pude formar parte del proceso creativo de&nbsp;Lungs (Pulmones),&nbsp;drama de una pareja que se desestabiliza al plantearse el impacto medioambiental&nbsp;que implica traer un hijo al mundo.&nbsp;Traducir y asistir en la direcci\u00f3n de este montaje&nbsp;me acerc\u00f3 de nuevo al mundo de Duncan Macmillan, a su humor y desaliento frente a la crisis clim\u00e1tica.&nbsp;","og_url":"https:\/\/mariacaudevilla.com\/en\/pulmones\/","og_site_name":"Maria Caudevilla","article_modified_time":"2023-12-17T10:46:59+00:00","og_image":[{"url":"https:\/\/mariacaudevilla.com\/wp-content\/uploads\/2022\/11\/Poster-Pulmones-2-723x1024.jpg"}],"twitter_card":"summary_large_image","schema":{"@context":"https:\/\/schema.org","@graph":[{"@type":"WebPage","@id":"https:\/\/mariacaudevilla.com\/pulmones\/","url":"https:\/\/mariacaudevilla.com\/pulmones\/","name":"Pulmones - Maria Caudevilla","isPartOf":{"@id":"https:\/\/mariacaudevilla.com\/#website"},"datePublished":"2022-11-24T20:33:59+00:00","dateModified":"2023-12-17T10:46:59+00:00","breadcrumb":{"@id":"https:\/\/mariacaudevilla.com\/pulmones\/#breadcrumb"},"inLanguage":"en-US","potentialAction":[{"@type":"ReadAction","target":["https:\/\/mariacaudevilla.com\/pulmones\/"]}]},{"@type":"BreadcrumbList","@id":"https:\/\/mariacaudevilla.com\/pulmones\/#breadcrumb","itemListElement":[{"@type":"ListItem","position":1,"name":"Portada","item":"https:\/\/mariacaudevilla.com\/"},{"@type":"ListItem","position":2,"name":"Pulmones"}]},{"@type":"WebSite","@id":"https:\/\/mariacaudevilla.com\/#website","url":"https:\/\/mariacaudevilla.com\/","name":"Maria Caudevilla","description":"","potentialAction":[{"@type":"SearchAction","target":{"@type":"EntryPoint","urlTemplate":"https:\/\/mariacaudevilla.com\/?s={search_term_string}"},"query-input":"required name=search_term_string"}],"inLanguage":"en-US"}]}},"_links":{"self":[{"href":"https:\/\/mariacaudevilla.com\/en\/wp-json\/wp\/v2\/pages\/796"}],"collection":[{"href":"https:\/\/mariacaudevilla.com\/en\/wp-json\/wp\/v2\/pages"}],"about":[{"href":"https:\/\/mariacaudevilla.com\/en\/wp-json\/wp\/v2\/types\/page"}],"author":[{"embeddable":true,"href":"https:\/\/mariacaudevilla.com\/en\/wp-json\/wp\/v2\/users\/2"}],"replies":[{"embeddable":true,"href":"https:\/\/mariacaudevilla.com\/en\/wp-json\/wp\/v2\/comments?post=796"}],"version-history":[{"count":4,"href":"https:\/\/mariacaudevilla.com\/en\/wp-json\/wp\/v2\/pages\/796\/revisions"}],"predecessor-version":[{"id":916,"href":"https:\/\/mariacaudevilla.com\/en\/wp-json\/wp\/v2\/pages\/796\/revisions\/916"}],"wp:attachment":[{"href":"https:\/\/mariacaudevilla.com\/en\/wp-json\/wp\/v2\/media?parent=796"}],"curies":[{"name":"wp","href":"https:\/\/api.w.org\/{rel}","templated":true}]}}