{"id":791,"date":"2022-11-24T20:31:19","date_gmt":"2022-11-24T20:31:19","guid":{"rendered":"https:\/\/mariacaudevilla.com\/?page_id=791"},"modified":"2022-11-26T11:48:02","modified_gmt":"2022-11-26T11:48:02","slug":"dramawalker-lavapies","status":"publish","type":"page","link":"https:\/\/mariacaudevilla.com\/en\/dramawalker-lavapies\/","title":{"rendered":"Dramawalker Lavapi\u00e9s"},"content":{"rendered":"<div class=\"wp-block-image\"><figure class=\"aligncenter size-large\"><img loading=\"lazy\" decoding=\"async\" width=\"1024\" height=\"768\" src=\"https:\/\/mariacaudevilla.com\/wp-content\/uploads\/2022\/11\/Dramawalker-Lavapi\u00e9s-1-1024x768.jpg\" alt=\"\" class=\"wp-image-820\" srcset=\"https:\/\/mariacaudevilla.com\/wp-content\/uploads\/2022\/11\/Dramawalker-Lavapi\u00e9s-1-1024x768.jpg 1024w, https:\/\/mariacaudevilla.com\/wp-content\/uploads\/2022\/11\/Dramawalker-Lavapi\u00e9s-1-300x225.jpg 300w, https:\/\/mariacaudevilla.com\/wp-content\/uploads\/2022\/11\/Dramawalker-Lavapi\u00e9s-1-768x576.jpg 768w, https:\/\/mariacaudevilla.com\/wp-content\/uploads\/2022\/11\/Dramawalker-Lavapi\u00e9s-1-1536x1152.jpg 1536w, https:\/\/mariacaudevilla.com\/wp-content\/uploads\/2022\/11\/Dramawalker-Lavapi\u00e9s-1-2048x1536.jpg 2048w, https:\/\/mariacaudevilla.com\/wp-content\/uploads\/2022\/11\/Dramawalker-Lavapi\u00e9s-1-1200x900.jpg 1200w, https:\/\/mariacaudevilla.com\/wp-content\/uploads\/2022\/11\/Dramawalker-Lavapi\u00e9s-1-1980x1485.jpg 1980w\" sizes=\"(max-width: 1024px) 100vw, 1024px\" \/><\/figure><\/div>\n\n\n\n<p>The most curious of the <em>Dramawalker Lavapi\u00e9s\u00a0<\/em>it is the impossibility of defining its borders on a map. Lavapi\u00e9s is not a neighborhood. Doesn&#039;t start and end. Part of Ambassadors, one of the six wards of the District Center of the capital madrid.<\/p>\n\n\n\n<p>The history of Lavapi\u00e9s is, therefore, the history of its people. Lavapi\u00e9s is then a neighborhood, that is to say, the condition of being a neighbour of other people. But it is not a neighborhood either. Reflection of those early days of the working class struggle and the history of feminism, Spanish, today revolts at the&nbsp;<em>turistificaci\u00f3n<\/em>&nbsp;in accepting migrants from all over the world, by defending the dignity of difference and neighborhood solidarity.<\/p>\n\n\n\n<p>The stories that are included herein exhibit the memory of its inhabitants, as usual, of those who have come to stay, from those who are reluctant to have to leave and those who dream to return one day.<\/p>\n\n\n\n<p><\/p>\n\n\n\n<hr class=\"wp-block-separator\"\/>\n\n\n\n<h3 class=\"wp-block-heading\">Cast<\/h3>\n\n\n\n<h4 class=\"wp-block-heading\">Artistic coordination<\/h4>\n\n\n\n<p>Mary Caudevilla<\/p>\n\n\n\n<h4 class=\"wp-block-heading\">Drama<\/h4>\n\n\n\n<p>Denise Despeyroux, Maria Goiricelaya, Roberto Mart\u00edn Maiztegui, Aurora Grill Camacho and Adrian Perea<\/p>\n\n\n\n<h4 class=\"wp-block-heading\">Cast<\/h4>\n\n\n\n<p>Jesus Ravine, Cristina Car, Fernando Delgado-Iron, Denise Despeyroux, Juan Echanove, Quique Fern\u00e1ndez, \u00d3scar de la Fuente, Mar\u00eda Goiricelaya Buron, Greta Manj\u00f3n, Jos\u00e9 Manj\u00f3n, Thimbo Samb and Pablo Vega.<\/p>\n\n\n\n<h4 class=\"wp-block-heading\">Sound design<\/h4>\n\n\n\n<p>Nacho Bilbao and Pilar Calvo<\/p>\n\n\n\n<h4 class=\"wp-block-heading\">Supervision sound design<\/h4>\n\n\n\n<p>Sandra Vicente<\/p>\n\n\n\n<h4 class=\"wp-block-heading\">Direct sound<\/h4>\n\n\n\n<p>Jose Plaza<\/p>\n\n\n\n<h4 class=\"wp-block-heading\">Recording studio<\/h4>\n\n\n\n<p>SANNOZ<\/p>\n\n\n\n<h4 class=\"wp-block-heading\">Recording engineer<\/h4>\n\n\n\n<p>Oscar Guzman<\/p>\n\n\n\n<h4 class=\"wp-block-heading\">Illustrations<\/h4>\n\n\n\n<p>Ana Bustelo<\/p>\n\n\n\n<h4 class=\"wp-block-heading\">Photography &amp; video<\/h4>\n\n\n\n<p>B\u00e1rbara S\u00e1nchez Palomero<\/p>\n\n\n\n<h4 class=\"wp-block-heading\">Production<\/h4>\n\n\n\n<p>Centro Dram\u00e1tico Nacional<\/p>\n\n\n\n<hr class=\"wp-block-separator\"\/>\n\n\n\n<div class=\"wp-block-buttons aligncenter is-layout-flex wp-block-buttons-is-layout-flex\">\n<div class=\"wp-block-button\"><a class=\"wp-block-button__link\" href=\"https:\/\/dramatico.mcu.es\/evento\/dramawalker-lavapies\/\">LINK<\/a><\/div>\n<\/div>\n\n\n\n<div class=\"wp-block-buttons aligncenter is-layout-flex wp-block-buttons-is-layout-flex\"><\/div>\n\n\n\n<p><\/p>","protected":false},"excerpt":{"rendered":"<p>Lo m\u00e1s curioso del Dramawalker\u00a0Lavapi\u00e9s\u00a0es la imposibilidad de delimitar sus fronteras en un mapa. Lavapi\u00e9s no es un barrio. No empieza ni termina. Forma parte de Embajadores, uno de los seis barrios del Distrito Centro de la capital madrile\u00f1a. La historia de Lavapi\u00e9s es pues la historia de sus gentes. Lavapi\u00e9s es entonces un vecindario, [&hellip;]<\/p>","protected":false},"author":2,"featured_media":0,"parent":0,"menu_order":0,"comment_status":"closed","ping_status":"closed","template":"templates\/template-cover.php","meta":{"footnotes":""},"yoast_head":"<!-- This site is optimized with the Yoast SEO plugin v21.7 - https:\/\/yoast.com\/wordpress\/plugins\/seo\/ -->\n<title>Dramawalker Lavapi\u00e9s - Maria Caudevilla<\/title>\n<meta name=\"robots\" content=\"index, follow, max-snippet:-1, max-image-preview:large, max-video-preview:-1\" \/>\n<link rel=\"canonical\" href=\"https:\/\/mariacaudevilla.com\/en\/dramawalker-lavapies\/\" \/>\n<meta property=\"og:locale\" content=\"en_US\" \/>\n<meta property=\"og:type\" content=\"article\" \/>\n<meta property=\"og:title\" content=\"Dramawalker Lavapi\u00e9s - Maria Caudevilla\" \/>\n<meta property=\"og:description\" content=\"Lo m\u00e1s curioso del Dramawalker\u00a0Lavapi\u00e9s\u00a0es la imposibilidad de delimitar sus fronteras en un mapa. Lavapi\u00e9s no es un barrio. No empieza ni termina. Forma parte de Embajadores, uno de los seis barrios del Distrito Centro de la capital madrile\u00f1a. La historia de Lavapi\u00e9s es pues la historia de sus gentes. Lavapi\u00e9s es entonces un vecindario, [&hellip;]\" \/>\n<meta property=\"og:url\" content=\"https:\/\/mariacaudevilla.com\/en\/dramawalker-lavapies\/\" \/>\n<meta property=\"og:site_name\" content=\"Maria Caudevilla\" \/>\n<meta property=\"article:modified_time\" content=\"2022-11-26T11:48:02+00:00\" \/>\n<meta name=\"twitter:card\" content=\"summary_large_image\" \/>\n<meta name=\"twitter:label1\" content=\"Est. reading time\" \/>\n\t<meta name=\"twitter:data1\" content=\"1 minute\" \/>\n<script type=\"application\/ld+json\" class=\"yoast-schema-graph\">{\"@context\":\"https:\/\/schema.org\",\"@graph\":[{\"@type\":\"WebPage\",\"@id\":\"https:\/\/mariacaudevilla.com\/dramawalker-lavapies\/\",\"url\":\"https:\/\/mariacaudevilla.com\/dramawalker-lavapies\/\",\"name\":\"Dramawalker Lavapi\u00e9s - Maria Caudevilla\",\"isPartOf\":{\"@id\":\"https:\/\/mariacaudevilla.com\/#website\"},\"datePublished\":\"2022-11-24T20:31:19+00:00\",\"dateModified\":\"2022-11-26T11:48:02+00:00\",\"breadcrumb\":{\"@id\":\"https:\/\/mariacaudevilla.com\/dramawalker-lavapies\/#breadcrumb\"},\"inLanguage\":\"en-US\",\"potentialAction\":[{\"@type\":\"ReadAction\",\"target\":[\"https:\/\/mariacaudevilla.com\/dramawalker-lavapies\/\"]}]},{\"@type\":\"BreadcrumbList\",\"@id\":\"https:\/\/mariacaudevilla.com\/dramawalker-lavapies\/#breadcrumb\",\"itemListElement\":[{\"@type\":\"ListItem\",\"position\":1,\"name\":\"Portada\",\"item\":\"https:\/\/mariacaudevilla.com\/\"},{\"@type\":\"ListItem\",\"position\":2,\"name\":\"Dramawalker Lavapi\u00e9s\"}]},{\"@type\":\"WebSite\",\"@id\":\"https:\/\/mariacaudevilla.com\/#website\",\"url\":\"https:\/\/mariacaudevilla.com\/\",\"name\":\"Maria Caudevilla\",\"description\":\"\",\"potentialAction\":[{\"@type\":\"SearchAction\",\"target\":{\"@type\":\"EntryPoint\",\"urlTemplate\":\"https:\/\/mariacaudevilla.com\/?s={search_term_string}\"},\"query-input\":\"required name=search_term_string\"}],\"inLanguage\":\"en-US\"}]}<\/script>\n<!-- \/ Yoast SEO plugin. -->","yoast_head_json":{"title":"Dramawalker Lavapi\u00e9s - Maria Caudevilla","robots":{"index":"index","follow":"follow","max-snippet":"max-snippet:-1","max-image-preview":"max-image-preview:large","max-video-preview":"max-video-preview:-1"},"canonical":"https:\/\/mariacaudevilla.com\/en\/dramawalker-lavapies\/","og_locale":"en_US","og_type":"article","og_title":"Dramawalker Lavapi\u00e9s - Maria Caudevilla","og_description":"Lo m\u00e1s curioso del Dramawalker\u00a0Lavapi\u00e9s\u00a0es la imposibilidad de delimitar sus fronteras en un mapa. Lavapi\u00e9s no es un barrio. No empieza ni termina. Forma parte de Embajadores, uno de los seis barrios del Distrito Centro de la capital madrile\u00f1a. La historia de Lavapi\u00e9s es pues la historia de sus gentes. Lavapi\u00e9s es entonces un vecindario, [&hellip;]","og_url":"https:\/\/mariacaudevilla.com\/en\/dramawalker-lavapies\/","og_site_name":"Maria Caudevilla","article_modified_time":"2022-11-26T11:48:02+00:00","twitter_card":"summary_large_image","twitter_misc":{"Est. reading time":"1 minute"},"schema":{"@context":"https:\/\/schema.org","@graph":[{"@type":"WebPage","@id":"https:\/\/mariacaudevilla.com\/dramawalker-lavapies\/","url":"https:\/\/mariacaudevilla.com\/dramawalker-lavapies\/","name":"Dramawalker Lavapi\u00e9s - Maria Caudevilla","isPartOf":{"@id":"https:\/\/mariacaudevilla.com\/#website"},"datePublished":"2022-11-24T20:31:19+00:00","dateModified":"2022-11-26T11:48:02+00:00","breadcrumb":{"@id":"https:\/\/mariacaudevilla.com\/dramawalker-lavapies\/#breadcrumb"},"inLanguage":"en-US","potentialAction":[{"@type":"ReadAction","target":["https:\/\/mariacaudevilla.com\/dramawalker-lavapies\/"]}]},{"@type":"BreadcrumbList","@id":"https:\/\/mariacaudevilla.com\/dramawalker-lavapies\/#breadcrumb","itemListElement":[{"@type":"ListItem","position":1,"name":"Portada","item":"https:\/\/mariacaudevilla.com\/"},{"@type":"ListItem","position":2,"name":"Dramawalker Lavapi\u00e9s"}]},{"@type":"WebSite","@id":"https:\/\/mariacaudevilla.com\/#website","url":"https:\/\/mariacaudevilla.com\/","name":"Maria Caudevilla","description":"","potentialAction":[{"@type":"SearchAction","target":{"@type":"EntryPoint","urlTemplate":"https:\/\/mariacaudevilla.com\/?s={search_term_string}"},"query-input":"required name=search_term_string"}],"inLanguage":"en-US"}]}},"_links":{"self":[{"href":"https:\/\/mariacaudevilla.com\/en\/wp-json\/wp\/v2\/pages\/791"}],"collection":[{"href":"https:\/\/mariacaudevilla.com\/en\/wp-json\/wp\/v2\/pages"}],"about":[{"href":"https:\/\/mariacaudevilla.com\/en\/wp-json\/wp\/v2\/types\/page"}],"author":[{"embeddable":true,"href":"https:\/\/mariacaudevilla.com\/en\/wp-json\/wp\/v2\/users\/2"}],"replies":[{"embeddable":true,"href":"https:\/\/mariacaudevilla.com\/en\/wp-json\/wp\/v2\/comments?post=791"}],"version-history":[{"count":3,"href":"https:\/\/mariacaudevilla.com\/en\/wp-json\/wp\/v2\/pages\/791\/revisions"}],"predecessor-version":[{"id":821,"href":"https:\/\/mariacaudevilla.com\/en\/wp-json\/wp\/v2\/pages\/791\/revisions\/821"}],"wp:attachment":[{"href":"https:\/\/mariacaudevilla.com\/en\/wp-json\/wp\/v2\/media?parent=791"}],"curies":[{"name":"wp","href":"https:\/\/api.w.org\/{rel}","templated":true}]}}