{"id":773,"date":"2022-11-24T17:48:53","date_gmt":"2022-11-24T17:48:53","guid":{"rendered":"https:\/\/mariacaudevilla.com\/?page_id=773"},"modified":"2023-07-25T11:21:55","modified_gmt":"2023-07-25T11:21:55","slug":"el-nido-ajeno","status":"publish","type":"page","link":"https:\/\/mariacaudevilla.com\/en\/el-nido-ajeno\/","title":{"rendered":"Another\u2019s Nest"},"content":{"rendered":"<div class=\"wp-block-image\"><figure class=\"aligncenter size-large\"><img loading=\"lazy\" decoding=\"async\" width=\"702\" height=\"1024\" src=\"https:\/\/mariacaudevilla.com\/wp-content\/uploads\/2023\/07\/Oppi_LecturasBenavente_120x175_OK-scaled-1-702x1024.jpeg\" alt=\"\" class=\"wp-image-885\" srcset=\"https:\/\/mariacaudevilla.com\/wp-content\/uploads\/2023\/07\/Oppi_LecturasBenavente_120x175_OK-scaled-1-702x1024.jpeg 702w, https:\/\/mariacaudevilla.com\/wp-content\/uploads\/2023\/07\/Oppi_LecturasBenavente_120x175_OK-scaled-1-206x300.jpeg 206w, https:\/\/mariacaudevilla.com\/wp-content\/uploads\/2023\/07\/Oppi_LecturasBenavente_120x175_OK-scaled-1-768x1120.jpeg 768w, https:\/\/mariacaudevilla.com\/wp-content\/uploads\/2023\/07\/Oppi_LecturasBenavente_120x175_OK-scaled-1-1054x1536.jpeg 1054w, https:\/\/mariacaudevilla.com\/wp-content\/uploads\/2023\/07\/Oppi_LecturasBenavente_120x175_OK-scaled-1-1405x2048.jpeg 1405w, https:\/\/mariacaudevilla.com\/wp-content\/uploads\/2023\/07\/Oppi_LecturasBenavente_120x175_OK-scaled-1-1200x1749.jpeg 1200w, https:\/\/mariacaudevilla.com\/wp-content\/uploads\/2023\/07\/Oppi_LecturasBenavente_120x175_OK-scaled-1.jpeg 1756w\" sizes=\"(max-width: 702px) 100vw, 702px\" \/><\/figure><\/div>\n\n\n\n<p>The hundredth anniversary of the Nobel Prize in Literature was awarded in 1922 Jacinto Benavente &#034;for having continued a dignified traditions of the Spanish theater&#034;. On the occasion of the anniversary of this prestigious award, in the room, Margarita Xirgu of the Spanish Theatre, we had the opportunity to attend a series of staged readings, comprising four titles, to put value on the unknown dramaturgy of the author.&nbsp;<\/p>\n\n\n\n<p>I had the privilege of leading the first of his works,&nbsp;<em>Another\u2019s Nest<\/em>, premiered on October 6, 1894, began a new phase of modernization of the Spanish theater that extends over the first two decades of the TWENTIETH century.&nbsp;<\/p>\n\n\n\n<hr class=\"wp-block-separator\"\/>\n\n\n\n<p><strong>CAST<\/strong><br>Of Jacinto Benavente<br>Drama: Amaranta Osorio<br>Address: Mary Caudevilla<br>With Fernando Delgado-Iron,Oscar Allo, Ruben Bustamante Coke, Javi Mor\u00e1n, Karina Moscol, Cachito Noguera, Maria Ramos, Jaime SoleryKunihito Tomita<br>Design space sound: Pilar Calvo<br>Set design: Igone Teso<br>Costume design:Tania Chopping<br>Assistant costume: Laura Coastal<br>Lighting design: Pilar Velasco<br>Residence assistant director: Noelia Perez<br>Assistant director: Victor Barahona<br>A production by the Teatro Espa\u00f1ol<\/p>\n\n\n\n<p><\/p>","protected":false},"excerpt":{"rendered":"<p>Se cumplen cien a\u00f1os del Premio Nobel de Literatura que le fue otorgado en 1922 a Jacinto Benavente \u00abpor haber continuado dignamente las tradiciones del teatro espa\u00f1ol\u00bb. Con motivo del aniversario de tan prestigioso galard\u00f3n, en la sala Margarita Xirgu del Teatro Espa\u00f1ol tuvimos la ocasi\u00f3n de asistir a un ciclo de lecturas dramatizadas, compuesto [&hellip;]<\/p>","protected":false},"author":2,"featured_media":0,"parent":0,"menu_order":0,"comment_status":"closed","ping_status":"closed","template":"templates\/template-cover.php","meta":{"footnotes":""},"yoast_head":"<!-- This site is optimized with the Yoast SEO plugin v21.7 - https:\/\/yoast.com\/wordpress\/plugins\/seo\/ -->\n<title>El nido ajeno - Maria Caudevilla<\/title>\n<meta name=\"robots\" content=\"index, follow, max-snippet:-1, max-image-preview:large, max-video-preview:-1\" \/>\n<link rel=\"canonical\" href=\"https:\/\/mariacaudevilla.com\/en\/el-nido-ajeno\/\" \/>\n<meta property=\"og:locale\" content=\"en_US\" \/>\n<meta property=\"og:type\" content=\"article\" \/>\n<meta property=\"og:title\" content=\"El nido ajeno - Maria Caudevilla\" \/>\n<meta property=\"og:description\" content=\"Se cumplen cien a\u00f1os del Premio Nobel de Literatura que le fue otorgado en 1922 a Jacinto Benavente \u00abpor haber continuado dignamente las tradiciones del teatro espa\u00f1ol\u00bb. Con motivo del aniversario de tan prestigioso galard\u00f3n, en la sala Margarita Xirgu del Teatro Espa\u00f1ol tuvimos la ocasi\u00f3n de asistir a un ciclo de lecturas dramatizadas, compuesto [&hellip;]\" \/>\n<meta property=\"og:url\" content=\"https:\/\/mariacaudevilla.com\/en\/el-nido-ajeno\/\" \/>\n<meta property=\"og:site_name\" content=\"Maria Caudevilla\" \/>\n<meta property=\"article:modified_time\" content=\"2023-07-25T11:21:55+00:00\" \/>\n<meta property=\"og:image\" content=\"https:\/\/mariacaudevilla.com\/wp-content\/uploads\/2023\/07\/Oppi_LecturasBenavente_120x175_OK-scaled-1-702x1024.jpeg\" \/>\n<meta name=\"twitter:card\" content=\"summary_large_image\" \/>\n<meta name=\"twitter:label1\" content=\"Est. reading time\" \/>\n\t<meta name=\"twitter:data1\" content=\"1 minute\" \/>\n<script type=\"application\/ld+json\" class=\"yoast-schema-graph\">{\"@context\":\"https:\/\/schema.org\",\"@graph\":[{\"@type\":\"WebPage\",\"@id\":\"https:\/\/mariacaudevilla.com\/el-nido-ajeno\/\",\"url\":\"https:\/\/mariacaudevilla.com\/el-nido-ajeno\/\",\"name\":\"El nido ajeno - Maria Caudevilla\",\"isPartOf\":{\"@id\":\"https:\/\/mariacaudevilla.com\/#website\"},\"datePublished\":\"2022-11-24T17:48:53+00:00\",\"dateModified\":\"2023-07-25T11:21:55+00:00\",\"breadcrumb\":{\"@id\":\"https:\/\/mariacaudevilla.com\/el-nido-ajeno\/#breadcrumb\"},\"inLanguage\":\"en-US\",\"potentialAction\":[{\"@type\":\"ReadAction\",\"target\":[\"https:\/\/mariacaudevilla.com\/el-nido-ajeno\/\"]}]},{\"@type\":\"BreadcrumbList\",\"@id\":\"https:\/\/mariacaudevilla.com\/el-nido-ajeno\/#breadcrumb\",\"itemListElement\":[{\"@type\":\"ListItem\",\"position\":1,\"name\":\"Portada\",\"item\":\"https:\/\/mariacaudevilla.com\/\"},{\"@type\":\"ListItem\",\"position\":2,\"name\":\"El nido ajeno\"}]},{\"@type\":\"WebSite\",\"@id\":\"https:\/\/mariacaudevilla.com\/#website\",\"url\":\"https:\/\/mariacaudevilla.com\/\",\"name\":\"Maria Caudevilla\",\"description\":\"\",\"potentialAction\":[{\"@type\":\"SearchAction\",\"target\":{\"@type\":\"EntryPoint\",\"urlTemplate\":\"https:\/\/mariacaudevilla.com\/?s={search_term_string}\"},\"query-input\":\"required name=search_term_string\"}],\"inLanguage\":\"en-US\"}]}<\/script>\n<!-- \/ Yoast SEO plugin. -->","yoast_head_json":{"title":"El nido ajeno - Maria Caudevilla","robots":{"index":"index","follow":"follow","max-snippet":"max-snippet:-1","max-image-preview":"max-image-preview:large","max-video-preview":"max-video-preview:-1"},"canonical":"https:\/\/mariacaudevilla.com\/en\/el-nido-ajeno\/","og_locale":"en_US","og_type":"article","og_title":"El nido ajeno - Maria Caudevilla","og_description":"Se cumplen cien a\u00f1os del Premio Nobel de Literatura que le fue otorgado en 1922 a Jacinto Benavente \u00abpor haber continuado dignamente las tradiciones del teatro espa\u00f1ol\u00bb. Con motivo del aniversario de tan prestigioso galard\u00f3n, en la sala Margarita Xirgu del Teatro Espa\u00f1ol tuvimos la ocasi\u00f3n de asistir a un ciclo de lecturas dramatizadas, compuesto [&hellip;]","og_url":"https:\/\/mariacaudevilla.com\/en\/el-nido-ajeno\/","og_site_name":"Maria Caudevilla","article_modified_time":"2023-07-25T11:21:55+00:00","og_image":[{"url":"https:\/\/mariacaudevilla.com\/wp-content\/uploads\/2023\/07\/Oppi_LecturasBenavente_120x175_OK-scaled-1-702x1024.jpeg"}],"twitter_card":"summary_large_image","twitter_misc":{"Est. reading time":"1 minute"},"schema":{"@context":"https:\/\/schema.org","@graph":[{"@type":"WebPage","@id":"https:\/\/mariacaudevilla.com\/el-nido-ajeno\/","url":"https:\/\/mariacaudevilla.com\/el-nido-ajeno\/","name":"El nido ajeno - Maria Caudevilla","isPartOf":{"@id":"https:\/\/mariacaudevilla.com\/#website"},"datePublished":"2022-11-24T17:48:53+00:00","dateModified":"2023-07-25T11:21:55+00:00","breadcrumb":{"@id":"https:\/\/mariacaudevilla.com\/el-nido-ajeno\/#breadcrumb"},"inLanguage":"en-US","potentialAction":[{"@type":"ReadAction","target":["https:\/\/mariacaudevilla.com\/el-nido-ajeno\/"]}]},{"@type":"BreadcrumbList","@id":"https:\/\/mariacaudevilla.com\/el-nido-ajeno\/#breadcrumb","itemListElement":[{"@type":"ListItem","position":1,"name":"Portada","item":"https:\/\/mariacaudevilla.com\/"},{"@type":"ListItem","position":2,"name":"El nido ajeno"}]},{"@type":"WebSite","@id":"https:\/\/mariacaudevilla.com\/#website","url":"https:\/\/mariacaudevilla.com\/","name":"Maria Caudevilla","description":"","potentialAction":[{"@type":"SearchAction","target":{"@type":"EntryPoint","urlTemplate":"https:\/\/mariacaudevilla.com\/?s={search_term_string}"},"query-input":"required name=search_term_string"}],"inLanguage":"en-US"}]}},"_links":{"self":[{"href":"https:\/\/mariacaudevilla.com\/en\/wp-json\/wp\/v2\/pages\/773"}],"collection":[{"href":"https:\/\/mariacaudevilla.com\/en\/wp-json\/wp\/v2\/pages"}],"about":[{"href":"https:\/\/mariacaudevilla.com\/en\/wp-json\/wp\/v2\/types\/page"}],"author":[{"embeddable":true,"href":"https:\/\/mariacaudevilla.com\/en\/wp-json\/wp\/v2\/users\/2"}],"replies":[{"embeddable":true,"href":"https:\/\/mariacaudevilla.com\/en\/wp-json\/wp\/v2\/comments?post=773"}],"version-history":[{"count":7,"href":"https:\/\/mariacaudevilla.com\/en\/wp-json\/wp\/v2\/pages\/773\/revisions"}],"predecessor-version":[{"id":886,"href":"https:\/\/mariacaudevilla.com\/en\/wp-json\/wp\/v2\/pages\/773\/revisions\/886"}],"wp:attachment":[{"href":"https:\/\/mariacaudevilla.com\/en\/wp-json\/wp\/v2\/media?parent=773"}],"curies":[{"name":"wp","href":"https:\/\/api.w.org\/{rel}","templated":true}]}}