{"id":752,"date":"2022-11-12T16:52:36","date_gmt":"2022-11-12T16:52:36","guid":{"rendered":"https:\/\/mariacaudevilla.com\/?page_id=752"},"modified":"2023-07-21T09:41:30","modified_gmt":"2023-07-21T09:41:30","slug":"espiar-a-los-arboles","status":"publish","type":"page","link":"https:\/\/mariacaudevilla.com\/en\/espiar-a-los-arboles\/","title":{"rendered":"SPY ON TREES No. 5"},"content":{"rendered":"<div class=\"wp-block-image\"><figure class=\"aligncenter size-large\"><img loading=\"lazy\" decoding=\"async\" width=\"763\" height=\"543\" src=\"https:\/\/mariacaudevilla.com\/wp-content\/uploads\/2022\/11\/portada_contraportada_espiar_a_los_arboles.jpg\" alt=\"\" class=\"wp-image-767\" srcset=\"https:\/\/mariacaudevilla.com\/wp-content\/uploads\/2022\/11\/portada_contraportada_espiar_a_los_arboles.jpg 763w, https:\/\/mariacaudevilla.com\/wp-content\/uploads\/2022\/11\/portada_contraportada_espiar_a_los_arboles-300x213.jpg 300w\" sizes=\"(max-width: 763px) 100vw, 763px\" \/><\/figure><\/div>\n\n\n\n<p>Spy on trees no. 5<br>Teatro Espa\u00f1ol<\/p>\n\n\n\n<p>Legal Deposit:&nbsp;<strong>M-25804-2020<\/strong><\/p>\n\n\n\n<hr class=\"wp-block-separator\"\/>\n\n\n\n<p><strong><em>Confessions (short scene for a father and his daughter)<\/em><\/strong> it was commissioned following the direction of The nest of others to the Cycle of readings of Jacinto Benavente in the Spanish Theater<\/p>\n\n\n\n<hr class=\"wp-block-separator\"\/>\n\n\n\n<div class=\"wp-block-buttons aligncenter is-layout-flex wp-block-buttons-is-layout-flex\">\n<div class=\"wp-block-button\"><a class=\"wp-block-button__link\" href=\"http:\/\/www.mariacaudevilla.com\/descargas\/REVISTA_ESPIAR_A_LOS_ARBOLES.pdf\">download<\/a><\/div>\n<\/div>\n\n\n\n<p><\/p>","protected":false},"excerpt":{"rendered":"<p>Espiar a los \u00e1rboles n\u00ba5Teatro Espa\u00f1ol Dep\u00f3sito Legal:&nbsp;M-25804-2020 Confesiones (breve escena para un padre y su hija) fue un encargo a ra\u00edz de la direcci\u00f3n de El nido ajeno para el Ciclo de lecturas de Jacinto Benavente en el Teatro Espa\u00f1ol<\/p>","protected":false},"author":2,"featured_media":0,"parent":0,"menu_order":0,"comment_status":"closed","ping_status":"closed","template":"templates\/template-cover.php","meta":{"footnotes":""},"yoast_head":"<!-- This site is optimized with the Yoast SEO plugin v21.7 - https:\/\/yoast.com\/wordpress\/plugins\/seo\/ -->\n<title>ESPIAR A LOS \u00c1RBOLES N\u00ba5 - Maria Caudevilla<\/title>\n<meta name=\"robots\" content=\"index, follow, max-snippet:-1, max-image-preview:large, max-video-preview:-1\" \/>\n<link rel=\"canonical\" href=\"https:\/\/mariacaudevilla.com\/en\/espiar-a-los-arboles\/\" \/>\n<meta property=\"og:locale\" content=\"en_US\" \/>\n<meta property=\"og:type\" content=\"article\" \/>\n<meta property=\"og:title\" content=\"ESPIAR A LOS \u00c1RBOLES N\u00ba5 - Maria Caudevilla\" \/>\n<meta property=\"og:description\" content=\"Espiar a los \u00e1rboles n\u00ba5Teatro Espa\u00f1ol Dep\u00f3sito Legal:&nbsp;M-25804-2020 Confesiones (breve escena para un padre y su hija) fue un encargo a ra\u00edz de la direcci\u00f3n de El nido ajeno para el Ciclo de lecturas de Jacinto Benavente en el Teatro Espa\u00f1ol\" \/>\n<meta property=\"og:url\" content=\"https:\/\/mariacaudevilla.com\/en\/espiar-a-los-arboles\/\" \/>\n<meta property=\"og:site_name\" content=\"Maria Caudevilla\" \/>\n<meta property=\"article:modified_time\" content=\"2023-07-21T09:41:30+00:00\" \/>\n<meta property=\"og:image\" content=\"https:\/\/mariacaudevilla.com\/wp-content\/uploads\/2022\/11\/portada_contraportada_espiar_a_los_arboles.jpg\" \/>\n<meta name=\"twitter:card\" content=\"summary_large_image\" \/>\n<script type=\"application\/ld+json\" class=\"yoast-schema-graph\">{\"@context\":\"https:\/\/schema.org\",\"@graph\":[{\"@type\":\"WebPage\",\"@id\":\"https:\/\/mariacaudevilla.com\/espiar-a-los-arboles\/\",\"url\":\"https:\/\/mariacaudevilla.com\/espiar-a-los-arboles\/\",\"name\":\"ESPIAR A LOS \u00c1RBOLES N\u00ba5 - Maria Caudevilla\",\"isPartOf\":{\"@id\":\"https:\/\/mariacaudevilla.com\/#website\"},\"datePublished\":\"2022-11-12T16:52:36+00:00\",\"dateModified\":\"2023-07-21T09:41:30+00:00\",\"breadcrumb\":{\"@id\":\"https:\/\/mariacaudevilla.com\/espiar-a-los-arboles\/#breadcrumb\"},\"inLanguage\":\"en-US\",\"potentialAction\":[{\"@type\":\"ReadAction\",\"target\":[\"https:\/\/mariacaudevilla.com\/espiar-a-los-arboles\/\"]}]},{\"@type\":\"BreadcrumbList\",\"@id\":\"https:\/\/mariacaudevilla.com\/espiar-a-los-arboles\/#breadcrumb\",\"itemListElement\":[{\"@type\":\"ListItem\",\"position\":1,\"name\":\"Portada\",\"item\":\"https:\/\/mariacaudevilla.com\/\"},{\"@type\":\"ListItem\",\"position\":2,\"name\":\"ESPIAR A LOS \u00c1RBOLES N\u00ba5\"}]},{\"@type\":\"WebSite\",\"@id\":\"https:\/\/mariacaudevilla.com\/#website\",\"url\":\"https:\/\/mariacaudevilla.com\/\",\"name\":\"Maria Caudevilla\",\"description\":\"\",\"potentialAction\":[{\"@type\":\"SearchAction\",\"target\":{\"@type\":\"EntryPoint\",\"urlTemplate\":\"https:\/\/mariacaudevilla.com\/?s={search_term_string}\"},\"query-input\":\"required name=search_term_string\"}],\"inLanguage\":\"en-US\"}]}<\/script>\n<!-- \/ Yoast SEO plugin. -->","yoast_head_json":{"title":"ESPIAR A LOS \u00c1RBOLES N\u00ba5 - Maria Caudevilla","robots":{"index":"index","follow":"follow","max-snippet":"max-snippet:-1","max-image-preview":"max-image-preview:large","max-video-preview":"max-video-preview:-1"},"canonical":"https:\/\/mariacaudevilla.com\/en\/espiar-a-los-arboles\/","og_locale":"en_US","og_type":"article","og_title":"ESPIAR A LOS \u00c1RBOLES N\u00ba5 - Maria Caudevilla","og_description":"Espiar a los \u00e1rboles n\u00ba5Teatro Espa\u00f1ol Dep\u00f3sito Legal:&nbsp;M-25804-2020 Confesiones (breve escena para un padre y su hija) fue un encargo a ra\u00edz de la direcci\u00f3n de El nido ajeno para el Ciclo de lecturas de Jacinto Benavente en el Teatro Espa\u00f1ol","og_url":"https:\/\/mariacaudevilla.com\/en\/espiar-a-los-arboles\/","og_site_name":"Maria Caudevilla","article_modified_time":"2023-07-21T09:41:30+00:00","og_image":[{"url":"https:\/\/mariacaudevilla.com\/wp-content\/uploads\/2022\/11\/portada_contraportada_espiar_a_los_arboles.jpg"}],"twitter_card":"summary_large_image","schema":{"@context":"https:\/\/schema.org","@graph":[{"@type":"WebPage","@id":"https:\/\/mariacaudevilla.com\/espiar-a-los-arboles\/","url":"https:\/\/mariacaudevilla.com\/espiar-a-los-arboles\/","name":"ESPIAR A LOS \u00c1RBOLES N\u00ba5 - Maria Caudevilla","isPartOf":{"@id":"https:\/\/mariacaudevilla.com\/#website"},"datePublished":"2022-11-12T16:52:36+00:00","dateModified":"2023-07-21T09:41:30+00:00","breadcrumb":{"@id":"https:\/\/mariacaudevilla.com\/espiar-a-los-arboles\/#breadcrumb"},"inLanguage":"en-US","potentialAction":[{"@type":"ReadAction","target":["https:\/\/mariacaudevilla.com\/espiar-a-los-arboles\/"]}]},{"@type":"BreadcrumbList","@id":"https:\/\/mariacaudevilla.com\/espiar-a-los-arboles\/#breadcrumb","itemListElement":[{"@type":"ListItem","position":1,"name":"Portada","item":"https:\/\/mariacaudevilla.com\/"},{"@type":"ListItem","position":2,"name":"ESPIAR A LOS \u00c1RBOLES N\u00ba5"}]},{"@type":"WebSite","@id":"https:\/\/mariacaudevilla.com\/#website","url":"https:\/\/mariacaudevilla.com\/","name":"Maria Caudevilla","description":"","potentialAction":[{"@type":"SearchAction","target":{"@type":"EntryPoint","urlTemplate":"https:\/\/mariacaudevilla.com\/?s={search_term_string}"},"query-input":"required name=search_term_string"}],"inLanguage":"en-US"}]}},"_links":{"self":[{"href":"https:\/\/mariacaudevilla.com\/en\/wp-json\/wp\/v2\/pages\/752"}],"collection":[{"href":"https:\/\/mariacaudevilla.com\/en\/wp-json\/wp\/v2\/pages"}],"about":[{"href":"https:\/\/mariacaudevilla.com\/en\/wp-json\/wp\/v2\/types\/page"}],"author":[{"embeddable":true,"href":"https:\/\/mariacaudevilla.com\/en\/wp-json\/wp\/v2\/users\/2"}],"replies":[{"embeddable":true,"href":"https:\/\/mariacaudevilla.com\/en\/wp-json\/wp\/v2\/comments?post=752"}],"version-history":[{"count":11,"href":"https:\/\/mariacaudevilla.com\/en\/wp-json\/wp\/v2\/pages\/752\/revisions"}],"predecessor-version":[{"id":847,"href":"https:\/\/mariacaudevilla.com\/en\/wp-json\/wp\/v2\/pages\/752\/revisions\/847"}],"wp:attachment":[{"href":"https:\/\/mariacaudevilla.com\/en\/wp-json\/wp\/v2\/media?parent=752"}],"curies":[{"name":"wp","href":"https:\/\/api.w.org\/{rel}","templated":true}]}}