{"id":659,"date":"2021-12-17T14:43:10","date_gmt":"2021-12-17T14:43:10","guid":{"rendered":"https:\/\/mariacaudevilla.com\/?page_id=659"},"modified":"2024-01-10T09:34:58","modified_gmt":"2024-01-10T09:34:58","slug":"inolvidable","status":"publish","type":"page","link":"https:\/\/mariacaudevilla.com\/en\/inolvidable\/","title":{"rendered":"Unforgettable"},"content":{"rendered":"<figure class=\"wp-block-image size-full is-resized\"><img loading=\"lazy\" decoding=\"async\" width=\"982\" height=\"2560\" src=\"https:\/\/mariacaudevilla.com\/wp-content\/uploads\/2021\/12\/cartel_inolvidable_vertical-scaled.jpg\" alt=\"\" class=\"wp-image-677\" style=\"object-fit:cover\" srcset=\"https:\/\/mariacaudevilla.com\/wp-content\/uploads\/2021\/12\/cartel_inolvidable_vertical-scaled.jpg 982w, https:\/\/mariacaudevilla.com\/wp-content\/uploads\/2021\/12\/cartel_inolvidable_vertical-115x300.jpg 115w, https:\/\/mariacaudevilla.com\/wp-content\/uploads\/2021\/12\/cartel_inolvidable_vertical-393x1024.jpg 393w, https:\/\/mariacaudevilla.com\/wp-content\/uploads\/2021\/12\/cartel_inolvidable_vertical-768x2002.jpg 768w, https:\/\/mariacaudevilla.com\/wp-content\/uploads\/2021\/12\/cartel_inolvidable_vertical-589x1536.jpg 589w, https:\/\/mariacaudevilla.com\/wp-content\/uploads\/2021\/12\/cartel_inolvidable_vertical-786x2048.jpg 786w, https:\/\/mariacaudevilla.com\/wp-content\/uploads\/2021\/12\/cartel_inolvidable_vertical-1200x3128.jpg 1200w\" sizes=\"(max-width: 982px) 100vw, 982px\" \/><\/figure>\n\n\n\n<figure class=\"wp-block-gallery has-nested-images columns-2 is-cropped wp-block-gallery-1 is-layout-flex wp-block-gallery-is-layout-flex\"><div class=\"wp-block-image\">\n<figure class=\"aligncenter size-large\"><img loading=\"lazy\" decoding=\"async\" width=\"1024\" height=\"576\" data-id=\"708\" src=\"https:\/\/mariacaudevilla.com\/wp-content\/uploads\/2021\/12\/INOLVIDABLE_cortometraje_04-1024x576.jpg\" alt=\"\" class=\"wp-image-708\" srcset=\"https:\/\/mariacaudevilla.com\/wp-content\/uploads\/2021\/12\/INOLVIDABLE_cortometraje_04-1024x576.jpg 1024w, https:\/\/mariacaudevilla.com\/wp-content\/uploads\/2021\/12\/INOLVIDABLE_cortometraje_04-300x169.jpg 300w, https:\/\/mariacaudevilla.com\/wp-content\/uploads\/2021\/12\/INOLVIDABLE_cortometraje_04-768x432.jpg 768w, https:\/\/mariacaudevilla.com\/wp-content\/uploads\/2021\/12\/INOLVIDABLE_cortometraje_04-1536x864.jpg 1536w, https:\/\/mariacaudevilla.com\/wp-content\/uploads\/2021\/12\/INOLVIDABLE_cortometraje_04-1200x675.jpg 1200w, https:\/\/mariacaudevilla.com\/wp-content\/uploads\/2021\/12\/INOLVIDABLE_cortometraje_04.jpg 1920w\" sizes=\"(max-width: 1024px) 100vw, 1024px\" \/><\/figure><\/div>\n\n\n<figure class=\"wp-block-image size-large\"><img loading=\"lazy\" decoding=\"async\" width=\"1024\" height=\"576\" data-id=\"709\" src=\"https:\/\/mariacaudevilla.com\/wp-content\/uploads\/2021\/12\/INOLVIDABLE_cortometraje_06-1024x576.jpg\" alt=\"\" class=\"wp-image-709\" srcset=\"https:\/\/mariacaudevilla.com\/wp-content\/uploads\/2021\/12\/INOLVIDABLE_cortometraje_06-1024x576.jpg 1024w, https:\/\/mariacaudevilla.com\/wp-content\/uploads\/2021\/12\/INOLVIDABLE_cortometraje_06-300x169.jpg 300w, https:\/\/mariacaudevilla.com\/wp-content\/uploads\/2021\/12\/INOLVIDABLE_cortometraje_06-768x432.jpg 768w, https:\/\/mariacaudevilla.com\/wp-content\/uploads\/2021\/12\/INOLVIDABLE_cortometraje_06-1536x864.jpg 1536w, https:\/\/mariacaudevilla.com\/wp-content\/uploads\/2021\/12\/INOLVIDABLE_cortometraje_06-1200x675.jpg 1200w, https:\/\/mariacaudevilla.com\/wp-content\/uploads\/2021\/12\/INOLVIDABLE_cortometraje_06.jpg 1920w\" sizes=\"(max-width: 1024px) 100vw, 1024px\" \/><\/figure>\n\n\n\n<figure class=\"wp-block-image size-large\"><img loading=\"lazy\" decoding=\"async\" width=\"1024\" height=\"901\" data-id=\"712\" src=\"https:\/\/mariacaudevilla.com\/wp-content\/uploads\/2021\/12\/INOLVIDABLE_cortometraje_08_r-1024x901.jpg\" alt=\"\" class=\"wp-image-712\" srcset=\"https:\/\/mariacaudevilla.com\/wp-content\/uploads\/2021\/12\/INOLVIDABLE_cortometraje_08_r-1024x901.jpg 1024w, https:\/\/mariacaudevilla.com\/wp-content\/uploads\/2021\/12\/INOLVIDABLE_cortometraje_08_r-300x264.jpg 300w, https:\/\/mariacaudevilla.com\/wp-content\/uploads\/2021\/12\/INOLVIDABLE_cortometraje_08_r-768x676.jpg 768w, https:\/\/mariacaudevilla.com\/wp-content\/uploads\/2021\/12\/INOLVIDABLE_cortometraje_08_r-1200x1056.jpg 1200w, https:\/\/mariacaudevilla.com\/wp-content\/uploads\/2021\/12\/INOLVIDABLE_cortometraje_08_r.jpg 1227w\" sizes=\"(max-width: 1024px) 100vw, 1024px\" \/><\/figure>\n\n\n\n<figure class=\"wp-block-image size-large\"><img loading=\"lazy\" decoding=\"async\" width=\"1024\" height=\"789\" data-id=\"714\" src=\"https:\/\/mariacaudevilla.com\/wp-content\/uploads\/2021\/12\/INOLVIDABLE_cortometraje_14_r-1024x789.jpg\" alt=\"\" class=\"wp-image-714\" srcset=\"https:\/\/mariacaudevilla.com\/wp-content\/uploads\/2021\/12\/INOLVIDABLE_cortometraje_14_r-1024x789.jpg 1024w, https:\/\/mariacaudevilla.com\/wp-content\/uploads\/2021\/12\/INOLVIDABLE_cortometraje_14_r-300x231.jpg 300w, https:\/\/mariacaudevilla.com\/wp-content\/uploads\/2021\/12\/INOLVIDABLE_cortometraje_14_r-768x592.jpg 768w, https:\/\/mariacaudevilla.com\/wp-content\/uploads\/2021\/12\/INOLVIDABLE_cortometraje_14_r-1200x925.jpg 1200w, https:\/\/mariacaudevilla.com\/wp-content\/uploads\/2021\/12\/INOLVIDABLE_cortometraje_14_r.jpg 1401w\" sizes=\"(max-width: 1024px) 100vw, 1024px\" \/><\/figure>\n<\/figure>\n\n\n\n<p>Sinopsis:<\/p>\n\n\n\n<p>Dos camerinos. Una actriz y un actor en el oto\u00f1o de sus vidas se preparan para salir a escena. Una historia de amor interrumpida por un golpe de estado, una dictadura y toda una vida de exilios personales. Pero, a pesar de lo ef\u00edmero del teatro y de la fr\u00e1gil condici\u00f3n humana, hay historias que nunca se olvidan. Se elevan sobre el polvo y el tiempo, inmortales como los templos que albergan su arte y su memoria.<\/p>\n\n\n\n<figure class=\"wp-block-embed is-type-video is-provider-youtube wp-block-embed-youtube wp-embed-aspect-16-9 wp-has-aspect-ratio\"><div class=\"wp-block-embed__wrapper\">\n<iframe loading=\"lazy\" title=\"INOLVIDABLE\" width=\"580\" height=\"326\" src=\"https:\/\/www.youtube.com\/embed\/UDWB8HVhfs4?feature=oembed\" frameborder=\"0\" allow=\"accelerometer; autoplay; clipboard-write; encrypted-media; gyroscope; picture-in-picture; web-share\" allowfullscreen><\/iframe>\n<\/div><\/figure>\n\n\n\n<p class=\"has-text-align-center\"><\/p>","protected":false},"excerpt":{"rendered":"<p>Sinopsis: Dos camerinos. Una actriz y un actor en el oto\u00f1o de sus vidas se preparan para salir a escena. Una historia de amor interrumpida por un golpe de estado, una dictadura y toda una vida de exilios personales. Pero, a pesar de lo ef\u00edmero del teatro y de la fr\u00e1gil condici\u00f3n humana, hay historias [&hellip;]<\/p>","protected":false},"author":2,"featured_media":0,"parent":0,"menu_order":0,"comment_status":"closed","ping_status":"closed","template":"templates\/template-cover.php","meta":{"footnotes":""},"yoast_head":"<!-- This site is optimized with the Yoast SEO plugin v21.7 - https:\/\/yoast.com\/wordpress\/plugins\/seo\/ -->\n<title>Inolvidable - Maria Caudevilla<\/title>\n<meta name=\"robots\" content=\"index, follow, max-snippet:-1, max-image-preview:large, max-video-preview:-1\" \/>\n<link rel=\"canonical\" href=\"https:\/\/mariacaudevilla.com\/en\/inolvidable\/\" \/>\n<meta property=\"og:locale\" content=\"en_US\" \/>\n<meta property=\"og:type\" content=\"article\" \/>\n<meta property=\"og:title\" content=\"Inolvidable - Maria Caudevilla\" \/>\n<meta property=\"og:description\" content=\"Sinopsis: Dos camerinos. Una actriz y un actor en el oto\u00f1o de sus vidas se preparan para salir a escena. Una historia de amor interrumpida por un golpe de estado, una dictadura y toda una vida de exilios personales. Pero, a pesar de lo ef\u00edmero del teatro y de la fr\u00e1gil condici\u00f3n humana, hay historias [&hellip;]\" \/>\n<meta property=\"og:url\" content=\"https:\/\/mariacaudevilla.com\/en\/inolvidable\/\" \/>\n<meta property=\"og:site_name\" content=\"Maria Caudevilla\" \/>\n<meta property=\"article:modified_time\" content=\"2024-01-10T09:34:58+00:00\" \/>\n<meta property=\"og:image\" content=\"https:\/\/mariacaudevilla.com\/wp-content\/uploads\/2021\/12\/cartel_inolvidable_vertical-scaled.jpg\" \/>\n<meta name=\"twitter:card\" content=\"summary_large_image\" \/>\n<meta name=\"twitter:label1\" content=\"Est. reading time\" \/>\n\t<meta name=\"twitter:data1\" content=\"2 minutes\" \/>\n<script type=\"application\/ld+json\" class=\"yoast-schema-graph\">{\"@context\":\"https:\/\/schema.org\",\"@graph\":[{\"@type\":\"WebPage\",\"@id\":\"https:\/\/mariacaudevilla.com\/inolvidable\/\",\"url\":\"https:\/\/mariacaudevilla.com\/inolvidable\/\",\"name\":\"Inolvidable - Maria Caudevilla\",\"isPartOf\":{\"@id\":\"https:\/\/mariacaudevilla.com\/#website\"},\"datePublished\":\"2021-12-17T14:43:10+00:00\",\"dateModified\":\"2024-01-10T09:34:58+00:00\",\"breadcrumb\":{\"@id\":\"https:\/\/mariacaudevilla.com\/inolvidable\/#breadcrumb\"},\"inLanguage\":\"en-US\",\"potentialAction\":[{\"@type\":\"ReadAction\",\"target\":[\"https:\/\/mariacaudevilla.com\/inolvidable\/\"]}]},{\"@type\":\"BreadcrumbList\",\"@id\":\"https:\/\/mariacaudevilla.com\/inolvidable\/#breadcrumb\",\"itemListElement\":[{\"@type\":\"ListItem\",\"position\":1,\"name\":\"Portada\",\"item\":\"https:\/\/mariacaudevilla.com\/\"},{\"@type\":\"ListItem\",\"position\":2,\"name\":\"Inolvidable\"}]},{\"@type\":\"WebSite\",\"@id\":\"https:\/\/mariacaudevilla.com\/#website\",\"url\":\"https:\/\/mariacaudevilla.com\/\",\"name\":\"Maria Caudevilla\",\"description\":\"\",\"potentialAction\":[{\"@type\":\"SearchAction\",\"target\":{\"@type\":\"EntryPoint\",\"urlTemplate\":\"https:\/\/mariacaudevilla.com\/?s={search_term_string}\"},\"query-input\":\"required name=search_term_string\"}],\"inLanguage\":\"en-US\"}]}<\/script>\n<!-- \/ Yoast SEO plugin. -->","yoast_head_json":{"title":"Inolvidable - Maria Caudevilla","robots":{"index":"index","follow":"follow","max-snippet":"max-snippet:-1","max-image-preview":"max-image-preview:large","max-video-preview":"max-video-preview:-1"},"canonical":"https:\/\/mariacaudevilla.com\/en\/inolvidable\/","og_locale":"en_US","og_type":"article","og_title":"Inolvidable - Maria Caudevilla","og_description":"Sinopsis: Dos camerinos. Una actriz y un actor en el oto\u00f1o de sus vidas se preparan para salir a escena. Una historia de amor interrumpida por un golpe de estado, una dictadura y toda una vida de exilios personales. Pero, a pesar de lo ef\u00edmero del teatro y de la fr\u00e1gil condici\u00f3n humana, hay historias [&hellip;]","og_url":"https:\/\/mariacaudevilla.com\/en\/inolvidable\/","og_site_name":"Maria Caudevilla","article_modified_time":"2024-01-10T09:34:58+00:00","og_image":[{"url":"https:\/\/mariacaudevilla.com\/wp-content\/uploads\/2021\/12\/cartel_inolvidable_vertical-scaled.jpg"}],"twitter_card":"summary_large_image","twitter_misc":{"Est. reading time":"2 minutes"},"schema":{"@context":"https:\/\/schema.org","@graph":[{"@type":"WebPage","@id":"https:\/\/mariacaudevilla.com\/inolvidable\/","url":"https:\/\/mariacaudevilla.com\/inolvidable\/","name":"Inolvidable - Maria Caudevilla","isPartOf":{"@id":"https:\/\/mariacaudevilla.com\/#website"},"datePublished":"2021-12-17T14:43:10+00:00","dateModified":"2024-01-10T09:34:58+00:00","breadcrumb":{"@id":"https:\/\/mariacaudevilla.com\/inolvidable\/#breadcrumb"},"inLanguage":"en-US","potentialAction":[{"@type":"ReadAction","target":["https:\/\/mariacaudevilla.com\/inolvidable\/"]}]},{"@type":"BreadcrumbList","@id":"https:\/\/mariacaudevilla.com\/inolvidable\/#breadcrumb","itemListElement":[{"@type":"ListItem","position":1,"name":"Portada","item":"https:\/\/mariacaudevilla.com\/"},{"@type":"ListItem","position":2,"name":"Inolvidable"}]},{"@type":"WebSite","@id":"https:\/\/mariacaudevilla.com\/#website","url":"https:\/\/mariacaudevilla.com\/","name":"Maria Caudevilla","description":"","potentialAction":[{"@type":"SearchAction","target":{"@type":"EntryPoint","urlTemplate":"https:\/\/mariacaudevilla.com\/?s={search_term_string}"},"query-input":"required name=search_term_string"}],"inLanguage":"en-US"}]}},"_links":{"self":[{"href":"https:\/\/mariacaudevilla.com\/en\/wp-json\/wp\/v2\/pages\/659"}],"collection":[{"href":"https:\/\/mariacaudevilla.com\/en\/wp-json\/wp\/v2\/pages"}],"about":[{"href":"https:\/\/mariacaudevilla.com\/en\/wp-json\/wp\/v2\/types\/page"}],"author":[{"embeddable":true,"href":"https:\/\/mariacaudevilla.com\/en\/wp-json\/wp\/v2\/users\/2"}],"replies":[{"embeddable":true,"href":"https:\/\/mariacaudevilla.com\/en\/wp-json\/wp\/v2\/comments?post=659"}],"version-history":[{"count":16,"href":"https:\/\/mariacaudevilla.com\/en\/wp-json\/wp\/v2\/pages\/659\/revisions"}],"predecessor-version":[{"id":948,"href":"https:\/\/mariacaudevilla.com\/en\/wp-json\/wp\/v2\/pages\/659\/revisions\/948"}],"wp:attachment":[{"href":"https:\/\/mariacaudevilla.com\/en\/wp-json\/wp\/v2\/media?parent=659"}],"curies":[{"name":"wp","href":"https:\/\/api.w.org\/{rel}","templated":true}]}}