{"id":653,"date":"2021-12-20T11:23:00","date_gmt":"2021-12-20T11:23:00","guid":{"rendered":"https:\/\/mariacaudevilla.com\/?page_id=653"},"modified":"2021-12-20T14:51:22","modified_gmt":"2021-12-20T14:51:22","slug":"el-analisis","status":"publish","type":"page","link":"https:\/\/mariacaudevilla.com\/en\/el-analisis\/","title":{"rendered":"THE ANALYSIS OF THE MISE EN SCENE"},"content":{"rendered":"<figure class=\"wp-block-image size-large is-resized\"><img loading=\"lazy\" decoding=\"async\" src=\"https:\/\/mariacaudevilla.com\/wp-content\/uploads\/2021\/12\/el_analisis_portada-1024x688.jpg\" alt=\"\" class=\"wp-image-654\" width=\"616\" height=\"413\" srcset=\"https:\/\/mariacaudevilla.com\/wp-content\/uploads\/2021\/12\/el_analisis_portada-1024x688.jpg 1024w, https:\/\/mariacaudevilla.com\/wp-content\/uploads\/2021\/12\/el_analisis_portada-300x202.jpg 300w, https:\/\/mariacaudevilla.com\/wp-content\/uploads\/2021\/12\/el_analisis_portada-768x516.jpg 768w, https:\/\/mariacaudevilla.com\/wp-content\/uploads\/2021\/12\/el_analisis_portada.jpg 1080w\" sizes=\"(max-width: 616px) 100vw, 616px\" \/><\/figure>\n\n\n\n<p>The analysis of the mise en scene<\/p>\n\n\n\n<p>Editorial: The Basics<\/p>\n\n\n\n<p>ISBN: 978-84-245-1403-7<\/p>\n\n\n\n<p>Edited by Jos\u00e9 Gabriel L\u00f3pez Antu\u00f1ado and Jara Mart\u00ednez Valderas, this volume brings together and discusses existing theories and proposes a system of analysis of the staging. It is covered in two blocks of which are interrelated: the dramaturgy, and stage design, featuring a line methodological matrix that arise chapters on the different channels expressive of staging, such as the character and the action, the performance space, or the text is dramatic, etc.<\/p>","protected":false},"excerpt":{"rendered":"<p>El an\u00e1lisis de la escenificaci\u00f3n Editorial: Fundamentos ISBN: 978-84-245-1403-7 Editado por Jos\u00e9 Gabriel L\u00f3pez Antu\u00f1ado y Jara Mart\u00ednez Valderas, este volumen a\u00fana y analiza las teor\u00edas existentes y propone un sistema de an\u00e1lisis de la escenificaci\u00f3n. Se aborda en dos bloques interrelacionados: la dramaturgia y la escenificaci\u00f3n, presentando una l\u00ednea metodol\u00f3gica matriz de la que [&hellip;]<\/p>","protected":false},"author":2,"featured_media":0,"parent":0,"menu_order":0,"comment_status":"closed","ping_status":"closed","template":"templates\/template-cover.php","meta":{"footnotes":""},"yoast_head":"<!-- This site is optimized with the Yoast SEO plugin v21.7 - https:\/\/yoast.com\/wordpress\/plugins\/seo\/ -->\n<title>EL AN\u00c1LISIS DE LA ESCENIFICACI\u00d3N - Maria Caudevilla<\/title>\n<meta name=\"robots\" content=\"index, follow, max-snippet:-1, max-image-preview:large, max-video-preview:-1\" \/>\n<link rel=\"canonical\" href=\"https:\/\/mariacaudevilla.com\/en\/el-analisis\/\" \/>\n<meta property=\"og:locale\" content=\"en_US\" \/>\n<meta property=\"og:type\" content=\"article\" \/>\n<meta property=\"og:title\" content=\"EL AN\u00c1LISIS DE LA ESCENIFICACI\u00d3N - Maria Caudevilla\" \/>\n<meta property=\"og:description\" content=\"El an\u00e1lisis de la escenificaci\u00f3n Editorial: Fundamentos ISBN: 978-84-245-1403-7 Editado por Jos\u00e9 Gabriel L\u00f3pez Antu\u00f1ado y Jara Mart\u00ednez Valderas, este volumen a\u00fana y analiza las teor\u00edas existentes y propone un sistema de an\u00e1lisis de la escenificaci\u00f3n. Se aborda en dos bloques interrelacionados: la dramaturgia y la escenificaci\u00f3n, presentando una l\u00ednea metodol\u00f3gica matriz de la que [&hellip;]\" \/>\n<meta property=\"og:url\" content=\"https:\/\/mariacaudevilla.com\/en\/el-analisis\/\" \/>\n<meta property=\"og:site_name\" content=\"Maria Caudevilla\" \/>\n<meta property=\"article:modified_time\" content=\"2021-12-20T14:51:22+00:00\" \/>\n<meta property=\"og:image\" content=\"https:\/\/mariacaudevilla.com\/wp-content\/uploads\/2021\/12\/el_analisis_portada-1024x688.jpg\" \/>\n<meta name=\"twitter:card\" content=\"summary_large_image\" \/>\n<meta name=\"twitter:label1\" content=\"Est. reading time\" \/>\n\t<meta name=\"twitter:data1\" content=\"1 minute\" \/>\n<script type=\"application\/ld+json\" class=\"yoast-schema-graph\">{\"@context\":\"https:\/\/schema.org\",\"@graph\":[{\"@type\":\"WebPage\",\"@id\":\"https:\/\/mariacaudevilla.com\/el-analisis\/\",\"url\":\"https:\/\/mariacaudevilla.com\/el-analisis\/\",\"name\":\"EL AN\u00c1LISIS DE LA ESCENIFICACI\u00d3N - Maria Caudevilla\",\"isPartOf\":{\"@id\":\"https:\/\/mariacaudevilla.com\/#website\"},\"datePublished\":\"2021-12-20T11:23:00+00:00\",\"dateModified\":\"2021-12-20T14:51:22+00:00\",\"breadcrumb\":{\"@id\":\"https:\/\/mariacaudevilla.com\/el-analisis\/#breadcrumb\"},\"inLanguage\":\"en-US\",\"potentialAction\":[{\"@type\":\"ReadAction\",\"target\":[\"https:\/\/mariacaudevilla.com\/el-analisis\/\"]}]},{\"@type\":\"BreadcrumbList\",\"@id\":\"https:\/\/mariacaudevilla.com\/el-analisis\/#breadcrumb\",\"itemListElement\":[{\"@type\":\"ListItem\",\"position\":1,\"name\":\"Portada\",\"item\":\"https:\/\/mariacaudevilla.com\/\"},{\"@type\":\"ListItem\",\"position\":2,\"name\":\"EL AN\u00c1LISIS DE LA ESCENIFICACI\u00d3N\"}]},{\"@type\":\"WebSite\",\"@id\":\"https:\/\/mariacaudevilla.com\/#website\",\"url\":\"https:\/\/mariacaudevilla.com\/\",\"name\":\"Maria Caudevilla\",\"description\":\"\",\"potentialAction\":[{\"@type\":\"SearchAction\",\"target\":{\"@type\":\"EntryPoint\",\"urlTemplate\":\"https:\/\/mariacaudevilla.com\/?s={search_term_string}\"},\"query-input\":\"required name=search_term_string\"}],\"inLanguage\":\"en-US\"}]}<\/script>\n<!-- \/ Yoast SEO plugin. -->","yoast_head_json":{"title":"EL AN\u00c1LISIS DE LA ESCENIFICACI\u00d3N - Maria Caudevilla","robots":{"index":"index","follow":"follow","max-snippet":"max-snippet:-1","max-image-preview":"max-image-preview:large","max-video-preview":"max-video-preview:-1"},"canonical":"https:\/\/mariacaudevilla.com\/en\/el-analisis\/","og_locale":"en_US","og_type":"article","og_title":"EL AN\u00c1LISIS DE LA ESCENIFICACI\u00d3N - Maria Caudevilla","og_description":"El an\u00e1lisis de la escenificaci\u00f3n Editorial: Fundamentos ISBN: 978-84-245-1403-7 Editado por Jos\u00e9 Gabriel L\u00f3pez Antu\u00f1ado y Jara Mart\u00ednez Valderas, este volumen a\u00fana y analiza las teor\u00edas existentes y propone un sistema de an\u00e1lisis de la escenificaci\u00f3n. Se aborda en dos bloques interrelacionados: la dramaturgia y la escenificaci\u00f3n, presentando una l\u00ednea metodol\u00f3gica matriz de la que [&hellip;]","og_url":"https:\/\/mariacaudevilla.com\/en\/el-analisis\/","og_site_name":"Maria Caudevilla","article_modified_time":"2021-12-20T14:51:22+00:00","og_image":[{"url":"https:\/\/mariacaudevilla.com\/wp-content\/uploads\/2021\/12\/el_analisis_portada-1024x688.jpg"}],"twitter_card":"summary_large_image","twitter_misc":{"Est. reading time":"1 minute"},"schema":{"@context":"https:\/\/schema.org","@graph":[{"@type":"WebPage","@id":"https:\/\/mariacaudevilla.com\/el-analisis\/","url":"https:\/\/mariacaudevilla.com\/el-analisis\/","name":"EL AN\u00c1LISIS DE LA ESCENIFICACI\u00d3N - Maria Caudevilla","isPartOf":{"@id":"https:\/\/mariacaudevilla.com\/#website"},"datePublished":"2021-12-20T11:23:00+00:00","dateModified":"2021-12-20T14:51:22+00:00","breadcrumb":{"@id":"https:\/\/mariacaudevilla.com\/el-analisis\/#breadcrumb"},"inLanguage":"en-US","potentialAction":[{"@type":"ReadAction","target":["https:\/\/mariacaudevilla.com\/el-analisis\/"]}]},{"@type":"BreadcrumbList","@id":"https:\/\/mariacaudevilla.com\/el-analisis\/#breadcrumb","itemListElement":[{"@type":"ListItem","position":1,"name":"Portada","item":"https:\/\/mariacaudevilla.com\/"},{"@type":"ListItem","position":2,"name":"EL AN\u00c1LISIS DE LA ESCENIFICACI\u00d3N"}]},{"@type":"WebSite","@id":"https:\/\/mariacaudevilla.com\/#website","url":"https:\/\/mariacaudevilla.com\/","name":"Maria Caudevilla","description":"","potentialAction":[{"@type":"SearchAction","target":{"@type":"EntryPoint","urlTemplate":"https:\/\/mariacaudevilla.com\/?s={search_term_string}"},"query-input":"required name=search_term_string"}],"inLanguage":"en-US"}]}},"_links":{"self":[{"href":"https:\/\/mariacaudevilla.com\/en\/wp-json\/wp\/v2\/pages\/653"}],"collection":[{"href":"https:\/\/mariacaudevilla.com\/en\/wp-json\/wp\/v2\/pages"}],"about":[{"href":"https:\/\/mariacaudevilla.com\/en\/wp-json\/wp\/v2\/types\/page"}],"author":[{"embeddable":true,"href":"https:\/\/mariacaudevilla.com\/en\/wp-json\/wp\/v2\/users\/2"}],"replies":[{"embeddable":true,"href":"https:\/\/mariacaudevilla.com\/en\/wp-json\/wp\/v2\/comments?post=653"}],"version-history":[{"count":3,"href":"https:\/\/mariacaudevilla.com\/en\/wp-json\/wp\/v2\/pages\/653\/revisions"}],"predecessor-version":[{"id":668,"href":"https:\/\/mariacaudevilla.com\/en\/wp-json\/wp\/v2\/pages\/653\/revisions\/668"}],"wp:attachment":[{"href":"https:\/\/mariacaudevilla.com\/en\/wp-json\/wp\/v2\/media?parent=653"}],"curies":[{"name":"wp","href":"https:\/\/api.w.org\/{rel}","templated":true}]}}