{"id":642,"date":"2021-12-15T15:08:21","date_gmt":"2021-12-15T15:08:21","guid":{"rendered":"https:\/\/mariacaudevilla.com\/?page_id=642"},"modified":"2024-10-30T13:07:02","modified_gmt":"2024-10-30T13:07:02","slug":"inanna","status":"publish","type":"page","link":"https:\/\/mariacaudevilla.com\/en\/inanna\/","title":{"rendered":"InAnna"},"content":{"rendered":"<figure class=\"wp-block-gallery has-nested-images columns-default is-cropped wp-block-gallery-1 is-layout-flex wp-block-gallery-is-layout-flex\"><div class=\"wp-block-image\">\n<figure class=\"aligncenter size-large\"><a href=\"https:\/\/mariacaudevilla.com\/wp-content\/uploads\/2022\/05\/A1A3000.jpg\"><img loading=\"lazy\" decoding=\"async\" width=\"1024\" height=\"683\" data-id=\"719\" src=\"https:\/\/mariacaudevilla.com\/wp-content\/uploads\/2022\/05\/A1A3000-1024x683.jpg\" alt=\"\" class=\"wp-image-719\" srcset=\"https:\/\/mariacaudevilla.com\/wp-content\/uploads\/2022\/05\/A1A3000-1024x683.jpg 1024w, https:\/\/mariacaudevilla.com\/wp-content\/uploads\/2022\/05\/A1A3000-300x200.jpg 300w, https:\/\/mariacaudevilla.com\/wp-content\/uploads\/2022\/05\/A1A3000-768x512.jpg 768w, https:\/\/mariacaudevilla.com\/wp-content\/uploads\/2022\/05\/A1A3000-1536x1024.jpg 1536w, https:\/\/mariacaudevilla.com\/wp-content\/uploads\/2022\/05\/A1A3000-2048x1365.jpg 2048w, https:\/\/mariacaudevilla.com\/wp-content\/uploads\/2022\/05\/A1A3000-1200x800.jpg 1200w, https:\/\/mariacaudevilla.com\/wp-content\/uploads\/2022\/05\/A1A3000-1980x1320.jpg 1980w\" sizes=\"(max-width: 1024px) 100vw, 1024px\" \/><\/a><\/figure><\/div>\n\n\n<figure class=\"wp-block-image size-large\"><a href=\"https:\/\/mariacaudevilla.com\/wp-content\/uploads\/2022\/05\/A1A3128.jpg\"><img loading=\"lazy\" decoding=\"async\" width=\"1024\" height=\"683\" data-id=\"721\" src=\"https:\/\/mariacaudevilla.com\/wp-content\/uploads\/2022\/05\/A1A3128-1024x683.jpg\" alt=\"\" class=\"wp-image-721\" srcset=\"https:\/\/mariacaudevilla.com\/wp-content\/uploads\/2022\/05\/A1A3128-1024x683.jpg 1024w, https:\/\/mariacaudevilla.com\/wp-content\/uploads\/2022\/05\/A1A3128-300x200.jpg 300w, https:\/\/mariacaudevilla.com\/wp-content\/uploads\/2022\/05\/A1A3128-768x512.jpg 768w, https:\/\/mariacaudevilla.com\/wp-content\/uploads\/2022\/05\/A1A3128-1536x1024.jpg 1536w, https:\/\/mariacaudevilla.com\/wp-content\/uploads\/2022\/05\/A1A3128-2048x1365.jpg 2048w, https:\/\/mariacaudevilla.com\/wp-content\/uploads\/2022\/05\/A1A3128-1200x800.jpg 1200w, https:\/\/mariacaudevilla.com\/wp-content\/uploads\/2022\/05\/A1A3128-1980x1320.jpg 1980w\" sizes=\"(max-width: 1024px) 100vw, 1024px\" \/><\/a><\/figure>\n\n\n\n<figure class=\"wp-block-image size-large\"><a href=\"https:\/\/mariacaudevilla.com\/wp-content\/uploads\/2022\/05\/A1A3268-1.jpg\"><img loading=\"lazy\" decoding=\"async\" width=\"1024\" height=\"683\" data-id=\"722\" src=\"https:\/\/mariacaudevilla.com\/wp-content\/uploads\/2022\/05\/A1A3268-1-1024x683.jpg\" alt=\"\" class=\"wp-image-722\" srcset=\"https:\/\/mariacaudevilla.com\/wp-content\/uploads\/2022\/05\/A1A3268-1-1024x683.jpg 1024w, https:\/\/mariacaudevilla.com\/wp-content\/uploads\/2022\/05\/A1A3268-1-300x200.jpg 300w, https:\/\/mariacaudevilla.com\/wp-content\/uploads\/2022\/05\/A1A3268-1-768x512.jpg 768w, https:\/\/mariacaudevilla.com\/wp-content\/uploads\/2022\/05\/A1A3268-1-1536x1024.jpg 1536w, https:\/\/mariacaudevilla.com\/wp-content\/uploads\/2022\/05\/A1A3268-1-2048x1365.jpg 2048w, https:\/\/mariacaudevilla.com\/wp-content\/uploads\/2022\/05\/A1A3268-1-1200x800.jpg 1200w, https:\/\/mariacaudevilla.com\/wp-content\/uploads\/2022\/05\/A1A3268-1-1980x1320.jpg 1980w\" sizes=\"(max-width: 1024px) 100vw, 1024px\" \/><\/a><\/figure>\n\n\n\n<figure class=\"wp-block-image size-large\"><a href=\"https:\/\/mariacaudevilla.com\/wp-content\/uploads\/2022\/05\/A1A2761.jpg\"><img loading=\"lazy\" decoding=\"async\" width=\"1024\" height=\"683\" data-id=\"723\" src=\"https:\/\/mariacaudevilla.com\/wp-content\/uploads\/2022\/05\/A1A2761-1024x683.jpg\" alt=\"\" class=\"wp-image-723\" srcset=\"https:\/\/mariacaudevilla.com\/wp-content\/uploads\/2022\/05\/A1A2761-1024x683.jpg 1024w, https:\/\/mariacaudevilla.com\/wp-content\/uploads\/2022\/05\/A1A2761-300x200.jpg 300w, https:\/\/mariacaudevilla.com\/wp-content\/uploads\/2022\/05\/A1A2761-768x512.jpg 768w, https:\/\/mariacaudevilla.com\/wp-content\/uploads\/2022\/05\/A1A2761-1536x1024.jpg 1536w, https:\/\/mariacaudevilla.com\/wp-content\/uploads\/2022\/05\/A1A2761-2048x1365.jpg 2048w, https:\/\/mariacaudevilla.com\/wp-content\/uploads\/2022\/05\/A1A2761-1200x800.jpg 1200w, https:\/\/mariacaudevilla.com\/wp-content\/uploads\/2022\/05\/A1A2761-1980x1320.jpg 1980w\" sizes=\"(max-width: 1024px) 100vw, 1024px\" \/><\/a><\/figure>\n\n\n\n<figure class=\"wp-block-image size-large\"><a href=\"https:\/\/mariacaudevilla.com\/wp-content\/uploads\/2022\/05\/A1A2924.jpg\"><img loading=\"lazy\" decoding=\"async\" width=\"1024\" height=\"683\" data-id=\"724\" src=\"https:\/\/mariacaudevilla.com\/wp-content\/uploads\/2022\/05\/A1A2924-1024x683.jpg\" alt=\"\" class=\"wp-image-724\" srcset=\"https:\/\/mariacaudevilla.com\/wp-content\/uploads\/2022\/05\/A1A2924-1024x683.jpg 1024w, https:\/\/mariacaudevilla.com\/wp-content\/uploads\/2022\/05\/A1A2924-300x200.jpg 300w, https:\/\/mariacaudevilla.com\/wp-content\/uploads\/2022\/05\/A1A2924-768x512.jpg 768w, https:\/\/mariacaudevilla.com\/wp-content\/uploads\/2022\/05\/A1A2924-1536x1024.jpg 1536w, https:\/\/mariacaudevilla.com\/wp-content\/uploads\/2022\/05\/A1A2924-2048x1365.jpg 2048w, https:\/\/mariacaudevilla.com\/wp-content\/uploads\/2022\/05\/A1A2924-1200x800.jpg 1200w, https:\/\/mariacaudevilla.com\/wp-content\/uploads\/2022\/05\/A1A2924-1980x1320.jpg 1980w\" sizes=\"(max-width: 1024px) 100vw, 1024px\" \/><\/a><\/figure>\n\n\n\n<figure class=\"wp-block-image size-large\"><a href=\"https:\/\/mariacaudevilla.com\/wp-content\/uploads\/2022\/05\/A1A3371.jpg\"><img loading=\"lazy\" decoding=\"async\" width=\"1024\" height=\"683\" data-id=\"725\" src=\"https:\/\/mariacaudevilla.com\/wp-content\/uploads\/2022\/05\/A1A3371-1024x683.jpg\" alt=\"\" class=\"wp-image-725\" srcset=\"https:\/\/mariacaudevilla.com\/wp-content\/uploads\/2022\/05\/A1A3371-1024x683.jpg 1024w, https:\/\/mariacaudevilla.com\/wp-content\/uploads\/2022\/05\/A1A3371-300x200.jpg 300w, https:\/\/mariacaudevilla.com\/wp-content\/uploads\/2022\/05\/A1A3371-768x512.jpg 768w, https:\/\/mariacaudevilla.com\/wp-content\/uploads\/2022\/05\/A1A3371-1536x1024.jpg 1536w, https:\/\/mariacaudevilla.com\/wp-content\/uploads\/2022\/05\/A1A3371-2048x1365.jpg 2048w, https:\/\/mariacaudevilla.com\/wp-content\/uploads\/2022\/05\/A1A3371-1200x800.jpg 1200w, https:\/\/mariacaudevilla.com\/wp-content\/uploads\/2022\/05\/A1A3371-1980x1320.jpg 1980w\" sizes=\"(max-width: 1024px) 100vw, 1024px\" \/><\/a><\/figure>\n\n\n\n<figure class=\"wp-block-image size-large\"><a href=\"https:\/\/mariacaudevilla.com\/wp-content\/uploads\/2022\/05\/Sara-by-Dani.jpg\"><img loading=\"lazy\" decoding=\"async\" width=\"1024\" height=\"570\" data-id=\"726\" src=\"https:\/\/mariacaudevilla.com\/wp-content\/uploads\/2022\/05\/Sara-by-Dani-1024x570.jpg\" alt=\"\" class=\"wp-image-726\" srcset=\"https:\/\/mariacaudevilla.com\/wp-content\/uploads\/2022\/05\/Sara-by-Dani-1024x570.jpg 1024w, https:\/\/mariacaudevilla.com\/wp-content\/uploads\/2022\/05\/Sara-by-Dani-300x167.jpg 300w, https:\/\/mariacaudevilla.com\/wp-content\/uploads\/2022\/05\/Sara-by-Dani-768x428.jpg 768w, https:\/\/mariacaudevilla.com\/wp-content\/uploads\/2022\/05\/Sara-by-Dani-1536x855.jpg 1536w, https:\/\/mariacaudevilla.com\/wp-content\/uploads\/2022\/05\/Sara-by-Dani-1200x668.jpg 1200w, https:\/\/mariacaudevilla.com\/wp-content\/uploads\/2022\/05\/Sara-by-Dani.jpg 1600w\" sizes=\"(max-width: 1024px) 100vw, 1024px\" \/><\/a><\/figure>\n<figcaption class=\"blocks-gallery-caption wp-element-caption\">Fotos: Pedro Vikingo<\/figcaption><\/figure>\n\n\n\n<hr class=\"wp-block-separator has-css-opacity\"\/>\n\n\n\n<div class=\"wp-block-group alignwide is-layout-flow wp-block-group-is-layout-flow\"><div class=\"wp-block-group__inner-container\"><a href=\"https:\/\/mariacaudevilla.com\/wp-content\/uploads\/2022\/05\/dossier_inanna_ESP.pdf\" class=\"pdfemb-viewer\" style=\"width:800px;height:800px;\" data-width=\"800\" data-height=\"800\" data-toolbar=\"both\" data-toolbar-fixed=\"on\">dossier_inanna_ESP<\/a>\n<p class=\"wp-block-pdfemb-pdf-embedder-viewer\"><\/p>\n<\/div><\/div>\n\n\n\n<div class=\"wp-block-buttons is-content-justification-center is-layout-flex wp-container-core-buttons-layout-1 wp-block-buttons-is-layout-flex\">\n<div class=\"wp-block-button\"><a class=\"wp-block-button__link wp-element-button\" href=\"https:\/\/mariacaudevilla.com\/wp-content\/uploads\/2022\/05\/dossier_inanna_ESP.pdf\">DOWNLOAD PDF<\/a><\/div>\n<\/div>\n\n\n\n<hr class=\"wp-block-separator has-css-opacity\"\/>\n\n\n\n<figure class=\"wp-block-embed is-type-video is-provider-youtube wp-block-embed-youtube wp-embed-aspect-16-9 wp-has-aspect-ratio\"><div class=\"wp-block-embed__wrapper\">\n<iframe loading=\"lazy\" title=\"IN ANNA TEASER espa\u00f1ol\" width=\"580\" height=\"326\" src=\"https:\/\/www.youtube.com\/embed\/DQAk8nRRVqI?start=3&#038;feature=oembed\" frameborder=\"0\" allow=\"accelerometer; autoplay; clipboard-write; encrypted-media; gyroscope; picture-in-picture\" allowfullscreen><\/iframe>\n<\/div><\/figure>\n\n\n\n<p class=\"has-text-align-center\">If you want to view the video of the show,&nbsp;<a href=\"mailto:info@barakateatro.com\">write me<\/a><\/p>","protected":false},"excerpt":{"rendered":"<p>Si deseas visualizar el v\u00eddeo del espect\u00e1culo,&nbsp;escr\u00edbeme<\/p>","protected":false},"author":2,"featured_media":0,"parent":0,"menu_order":0,"comment_status":"closed","ping_status":"closed","template":"templates\/template-cover.php","meta":{"footnotes":""},"yoast_head":"<!-- This site is optimized with the Yoast SEO plugin v21.7 - https:\/\/yoast.com\/wordpress\/plugins\/seo\/ -->\n<title>InAnna - Maria Caudevilla<\/title>\n<meta name=\"robots\" content=\"index, follow, max-snippet:-1, max-image-preview:large, max-video-preview:-1\" \/>\n<link rel=\"canonical\" href=\"https:\/\/mariacaudevilla.com\/en\/inanna\/\" \/>\n<meta property=\"og:locale\" content=\"en_US\" \/>\n<meta property=\"og:type\" content=\"article\" \/>\n<meta property=\"og:title\" content=\"InAnna - Maria Caudevilla\" \/>\n<meta property=\"og:description\" content=\"Si deseas visualizar el v\u00eddeo del espect\u00e1culo,&nbsp;escr\u00edbeme\" \/>\n<meta property=\"og:url\" content=\"https:\/\/mariacaudevilla.com\/en\/inanna\/\" \/>\n<meta property=\"og:site_name\" content=\"Maria Caudevilla\" \/>\n<meta property=\"article:modified_time\" content=\"2024-10-30T13:07:02+00:00\" \/>\n<meta property=\"og:image\" content=\"https:\/\/mariacaudevilla.com\/wp-content\/uploads\/2022\/05\/A1A3000-1024x683.jpg\" \/>\n<meta name=\"twitter:card\" content=\"summary_large_image\" \/>\n<meta name=\"twitter:label1\" content=\"Est. reading time\" \/>\n\t<meta name=\"twitter:data1\" content=\"2 minutes\" \/>\n<script type=\"application\/ld+json\" class=\"yoast-schema-graph\">{\"@context\":\"https:\/\/schema.org\",\"@graph\":[{\"@type\":\"WebPage\",\"@id\":\"https:\/\/mariacaudevilla.com\/inanna\/\",\"url\":\"https:\/\/mariacaudevilla.com\/inanna\/\",\"name\":\"InAnna - Maria Caudevilla\",\"isPartOf\":{\"@id\":\"https:\/\/mariacaudevilla.com\/#website\"},\"datePublished\":\"2021-12-15T15:08:21+00:00\",\"dateModified\":\"2024-10-30T13:07:02+00:00\",\"breadcrumb\":{\"@id\":\"https:\/\/mariacaudevilla.com\/inanna\/#breadcrumb\"},\"inLanguage\":\"en-US\",\"potentialAction\":[{\"@type\":\"ReadAction\",\"target\":[\"https:\/\/mariacaudevilla.com\/inanna\/\"]}]},{\"@type\":\"BreadcrumbList\",\"@id\":\"https:\/\/mariacaudevilla.com\/inanna\/#breadcrumb\",\"itemListElement\":[{\"@type\":\"ListItem\",\"position\":1,\"name\":\"Portada\",\"item\":\"https:\/\/mariacaudevilla.com\/\"},{\"@type\":\"ListItem\",\"position\":2,\"name\":\"InAnna\"}]},{\"@type\":\"WebSite\",\"@id\":\"https:\/\/mariacaudevilla.com\/#website\",\"url\":\"https:\/\/mariacaudevilla.com\/\",\"name\":\"Maria Caudevilla\",\"description\":\"\",\"potentialAction\":[{\"@type\":\"SearchAction\",\"target\":{\"@type\":\"EntryPoint\",\"urlTemplate\":\"https:\/\/mariacaudevilla.com\/?s={search_term_string}\"},\"query-input\":\"required name=search_term_string\"}],\"inLanguage\":\"en-US\"}]}<\/script>\n<!-- \/ Yoast SEO plugin. -->","yoast_head_json":{"title":"InAnna - Maria Caudevilla","robots":{"index":"index","follow":"follow","max-snippet":"max-snippet:-1","max-image-preview":"max-image-preview:large","max-video-preview":"max-video-preview:-1"},"canonical":"https:\/\/mariacaudevilla.com\/en\/inanna\/","og_locale":"en_US","og_type":"article","og_title":"InAnna - Maria Caudevilla","og_description":"Si deseas visualizar el v\u00eddeo del espect\u00e1culo,&nbsp;escr\u00edbeme","og_url":"https:\/\/mariacaudevilla.com\/en\/inanna\/","og_site_name":"Maria Caudevilla","article_modified_time":"2024-10-30T13:07:02+00:00","og_image":[{"url":"https:\/\/mariacaudevilla.com\/wp-content\/uploads\/2022\/05\/A1A3000-1024x683.jpg"}],"twitter_card":"summary_large_image","twitter_misc":{"Est. reading time":"2 minutes"},"schema":{"@context":"https:\/\/schema.org","@graph":[{"@type":"WebPage","@id":"https:\/\/mariacaudevilla.com\/inanna\/","url":"https:\/\/mariacaudevilla.com\/inanna\/","name":"InAnna - Maria Caudevilla","isPartOf":{"@id":"https:\/\/mariacaudevilla.com\/#website"},"datePublished":"2021-12-15T15:08:21+00:00","dateModified":"2024-10-30T13:07:02+00:00","breadcrumb":{"@id":"https:\/\/mariacaudevilla.com\/inanna\/#breadcrumb"},"inLanguage":"en-US","potentialAction":[{"@type":"ReadAction","target":["https:\/\/mariacaudevilla.com\/inanna\/"]}]},{"@type":"BreadcrumbList","@id":"https:\/\/mariacaudevilla.com\/inanna\/#breadcrumb","itemListElement":[{"@type":"ListItem","position":1,"name":"Portada","item":"https:\/\/mariacaudevilla.com\/"},{"@type":"ListItem","position":2,"name":"InAnna"}]},{"@type":"WebSite","@id":"https:\/\/mariacaudevilla.com\/#website","url":"https:\/\/mariacaudevilla.com\/","name":"Maria Caudevilla","description":"","potentialAction":[{"@type":"SearchAction","target":{"@type":"EntryPoint","urlTemplate":"https:\/\/mariacaudevilla.com\/?s={search_term_string}"},"query-input":"required name=search_term_string"}],"inLanguage":"en-US"}]}},"_links":{"self":[{"href":"https:\/\/mariacaudevilla.com\/en\/wp-json\/wp\/v2\/pages\/642"}],"collection":[{"href":"https:\/\/mariacaudevilla.com\/en\/wp-json\/wp\/v2\/pages"}],"about":[{"href":"https:\/\/mariacaudevilla.com\/en\/wp-json\/wp\/v2\/types\/page"}],"author":[{"embeddable":true,"href":"https:\/\/mariacaudevilla.com\/en\/wp-json\/wp\/v2\/users\/2"}],"replies":[{"embeddable":true,"href":"https:\/\/mariacaudevilla.com\/en\/wp-json\/wp\/v2\/comments?post=642"}],"version-history":[{"count":20,"href":"https:\/\/mariacaudevilla.com\/en\/wp-json\/wp\/v2\/pages\/642\/revisions"}],"predecessor-version":[{"id":1046,"href":"https:\/\/mariacaudevilla.com\/en\/wp-json\/wp\/v2\/pages\/642\/revisions\/1046"}],"wp:attachment":[{"href":"https:\/\/mariacaudevilla.com\/en\/wp-json\/wp\/v2\/media?parent=642"}],"curies":[{"name":"wp","href":"https:\/\/api.w.org\/{rel}","templated":true}]}}