{"id":606,"date":"2021-12-12T10:35:04","date_gmt":"2021-12-12T10:35:04","guid":{"rendered":"https:\/\/mariacaudevilla.com\/?page_id=606"},"modified":"2023-07-21T11:39:48","modified_gmt":"2023-07-21T11:39:48","slug":"nuevos-circuitos-teatrales-del-siglo-xxi","status":"publish","type":"page","link":"https:\/\/mariacaudevilla.com\/en\/nuevos-circuitos-teatrales-del-siglo-xxi\/","title":{"rendered":"NEW CIRCUITS THEATRE OF THE TWENTY-FIRST CENTURY"},"content":{"rendered":"<div class=\"wp-block-group\"><div class=\"wp-block-group__inner-container is-layout-flow wp-block-group-is-layout-flow\">\n<div class=\"wp-block-group alignfull\"><div class=\"wp-block-group__inner-container is-layout-flow wp-block-group-is-layout-flow\">\n<div class=\"wp-block-group\"><div class=\"wp-block-group__inner-container is-layout-flow wp-block-group-is-layout-flow\">\n<div class=\"wp-block-image\"><figure class=\"aligncenter size-large\"><img loading=\"lazy\" decoding=\"async\" width=\"710\" height=\"544\" src=\"https:\/\/mariacaudevilla.com\/wp-content\/uploads\/2021\/12\/nuevos_circuitos_teatrales_portada_contraportada.jpg\" alt=\"\" class=\"wp-image-635\" srcset=\"https:\/\/mariacaudevilla.com\/wp-content\/uploads\/2021\/12\/nuevos_circuitos_teatrales_portada_contraportada.jpg 710w, https:\/\/mariacaudevilla.com\/wp-content\/uploads\/2021\/12\/nuevos_circuitos_teatrales_portada_contraportada-300x230.jpg 300w\" sizes=\"(max-width: 710px) 100vw, 710px\" \/><figcaption>Soft cover, 21 x14, 222 pages, ISBN: 978-84-18119-16-3<\/figcaption><\/figure><\/div>\n<\/div><\/div>\n\n\n\n<hr class=\"wp-block-separator\"\/>\n\n\n\n<p>New Circuits Theatre of the TWENTY-first century<\/p>\n\n\n\n<p>In this new installment of the series Circuits theatre of the TWENTY-first century, we contemplate critically the fabric of social relations, aesthetic, artistic, and even economic to the respect of the theater, especially of madrid, in its global context. What we do from thematic guidelines as sound and image, body, and topical spaces. In this way, the work collected here approach the reader and the researcher to work on dramaturgy, terminology, sound space, neuroscience, transmedia storytelling, choreography, adaptation, etc The clasp of the gold makes the great Andr\u00e9 Helb\u00f3 with a study of &#034;in conclusion&#034; on the circuit contemporary.<\/p>\n<\/div><\/div>\n<\/div><\/div>\n\n\n\n<div class=\"wp-block-button aligncenter\"><a class=\"wp-block-button__link\" href=\"https:\/\/edicionesantigona.com\/critica\/233-nuevos-circuitos-teatrales-del-siglo-xxi.html\">BUY<\/a><\/div>\n\n\n\n<p><\/p>","protected":false},"excerpt":{"rendered":"<p>Nuevos Circuitos Teatrales del siglo XXI En esta nueva entrega de la serie Circuitos teatrales del siglo XXI contemplamos de manera cr\u00edtica la urdimbre de relaciones sociales, est\u00e9ticas, art\u00edsticas e incluso econ\u00f3micas al respecto del hecho teatral, sobre todo madrile\u00f1o, en su contexto global. Lo hacemos a partir de directrices tem\u00e1ticas como sonido e imagen, [&hellip;]<\/p>","protected":false},"author":2,"featured_media":0,"parent":0,"menu_order":0,"comment_status":"closed","ping_status":"closed","template":"templates\/template-cover.php","meta":{"footnotes":""},"yoast_head":"<!-- This site is optimized with the Yoast SEO plugin v21.7 - https:\/\/yoast.com\/wordpress\/plugins\/seo\/ -->\n<title>NUEVOS CIRCUITOS TEATRALES DEL SIGLO XXI - Maria Caudevilla<\/title>\n<meta name=\"robots\" content=\"index, follow, max-snippet:-1, max-image-preview:large, max-video-preview:-1\" \/>\n<link rel=\"canonical\" href=\"https:\/\/mariacaudevilla.com\/en\/nuevos-circuitos-teatrales-del-siglo-xxi\/\" \/>\n<meta property=\"og:locale\" content=\"en_US\" \/>\n<meta property=\"og:type\" content=\"article\" \/>\n<meta property=\"og:title\" content=\"NUEVOS CIRCUITOS TEATRALES DEL SIGLO XXI - Maria Caudevilla\" \/>\n<meta property=\"og:description\" content=\"Nuevos Circuitos Teatrales del siglo XXI En esta nueva entrega de la serie Circuitos teatrales del siglo XXI contemplamos de manera cr\u00edtica la urdimbre de relaciones sociales, est\u00e9ticas, art\u00edsticas e incluso econ\u00f3micas al respecto del hecho teatral, sobre todo madrile\u00f1o, en su contexto global. Lo hacemos a partir de directrices tem\u00e1ticas como sonido e imagen, [&hellip;]\" \/>\n<meta property=\"og:url\" content=\"https:\/\/mariacaudevilla.com\/en\/nuevos-circuitos-teatrales-del-siglo-xxi\/\" \/>\n<meta property=\"og:site_name\" content=\"Maria Caudevilla\" \/>\n<meta property=\"article:modified_time\" content=\"2023-07-21T11:39:48+00:00\" \/>\n<meta property=\"og:image\" content=\"https:\/\/mariacaudevilla.com\/wp-content\/uploads\/2021\/12\/nuevos_circuitos_teatrales_portada_contraportada.jpg\" \/>\n<meta name=\"twitter:card\" content=\"summary_large_image\" \/>\n<meta name=\"twitter:label1\" content=\"Est. reading time\" \/>\n\t<meta name=\"twitter:data1\" content=\"1 minute\" \/>\n<script type=\"application\/ld+json\" class=\"yoast-schema-graph\">{\"@context\":\"https:\/\/schema.org\",\"@graph\":[{\"@type\":\"WebPage\",\"@id\":\"https:\/\/mariacaudevilla.com\/nuevos-circuitos-teatrales-del-siglo-xxi\/\",\"url\":\"https:\/\/mariacaudevilla.com\/nuevos-circuitos-teatrales-del-siglo-xxi\/\",\"name\":\"NUEVOS CIRCUITOS TEATRALES DEL SIGLO XXI - Maria Caudevilla\",\"isPartOf\":{\"@id\":\"https:\/\/mariacaudevilla.com\/#website\"},\"datePublished\":\"2021-12-12T10:35:04+00:00\",\"dateModified\":\"2023-07-21T11:39:48+00:00\",\"breadcrumb\":{\"@id\":\"https:\/\/mariacaudevilla.com\/nuevos-circuitos-teatrales-del-siglo-xxi\/#breadcrumb\"},\"inLanguage\":\"en-US\",\"potentialAction\":[{\"@type\":\"ReadAction\",\"target\":[\"https:\/\/mariacaudevilla.com\/nuevos-circuitos-teatrales-del-siglo-xxi\/\"]}]},{\"@type\":\"BreadcrumbList\",\"@id\":\"https:\/\/mariacaudevilla.com\/nuevos-circuitos-teatrales-del-siglo-xxi\/#breadcrumb\",\"itemListElement\":[{\"@type\":\"ListItem\",\"position\":1,\"name\":\"Portada\",\"item\":\"https:\/\/mariacaudevilla.com\/\"},{\"@type\":\"ListItem\",\"position\":2,\"name\":\"NUEVOS CIRCUITOS TEATRALES DEL SIGLO XXI\"}]},{\"@type\":\"WebSite\",\"@id\":\"https:\/\/mariacaudevilla.com\/#website\",\"url\":\"https:\/\/mariacaudevilla.com\/\",\"name\":\"Maria Caudevilla\",\"description\":\"\",\"potentialAction\":[{\"@type\":\"SearchAction\",\"target\":{\"@type\":\"EntryPoint\",\"urlTemplate\":\"https:\/\/mariacaudevilla.com\/?s={search_term_string}\"},\"query-input\":\"required name=search_term_string\"}],\"inLanguage\":\"en-US\"}]}<\/script>\n<!-- \/ Yoast SEO plugin. -->","yoast_head_json":{"title":"NUEVOS CIRCUITOS TEATRALES DEL SIGLO XXI - Maria Caudevilla","robots":{"index":"index","follow":"follow","max-snippet":"max-snippet:-1","max-image-preview":"max-image-preview:large","max-video-preview":"max-video-preview:-1"},"canonical":"https:\/\/mariacaudevilla.com\/en\/nuevos-circuitos-teatrales-del-siglo-xxi\/","og_locale":"en_US","og_type":"article","og_title":"NUEVOS CIRCUITOS TEATRALES DEL SIGLO XXI - Maria Caudevilla","og_description":"Nuevos Circuitos Teatrales del siglo XXI En esta nueva entrega de la serie Circuitos teatrales del siglo XXI contemplamos de manera cr\u00edtica la urdimbre de relaciones sociales, est\u00e9ticas, art\u00edsticas e incluso econ\u00f3micas al respecto del hecho teatral, sobre todo madrile\u00f1o, en su contexto global. Lo hacemos a partir de directrices tem\u00e1ticas como sonido e imagen, [&hellip;]","og_url":"https:\/\/mariacaudevilla.com\/en\/nuevos-circuitos-teatrales-del-siglo-xxi\/","og_site_name":"Maria Caudevilla","article_modified_time":"2023-07-21T11:39:48+00:00","og_image":[{"url":"https:\/\/mariacaudevilla.com\/wp-content\/uploads\/2021\/12\/nuevos_circuitos_teatrales_portada_contraportada.jpg"}],"twitter_card":"summary_large_image","twitter_misc":{"Est. reading time":"1 minute"},"schema":{"@context":"https:\/\/schema.org","@graph":[{"@type":"WebPage","@id":"https:\/\/mariacaudevilla.com\/nuevos-circuitos-teatrales-del-siglo-xxi\/","url":"https:\/\/mariacaudevilla.com\/nuevos-circuitos-teatrales-del-siglo-xxi\/","name":"NUEVOS CIRCUITOS TEATRALES DEL SIGLO XXI - Maria Caudevilla","isPartOf":{"@id":"https:\/\/mariacaudevilla.com\/#website"},"datePublished":"2021-12-12T10:35:04+00:00","dateModified":"2023-07-21T11:39:48+00:00","breadcrumb":{"@id":"https:\/\/mariacaudevilla.com\/nuevos-circuitos-teatrales-del-siglo-xxi\/#breadcrumb"},"inLanguage":"en-US","potentialAction":[{"@type":"ReadAction","target":["https:\/\/mariacaudevilla.com\/nuevos-circuitos-teatrales-del-siglo-xxi\/"]}]},{"@type":"BreadcrumbList","@id":"https:\/\/mariacaudevilla.com\/nuevos-circuitos-teatrales-del-siglo-xxi\/#breadcrumb","itemListElement":[{"@type":"ListItem","position":1,"name":"Portada","item":"https:\/\/mariacaudevilla.com\/"},{"@type":"ListItem","position":2,"name":"NUEVOS CIRCUITOS TEATRALES DEL SIGLO XXI"}]},{"@type":"WebSite","@id":"https:\/\/mariacaudevilla.com\/#website","url":"https:\/\/mariacaudevilla.com\/","name":"Maria Caudevilla","description":"","potentialAction":[{"@type":"SearchAction","target":{"@type":"EntryPoint","urlTemplate":"https:\/\/mariacaudevilla.com\/?s={search_term_string}"},"query-input":"required name=search_term_string"}],"inLanguage":"en-US"}]}},"_links":{"self":[{"href":"https:\/\/mariacaudevilla.com\/en\/wp-json\/wp\/v2\/pages\/606"}],"collection":[{"href":"https:\/\/mariacaudevilla.com\/en\/wp-json\/wp\/v2\/pages"}],"about":[{"href":"https:\/\/mariacaudevilla.com\/en\/wp-json\/wp\/v2\/types\/page"}],"author":[{"embeddable":true,"href":"https:\/\/mariacaudevilla.com\/en\/wp-json\/wp\/v2\/users\/2"}],"replies":[{"embeddable":true,"href":"https:\/\/mariacaudevilla.com\/en\/wp-json\/wp\/v2\/comments?post=606"}],"version-history":[{"count":5,"href":"https:\/\/mariacaudevilla.com\/en\/wp-json\/wp\/v2\/pages\/606\/revisions"}],"predecessor-version":[{"id":859,"href":"https:\/\/mariacaudevilla.com\/en\/wp-json\/wp\/v2\/pages\/606\/revisions\/859"}],"wp:attachment":[{"href":"https:\/\/mariacaudevilla.com\/en\/wp-json\/wp\/v2\/media?parent=606"}],"curies":[{"name":"wp","href":"https:\/\/api.w.org\/{rel}","templated":true}]}}