{"id":570,"date":"2021-12-10T11:12:57","date_gmt":"2021-12-10T11:12:57","guid":{"rendered":"https:\/\/mariacaudevilla.com\/?page_id=570"},"modified":"2024-10-28T14:59:21","modified_gmt":"2024-10-28T14:59:21","slug":"shortcut","status":"publish","type":"page","link":"https:\/\/mariacaudevilla.com\/en\/shortcut\/","title":{"rendered":"SHORTCUT"},"content":{"rendered":"<figure class=\"wp-block-image size-large\"><img loading=\"lazy\" decoding=\"async\" width=\"723\" height=\"1024\" src=\"https:\/\/mariacaudevilla.com\/wp-content\/uploads\/2021\/12\/cartel_shortcut-723x1024.jpg\" alt=\"\" class=\"wp-image-574\" srcset=\"https:\/\/mariacaudevilla.com\/wp-content\/uploads\/2021\/12\/cartel_shortcut-723x1024.jpg 723w, https:\/\/mariacaudevilla.com\/wp-content\/uploads\/2021\/12\/cartel_shortcut-212x300.jpg 212w, https:\/\/mariacaudevilla.com\/wp-content\/uploads\/2021\/12\/cartel_shortcut.jpg 763w\" sizes=\"(max-width: 723px) 100vw, 723px\" \/><\/figure>\n\n\n\n<figure class=\"wp-block-gallery aligncenter has-nested-images columns-default is-cropped wp-block-gallery-1 is-layout-flex wp-block-gallery-is-layout-flex\">\n<figure class=\"wp-block-image size-large\"><img loading=\"lazy\" decoding=\"async\" width=\"1024\" height=\"768\" data-id=\"575\" src=\"https:\/\/mariacaudevilla.com\/wp-content\/uploads\/2021\/12\/Pauline-.jpg\" alt=\"\" class=\"wp-image-575\" srcset=\"https:\/\/mariacaudevilla.com\/wp-content\/uploads\/2021\/12\/Pauline-.jpg 1024w, https:\/\/mariacaudevilla.com\/wp-content\/uploads\/2021\/12\/Pauline--300x225.jpg 300w, https:\/\/mariacaudevilla.com\/wp-content\/uploads\/2021\/12\/Pauline--768x576.jpg 768w\" sizes=\"(max-width: 1024px) 100vw, 1024px\" \/><\/figure>\n\n\n\n<figure class=\"wp-block-image size-large\"><img loading=\"lazy\" decoding=\"async\" width=\"1024\" height=\"768\" data-id=\"576\" src=\"https:\/\/mariacaudevilla.com\/wp-content\/uploads\/2021\/12\/PHOTO-2021-09-19-23-02-08-2.jpg\" alt=\"\" class=\"wp-image-576\" srcset=\"https:\/\/mariacaudevilla.com\/wp-content\/uploads\/2021\/12\/PHOTO-2021-09-19-23-02-08-2.jpg 1024w, https:\/\/mariacaudevilla.com\/wp-content\/uploads\/2021\/12\/PHOTO-2021-09-19-23-02-08-2-300x225.jpg 300w, https:\/\/mariacaudevilla.com\/wp-content\/uploads\/2021\/12\/PHOTO-2021-09-19-23-02-08-2-768x576.jpg 768w\" sizes=\"(max-width: 1024px) 100vw, 1024px\" \/><\/figure>\n\n\n\n<figure class=\"wp-block-image size-large\"><img loading=\"lazy\" decoding=\"async\" width=\"1024\" height=\"768\" data-id=\"577\" src=\"https:\/\/mariacaudevilla.com\/wp-content\/uploads\/2021\/12\/PHOTO-2021-09-22-10-57-15-2.jpg\" alt=\"\" class=\"wp-image-577\" srcset=\"https:\/\/mariacaudevilla.com\/wp-content\/uploads\/2021\/12\/PHOTO-2021-09-22-10-57-15-2.jpg 1024w, https:\/\/mariacaudevilla.com\/wp-content\/uploads\/2021\/12\/PHOTO-2021-09-22-10-57-15-2-300x225.jpg 300w, https:\/\/mariacaudevilla.com\/wp-content\/uploads\/2021\/12\/PHOTO-2021-09-22-10-57-15-2-768x576.jpg 768w\" sizes=\"(max-width: 1024px) 100vw, 1024px\" \/><\/figure>\n\n\n\n<figure class=\"wp-block-image size-large\"><img loading=\"lazy\" decoding=\"async\" width=\"1024\" height=\"773\" data-id=\"578\" src=\"https:\/\/mariacaudevilla.com\/wp-content\/uploads\/2021\/12\/Team.jpg\" alt=\"\" class=\"wp-image-578\" srcset=\"https:\/\/mariacaudevilla.com\/wp-content\/uploads\/2021\/12\/Team.jpg 1024w, https:\/\/mariacaudevilla.com\/wp-content\/uploads\/2021\/12\/Team-300x226.jpg 300w, https:\/\/mariacaudevilla.com\/wp-content\/uploads\/2021\/12\/Team-768x580.jpg 768w\" sizes=\"(max-width: 1024px) 100vw, 1024px\" \/><\/figure>\n\n\n\n<figure class=\"wp-block-image size-large\"><img loading=\"lazy\" decoding=\"async\" width=\"768\" height=\"1024\" data-id=\"579\" src=\"https:\/\/mariacaudevilla.com\/wp-content\/uploads\/2021\/12\/Mari\u0301a-y-el-bosque-quemado.jpg\" alt=\"\" class=\"wp-image-579\" srcset=\"https:\/\/mariacaudevilla.com\/wp-content\/uploads\/2021\/12\/Mari\u0301a-y-el-bosque-quemado.jpg 768w, https:\/\/mariacaudevilla.com\/wp-content\/uploads\/2021\/12\/Mari\u0301a-y-el-bosque-quemado-225x300.jpg 225w\" sizes=\"(max-width: 768px) 100vw, 768px\" \/><\/figure>\n<\/figure>\n\n\n\n<p class=\"has-text-align-center\"><strong>SINOPSIS<\/strong><\/p>\n\n\n\n<p>Shortcut es una versi\u00f3n contempor\u00e1nea de Caperucita Roja. Nuestra protagonista no lleva a su abuelita galletas caseras reci\u00e9n horneadas ni manzanas del huerto ni miel de la colmena. Lo compra todo en el supermercado del barrio, envasado y plastificado. Tiene que caminar mucho, much\u00edsimo para llegar hasta el bosque. Mientras se come una de las manzanas, distra\u00edda y ajena a los peligros que le acechan, en el cruce de caminos, elige, como en el cuento original, el atajo. Solo para descubrir, en la espesura de \u00e1rboles, que el bosque yace quemado bajo sus pies. Una m\u00e1scara abandonada revela que el lobo ha desaparecido. La manzana se le escapa de la mano y tambi\u00e9n ella desaparece. Y es que sin bosques no hay historias. Ni caperucitas ni lobos ni cuentos ni musas ni cine ni nada. Aunque la naturaleza, misteriosamente, encuentra siempre su camino\u2026<\/p>\n\n\n\n<figure class=\"wp-block-embed-youtube wp-block-embed is-type-video is-provider-youtube wp-embed-aspect-16-9 wp-has-aspect-ratio\"><div class=\"wp-block-embed__wrapper\">\n<iframe loading=\"lazy\" title=\"SHORTCUT2021\" width=\"580\" height=\"326\" src=\"https:\/\/www.youtube.com\/embed\/GBQ7TJMYpFI?feature=oembed\" frameborder=\"0\" allow=\"accelerometer; autoplay; clipboard-write; encrypted-media; gyroscope; picture-in-picture\" allowfullscreen><\/iframe>\n<\/div><\/figure>\n\n\n\n<p><strong>MENCIONES<\/strong><\/p>\n\n\n\n<figure class=\"wp-block-image size-large\"><a href=\"https:\/\/culturainquieta.com\/es\/sostenibilidad\/item\/18752-los-videos-ganadores-de-nuestro-concurso-de-micro-cine-accion-climatica-en-60-segundos.html\"><img loading=\"lazy\" decoding=\"async\" width=\"60\" height=\"59\" src=\"https:\/\/mariacaudevilla.com\/wp-content\/uploads\/2021\/12\/cultura_inquieta.png\" alt=\"\" class=\"wp-image-699\"\/><\/a><\/figure>\n\n\n\n<p><\/p>","protected":false},"excerpt":{"rendered":"<p>SINOPSIS Shortcut es una versi\u00f3n contempor\u00e1nea de Caperucita Roja. Nuestra protagonista no lleva a su abuelita galletas caseras reci\u00e9n horneadas ni manzanas del huerto ni miel de la colmena. Lo compra todo en el supermercado del barrio, envasado y plastificado. Tiene que caminar mucho, much\u00edsimo para llegar hasta el bosque. Mientras se come una de [&hellip;]<\/p>","protected":false},"author":2,"featured_media":0,"parent":0,"menu_order":0,"comment_status":"closed","ping_status":"closed","template":"templates\/template-cover.php","meta":{"footnotes":""},"yoast_head":"<!-- This site is optimized with the Yoast SEO plugin v21.7 - https:\/\/yoast.com\/wordpress\/plugins\/seo\/ -->\n<title>SHORTCUT - Maria Caudevilla<\/title>\n<meta name=\"robots\" content=\"index, follow, max-snippet:-1, max-image-preview:large, max-video-preview:-1\" \/>\n<link rel=\"canonical\" href=\"https:\/\/mariacaudevilla.com\/en\/shortcut\/\" \/>\n<meta property=\"og:locale\" content=\"en_US\" \/>\n<meta property=\"og:type\" content=\"article\" \/>\n<meta property=\"og:title\" content=\"SHORTCUT - Maria Caudevilla\" \/>\n<meta property=\"og:description\" content=\"SINOPSIS Shortcut es una versi\u00f3n contempor\u00e1nea de Caperucita Roja. Nuestra protagonista no lleva a su abuelita galletas caseras reci\u00e9n horneadas ni manzanas del huerto ni miel de la colmena. Lo compra todo en el supermercado del barrio, envasado y plastificado. Tiene que caminar mucho, much\u00edsimo para llegar hasta el bosque. Mientras se come una de [&hellip;]\" \/>\n<meta property=\"og:url\" content=\"https:\/\/mariacaudevilla.com\/en\/shortcut\/\" \/>\n<meta property=\"og:site_name\" content=\"Maria Caudevilla\" \/>\n<meta property=\"article:modified_time\" content=\"2024-10-28T14:59:21+00:00\" \/>\n<meta property=\"og:image\" content=\"https:\/\/mariacaudevilla.com\/wp-content\/uploads\/2021\/12\/cartel_shortcut-723x1024.jpg\" \/>\n<meta name=\"twitter:card\" content=\"summary_large_image\" \/>\n<meta name=\"twitter:label1\" content=\"Est. reading time\" \/>\n\t<meta name=\"twitter:data1\" content=\"3 minutes\" \/>\n<script type=\"application\/ld+json\" class=\"yoast-schema-graph\">{\"@context\":\"https:\/\/schema.org\",\"@graph\":[{\"@type\":\"WebPage\",\"@id\":\"https:\/\/mariacaudevilla.com\/shortcut\/\",\"url\":\"https:\/\/mariacaudevilla.com\/shortcut\/\",\"name\":\"SHORTCUT - Maria Caudevilla\",\"isPartOf\":{\"@id\":\"https:\/\/mariacaudevilla.com\/#website\"},\"datePublished\":\"2021-12-10T11:12:57+00:00\",\"dateModified\":\"2024-10-28T14:59:21+00:00\",\"breadcrumb\":{\"@id\":\"https:\/\/mariacaudevilla.com\/shortcut\/#breadcrumb\"},\"inLanguage\":\"en-US\",\"potentialAction\":[{\"@type\":\"ReadAction\",\"target\":[\"https:\/\/mariacaudevilla.com\/shortcut\/\"]}]},{\"@type\":\"BreadcrumbList\",\"@id\":\"https:\/\/mariacaudevilla.com\/shortcut\/#breadcrumb\",\"itemListElement\":[{\"@type\":\"ListItem\",\"position\":1,\"name\":\"Portada\",\"item\":\"https:\/\/mariacaudevilla.com\/\"},{\"@type\":\"ListItem\",\"position\":2,\"name\":\"SHORTCUT\"}]},{\"@type\":\"WebSite\",\"@id\":\"https:\/\/mariacaudevilla.com\/#website\",\"url\":\"https:\/\/mariacaudevilla.com\/\",\"name\":\"Maria Caudevilla\",\"description\":\"\",\"potentialAction\":[{\"@type\":\"SearchAction\",\"target\":{\"@type\":\"EntryPoint\",\"urlTemplate\":\"https:\/\/mariacaudevilla.com\/?s={search_term_string}\"},\"query-input\":\"required name=search_term_string\"}],\"inLanguage\":\"en-US\"}]}<\/script>\n<!-- \/ Yoast SEO plugin. -->","yoast_head_json":{"title":"SHORTCUT - Maria Caudevilla","robots":{"index":"index","follow":"follow","max-snippet":"max-snippet:-1","max-image-preview":"max-image-preview:large","max-video-preview":"max-video-preview:-1"},"canonical":"https:\/\/mariacaudevilla.com\/en\/shortcut\/","og_locale":"en_US","og_type":"article","og_title":"SHORTCUT - Maria Caudevilla","og_description":"SINOPSIS Shortcut es una versi\u00f3n contempor\u00e1nea de Caperucita Roja. Nuestra protagonista no lleva a su abuelita galletas caseras reci\u00e9n horneadas ni manzanas del huerto ni miel de la colmena. Lo compra todo en el supermercado del barrio, envasado y plastificado. Tiene que caminar mucho, much\u00edsimo para llegar hasta el bosque. Mientras se come una de [&hellip;]","og_url":"https:\/\/mariacaudevilla.com\/en\/shortcut\/","og_site_name":"Maria Caudevilla","article_modified_time":"2024-10-28T14:59:21+00:00","og_image":[{"url":"https:\/\/mariacaudevilla.com\/wp-content\/uploads\/2021\/12\/cartel_shortcut-723x1024.jpg"}],"twitter_card":"summary_large_image","twitter_misc":{"Est. reading time":"3 minutes"},"schema":{"@context":"https:\/\/schema.org","@graph":[{"@type":"WebPage","@id":"https:\/\/mariacaudevilla.com\/shortcut\/","url":"https:\/\/mariacaudevilla.com\/shortcut\/","name":"SHORTCUT - Maria Caudevilla","isPartOf":{"@id":"https:\/\/mariacaudevilla.com\/#website"},"datePublished":"2021-12-10T11:12:57+00:00","dateModified":"2024-10-28T14:59:21+00:00","breadcrumb":{"@id":"https:\/\/mariacaudevilla.com\/shortcut\/#breadcrumb"},"inLanguage":"en-US","potentialAction":[{"@type":"ReadAction","target":["https:\/\/mariacaudevilla.com\/shortcut\/"]}]},{"@type":"BreadcrumbList","@id":"https:\/\/mariacaudevilla.com\/shortcut\/#breadcrumb","itemListElement":[{"@type":"ListItem","position":1,"name":"Portada","item":"https:\/\/mariacaudevilla.com\/"},{"@type":"ListItem","position":2,"name":"SHORTCUT"}]},{"@type":"WebSite","@id":"https:\/\/mariacaudevilla.com\/#website","url":"https:\/\/mariacaudevilla.com\/","name":"Maria Caudevilla","description":"","potentialAction":[{"@type":"SearchAction","target":{"@type":"EntryPoint","urlTemplate":"https:\/\/mariacaudevilla.com\/?s={search_term_string}"},"query-input":"required name=search_term_string"}],"inLanguage":"en-US"}]}},"_links":{"self":[{"href":"https:\/\/mariacaudevilla.com\/en\/wp-json\/wp\/v2\/pages\/570"}],"collection":[{"href":"https:\/\/mariacaudevilla.com\/en\/wp-json\/wp\/v2\/pages"}],"about":[{"href":"https:\/\/mariacaudevilla.com\/en\/wp-json\/wp\/v2\/types\/page"}],"author":[{"embeddable":true,"href":"https:\/\/mariacaudevilla.com\/en\/wp-json\/wp\/v2\/users\/2"}],"replies":[{"embeddable":true,"href":"https:\/\/mariacaudevilla.com\/en\/wp-json\/wp\/v2\/comments?post=570"}],"version-history":[{"count":11,"href":"https:\/\/mariacaudevilla.com\/en\/wp-json\/wp\/v2\/pages\/570\/revisions"}],"predecessor-version":[{"id":993,"href":"https:\/\/mariacaudevilla.com\/en\/wp-json\/wp\/v2\/pages\/570\/revisions\/993"}],"wp:attachment":[{"href":"https:\/\/mariacaudevilla.com\/en\/wp-json\/wp\/v2\/media?parent=570"}],"curies":[{"name":"wp","href":"https:\/\/api.w.org\/{rel}","templated":true}]}}