{"id":53,"date":"2020-02-06T14:43:19","date_gmt":"2020-02-06T14:43:19","guid":{"rendered":"https:\/\/mariacaudevilla.com\/?page_id=53"},"modified":"2024-10-30T15:49:33","modified_gmt":"2024-10-30T15:49:33","slug":"curriculum","status":"publish","type":"page","link":"https:\/\/mariacaudevilla.com\/en\/curriculum\/","title":{"rendered":"Bio"},"content":{"rendered":"<p>Phd International Performing Arts by the Complutense University of Madrid and the London University, he combines research with your facet, more artistic. He is a member of the Training Group 2007 the Abbey Theatre, he was a professor at the European University of Madrid, and now it is at the International University of La Rioja, where she completed the Master of Advanced Studies in Theatre, as well as in the School of Arts TAI. He graduated in Dramatic Arts at the University of Kent, and continued her career in New York, acting in the Wings Theatre and the Spanish Repertory Theatre, among others.<\/p>\n\n\n\n<p>Cover Baraka Theatre with their first assembly as a director and playwright<em>, Dream Lorca or the dream of the apples <\/em>(2008)<strong>,<\/strong> that was premiered at the Teatro Espa\u00f1ol in Madrid, received three nominations at the Max Awards for the Performing Arts in 2010 and is a finalist in the Competition XIV of Directors of Scene. <em>Miguel Hern\u00e1ndez: labrador of the wind <\/em>(2010), won the Award for Contemporary Creation 2009 and premiered at the Ships of The Spanish in the Slaughterhouse of Madrid. <em>We Are Not Angels <\/em>(2011), a finalist in the first installment of Talent Madrid, obtained a Grant of Residence of The nave del duende de C\u00e1ceres, and is chosen by RNE as one of the ten best proposals theatre of the season. <em>Nobilmente <\/em>(2016), in co-production with Up-To-Tree Theatre premiere at the Palacio Valdes Aviles, is presented in the Festival ITEM in the House switched on and in Them to Believe in the Teatro Conde Duque. Mary Caudevilla received in 2012 the Medal&#039;s Special CELCIT for his contribution to the development of the Performing Arts in Latin america. It is also part of the selection of the National Drama Center in the laboratory of work between Russia and Spain, in collaboration with the Moscow Art Theatre.<\/p>\n\n\n\n<p>He premiered his first short film <em>Elisa <\/em>(2017), published his illustrated book <em>FU <\/em>(2018) and edit your scripts on the volume <em>Under Baraka\u2019s Umbrella <\/em>(2018) and in <em>InAnna\/The jungle of Miranda <\/em>(2024). Receives Mention of Culture is Concerned for his second short film <em>Shortcut <\/em>(2021) and ends <em>Unforgettable <\/em>in the same year. Translate <em>Lungs <\/em>Duncan Macmillan for the National Drama Center (2019). Is the curator of the International Festival of the Arts and Culture of the Castile and Le\u00f3n, FACYL 2020. Follow <em>Oceanus <\/em>(2015) and PachaMam\u00e1 (2020)<em>,<\/em> theatre for early childhood; as well as <em>InAnna <\/em>(2022), premiered at the Corral de Comedias de Alcal\u00e1 de Henares. He has directed parts of the <em>Dramawalker Lavapi\u00e9s <\/em>(2022) produced by the National Drama center, <em>Another\u2019s Nest <\/em>(2022) of Jacinto Benavente, and <em>Phenomenology of the Gossip <\/em>(2023), both productions of the Teatro Espa\u00f1ol. Assists in the direction of Dan Jemmet of <em>Cats die as a people <\/em>(2024) in the National Drama Center.<em>The Wilds of Miranda<\/em>based on <em>The tempest <\/em>William Shakespeare,has been released in December 2023 at the Theatre of the Pacific in Lima, is first prize of the XXVII National Contest of Directors of Scene.<\/p>\n\n\n\n<div class=\"wp-block-columns is-layout-flex wp-container-core-columns-layout-1 wp-block-columns-is-layout-flex\">\n<div class=\"wp-block-column is-layout-flow wp-block-column-is-layout-flow\">\n<div class=\"wp-block-button aligncenter\"><a class=\"wp-block-button__link wp-element-button\" href=\"https:\/\/mariacaudevilla.com\/descargas\/BIO Mari\u0301a Caudevilla 2024_.pdf\"> pdf<\/a><\/div>\n<\/div>\n\n\n\n<div class=\"wp-block-column is-layout-flow wp-block-column-is-layout-flow\">\n<div class=\"wp-block-button aligncenter\"><a class=\"wp-block-button__link wp-element-button\" href=\"https:\/\/mariacaudevilla.com\/descargas\/BIO Mari\u0301a Caudevilla ENGLISH_.pdf\"> pdf Vs English<\/a><\/div>\n<\/div>\n\n\n\n<div class=\"wp-block-column is-layout-flow wp-block-column-is-layout-flow\">\n<div class=\"wp-block-button aligncenter\"><a class=\"wp-block-button__link wp-element-button\" href=\"https:\/\/mariacaudevilla.com\/descargas\/CV Mari\u0301a Caudevilla 2024 _.pdf\">CV<\/a><\/div>\n\n\n\n<p><\/p>\n<\/div>\n<\/div>\n\n\n\n<figure class=\"wp-block-gallery has-nested-images columns-default is-cropped wp-block-gallery-1 is-layout-flex wp-block-gallery-is-layout-flex\">\n<figure class=\"wp-block-image size-large\"><a href=\"https:\/\/mariacaudevilla.com\/wp-content\/uploads\/2020\/02\/Maria.jpg\"><img loading=\"lazy\" decoding=\"async\" width=\"684\" height=\"1024\" data-id=\"90\" src=\"https:\/\/mariacaudevilla.com\/wp-content\/uploads\/2020\/02\/Maria-684x1024.jpg\" alt=\"\" class=\"wp-image-90\" srcset=\"https:\/\/mariacaudevilla.com\/wp-content\/uploads\/2020\/02\/Maria-684x1024.jpg 684w, https:\/\/mariacaudevilla.com\/wp-content\/uploads\/2020\/02\/Maria-200x300.jpg 200w, https:\/\/mariacaudevilla.com\/wp-content\/uploads\/2020\/02\/Maria-768x1150.jpg 768w, https:\/\/mariacaudevilla.com\/wp-content\/uploads\/2020\/02\/Maria.jpg 855w\" sizes=\"(max-width: 684px) 100vw, 684px\" \/><\/a><\/figure>\n\n\n\n<figure class=\"wp-block-image size-large\"><a href=\"https:\/\/mariacaudevilla.com\/wp-content\/uploads\/2020\/05\/MariaC6106BW.jpg\"><img loading=\"lazy\" decoding=\"async\" width=\"684\" height=\"1024\" data-id=\"443\" src=\"https:\/\/mariacaudevilla.com\/wp-content\/uploads\/2020\/05\/MariaC6106BW-684x1024.jpg\" alt=\"\" class=\"wp-image-443\" srcset=\"https:\/\/mariacaudevilla.com\/wp-content\/uploads\/2020\/05\/MariaC6106BW-684x1024.jpg 684w, https:\/\/mariacaudevilla.com\/wp-content\/uploads\/2020\/05\/MariaC6106BW-200x300.jpg 200w, https:\/\/mariacaudevilla.com\/wp-content\/uploads\/2020\/05\/MariaC6106BW-768x1150.jpg 768w, https:\/\/mariacaudevilla.com\/wp-content\/uploads\/2020\/05\/MariaC6106BW.jpg 855w\" sizes=\"(max-width: 684px) 100vw, 684px\" \/><\/a><\/figure>\n\n\n\n<figure class=\"wp-block-image size-large\"><a href=\"https:\/\/mariacaudevilla.com\/wp-content\/uploads\/2020\/05\/MariaC6304BW2.jpg\"><img loading=\"lazy\" decoding=\"async\" width=\"752\" height=\"684\" data-id=\"445\" src=\"https:\/\/mariacaudevilla.com\/wp-content\/uploads\/2020\/05\/MariaC6304BW2.jpg\" alt=\"\" class=\"wp-image-445\" srcset=\"https:\/\/mariacaudevilla.com\/wp-content\/uploads\/2020\/05\/MariaC6304BW2.jpg 752w, https:\/\/mariacaudevilla.com\/wp-content\/uploads\/2020\/05\/MariaC6304BW2-300x273.jpg 300w\" sizes=\"(max-width: 752px) 100vw, 752px\" \/><\/a><\/figure>\n<\/figure>","protected":false},"excerpt":{"rendered":"<p>Doctora Internacional en Artes Esc\u00e9nicas por la Universidad Complutense de Madrid y la London University, compagina la investigaci\u00f3n con su faceta m\u00e1s art\u00edstica. Es miembro del Grupo de Formaci\u00f3n 2007 del Teatro de La Abad\u00eda, fue docente en la Universidad Europea de Madrid y ahora lo es en la Universidad Internacional de La Rioja, donde [&hellip;]<\/p>","protected":false},"author":2,"featured_media":0,"parent":0,"menu_order":0,"comment_status":"closed","ping_status":"closed","template":"templates\/template-cover.php","meta":{"footnotes":""},"yoast_head":"<!-- This site is optimized with the Yoast SEO plugin v21.7 - https:\/\/yoast.com\/wordpress\/plugins\/seo\/ -->\n<title>Bio - Maria Caudevilla<\/title>\n<meta name=\"robots\" content=\"index, follow, max-snippet:-1, max-image-preview:large, max-video-preview:-1\" \/>\n<link rel=\"canonical\" href=\"https:\/\/mariacaudevilla.com\/en\/curriculum\/\" \/>\n<meta property=\"og:locale\" content=\"en_US\" \/>\n<meta property=\"og:type\" content=\"article\" \/>\n<meta property=\"og:title\" content=\"Bio - Maria Caudevilla\" \/>\n<meta property=\"og:description\" content=\"Doctora Internacional en Artes Esc\u00e9nicas por la Universidad Complutense de Madrid y la London University, compagina la investigaci\u00f3n con su faceta m\u00e1s art\u00edstica. Es miembro del Grupo de Formaci\u00f3n 2007 del Teatro de La Abad\u00eda, fue docente en la Universidad Europea de Madrid y ahora lo es en la Universidad Internacional de La Rioja, donde [&hellip;]\" \/>\n<meta property=\"og:url\" content=\"https:\/\/mariacaudevilla.com\/en\/curriculum\/\" \/>\n<meta property=\"og:site_name\" content=\"Maria Caudevilla\" \/>\n<meta property=\"article:modified_time\" content=\"2024-10-30T15:49:33+00:00\" \/>\n<meta property=\"og:image\" content=\"https:\/\/mariacaudevilla.com\/wp-content\/uploads\/2020\/02\/Maria-684x1024.jpg\" \/>\n<meta name=\"twitter:card\" content=\"summary_large_image\" \/>\n<meta name=\"twitter:label1\" content=\"Est. reading time\" \/>\n\t<meta name=\"twitter:data1\" content=\"3 minutes\" \/>\n<script type=\"application\/ld+json\" class=\"yoast-schema-graph\">{\"@context\":\"https:\/\/schema.org\",\"@graph\":[{\"@type\":\"WebPage\",\"@id\":\"https:\/\/mariacaudevilla.com\/curriculum\/\",\"url\":\"https:\/\/mariacaudevilla.com\/curriculum\/\",\"name\":\"Bio - Maria Caudevilla\",\"isPartOf\":{\"@id\":\"https:\/\/mariacaudevilla.com\/#website\"},\"datePublished\":\"2020-02-06T14:43:19+00:00\",\"dateModified\":\"2024-10-30T15:49:33+00:00\",\"breadcrumb\":{\"@id\":\"https:\/\/mariacaudevilla.com\/curriculum\/#breadcrumb\"},\"inLanguage\":\"en-US\",\"potentialAction\":[{\"@type\":\"ReadAction\",\"target\":[\"https:\/\/mariacaudevilla.com\/curriculum\/\"]}]},{\"@type\":\"BreadcrumbList\",\"@id\":\"https:\/\/mariacaudevilla.com\/curriculum\/#breadcrumb\",\"itemListElement\":[{\"@type\":\"ListItem\",\"position\":1,\"name\":\"Portada\",\"item\":\"https:\/\/mariacaudevilla.com\/\"},{\"@type\":\"ListItem\",\"position\":2,\"name\":\"Bio\"}]},{\"@type\":\"WebSite\",\"@id\":\"https:\/\/mariacaudevilla.com\/#website\",\"url\":\"https:\/\/mariacaudevilla.com\/\",\"name\":\"Maria Caudevilla\",\"description\":\"\",\"potentialAction\":[{\"@type\":\"SearchAction\",\"target\":{\"@type\":\"EntryPoint\",\"urlTemplate\":\"https:\/\/mariacaudevilla.com\/?s={search_term_string}\"},\"query-input\":\"required name=search_term_string\"}],\"inLanguage\":\"en-US\"}]}<\/script>\n<!-- \/ Yoast SEO plugin. -->","yoast_head_json":{"title":"Bio - Maria Caudevilla","robots":{"index":"index","follow":"follow","max-snippet":"max-snippet:-1","max-image-preview":"max-image-preview:large","max-video-preview":"max-video-preview:-1"},"canonical":"https:\/\/mariacaudevilla.com\/en\/curriculum\/","og_locale":"en_US","og_type":"article","og_title":"Bio - Maria Caudevilla","og_description":"Doctora Internacional en Artes Esc\u00e9nicas por la Universidad Complutense de Madrid y la London University, compagina la investigaci\u00f3n con su faceta m\u00e1s art\u00edstica. Es miembro del Grupo de Formaci\u00f3n 2007 del Teatro de La Abad\u00eda, fue docente en la Universidad Europea de Madrid y ahora lo es en la Universidad Internacional de La Rioja, donde [&hellip;]","og_url":"https:\/\/mariacaudevilla.com\/en\/curriculum\/","og_site_name":"Maria Caudevilla","article_modified_time":"2024-10-30T15:49:33+00:00","og_image":[{"url":"https:\/\/mariacaudevilla.com\/wp-content\/uploads\/2020\/02\/Maria-684x1024.jpg"}],"twitter_card":"summary_large_image","twitter_misc":{"Est. reading time":"3 minutes"},"schema":{"@context":"https:\/\/schema.org","@graph":[{"@type":"WebPage","@id":"https:\/\/mariacaudevilla.com\/curriculum\/","url":"https:\/\/mariacaudevilla.com\/curriculum\/","name":"Bio - Maria Caudevilla","isPartOf":{"@id":"https:\/\/mariacaudevilla.com\/#website"},"datePublished":"2020-02-06T14:43:19+00:00","dateModified":"2024-10-30T15:49:33+00:00","breadcrumb":{"@id":"https:\/\/mariacaudevilla.com\/curriculum\/#breadcrumb"},"inLanguage":"en-US","potentialAction":[{"@type":"ReadAction","target":["https:\/\/mariacaudevilla.com\/curriculum\/"]}]},{"@type":"BreadcrumbList","@id":"https:\/\/mariacaudevilla.com\/curriculum\/#breadcrumb","itemListElement":[{"@type":"ListItem","position":1,"name":"Portada","item":"https:\/\/mariacaudevilla.com\/"},{"@type":"ListItem","position":2,"name":"Bio"}]},{"@type":"WebSite","@id":"https:\/\/mariacaudevilla.com\/#website","url":"https:\/\/mariacaudevilla.com\/","name":"Maria Caudevilla","description":"","potentialAction":[{"@type":"SearchAction","target":{"@type":"EntryPoint","urlTemplate":"https:\/\/mariacaudevilla.com\/?s={search_term_string}"},"query-input":"required name=search_term_string"}],"inLanguage":"en-US"}]}},"_links":{"self":[{"href":"https:\/\/mariacaudevilla.com\/en\/wp-json\/wp\/v2\/pages\/53"}],"collection":[{"href":"https:\/\/mariacaudevilla.com\/en\/wp-json\/wp\/v2\/pages"}],"about":[{"href":"https:\/\/mariacaudevilla.com\/en\/wp-json\/wp\/v2\/types\/page"}],"author":[{"embeddable":true,"href":"https:\/\/mariacaudevilla.com\/en\/wp-json\/wp\/v2\/users\/2"}],"replies":[{"embeddable":true,"href":"https:\/\/mariacaudevilla.com\/en\/wp-json\/wp\/v2\/comments?post=53"}],"version-history":[{"count":34,"href":"https:\/\/mariacaudevilla.com\/en\/wp-json\/wp\/v2\/pages\/53\/revisions"}],"predecessor-version":[{"id":1062,"href":"https:\/\/mariacaudevilla.com\/en\/wp-json\/wp\/v2\/pages\/53\/revisions\/1062"}],"wp:attachment":[{"href":"https:\/\/mariacaudevilla.com\/en\/wp-json\/wp\/v2\/media?parent=53"}],"curies":[{"name":"wp","href":"https:\/\/api.w.org\/{rel}","templated":true}]}}