{"id":256,"date":"2020-02-28T12:41:18","date_gmt":"2020-02-28T12:41:18","guid":{"rendered":"https:\/\/mariacaudevilla.com\/?page_id=256"},"modified":"2020-06-04T12:39:58","modified_gmt":"2020-06-04T12:39:58","slug":"elisa","status":"publish","type":"page","link":"https:\/\/mariacaudevilla.com\/en\/elisa\/","title":{"rendered":"Elisa"},"content":{"rendered":"<figure class=\"wp-block-image size-large\"><img loading=\"lazy\" decoding=\"async\" width=\"565\" height=\"800\" src=\"https:\/\/mariacaudevilla.com\/wp-content\/uploads\/2020\/02\/CARTEL_-ELISA.jpg\" alt=\"\" class=\"wp-image-260\" srcset=\"https:\/\/mariacaudevilla.com\/wp-content\/uploads\/2020\/02\/CARTEL_-ELISA.jpg 565w, https:\/\/mariacaudevilla.com\/wp-content\/uploads\/2020\/02\/CARTEL_-ELISA-212x300.jpg 212w\" sizes=\"(max-width: 565px) 100vw, 565px\" \/><\/figure>\n\n\n\n<figure class=\"wp-block-gallery columns-3 is-cropped wp-block-gallery-1 is-layout-flex wp-block-gallery-is-layout-flex\"><ul class=\"blocks-gallery-grid\"><li class=\"blocks-gallery-item\"><figure><a href=\"https:\/\/mariacaudevilla.com\/wp-content\/uploads\/2020\/02\/elisa_2.jpg\"><img loading=\"lazy\" decoding=\"async\" width=\"800\" height=\"533\" src=\"https:\/\/mariacaudevilla.com\/wp-content\/uploads\/2020\/02\/elisa_2.jpg\" alt=\"\" data-id=\"258\" data-link=\"https:\/\/mariacaudevilla.com\/elisa\/elisa_2\/\" class=\"wp-image-258\" srcset=\"https:\/\/mariacaudevilla.com\/wp-content\/uploads\/2020\/02\/elisa_2.jpg 800w, https:\/\/mariacaudevilla.com\/wp-content\/uploads\/2020\/02\/elisa_2-300x200.jpg 300w, https:\/\/mariacaudevilla.com\/wp-content\/uploads\/2020\/02\/elisa_2-768x512.jpg 768w\" sizes=\"(max-width: 800px) 100vw, 800px\" \/><\/a><\/figure><\/li><li class=\"blocks-gallery-item\"><figure><a href=\"https:\/\/mariacaudevilla.com\/wp-content\/uploads\/2020\/05\/Elisa_Maria_Caudevilla.jpg\"><img loading=\"lazy\" decoding=\"async\" width=\"1024\" height=\"682\" src=\"https:\/\/mariacaudevilla.com\/wp-content\/uploads\/2020\/05\/Elisa_Maria_Caudevilla-1024x682.jpg\" alt=\"\" data-id=\"452\" data-full-url=\"https:\/\/mariacaudevilla.com\/wp-content\/uploads\/2020\/05\/Elisa_Maria_Caudevilla.jpg\" data-link=\"https:\/\/mariacaudevilla.com\/elisa\/elisa_maria_caudevilla\/\" class=\"wp-image-452\" srcset=\"https:\/\/mariacaudevilla.com\/wp-content\/uploads\/2020\/05\/Elisa_Maria_Caudevilla-1024x682.jpg 1024w, https:\/\/mariacaudevilla.com\/wp-content\/uploads\/2020\/05\/Elisa_Maria_Caudevilla-300x200.jpg 300w, https:\/\/mariacaudevilla.com\/wp-content\/uploads\/2020\/05\/Elisa_Maria_Caudevilla-768x512.jpg 768w, https:\/\/mariacaudevilla.com\/wp-content\/uploads\/2020\/05\/Elisa_Maria_Caudevilla.jpg 1181w\" sizes=\"(max-width: 1024px) 100vw, 1024px\" \/><\/a><\/figure><\/li><li class=\"blocks-gallery-item\"><figure><a href=\"https:\/\/mariacaudevilla.com\/wp-content\/uploads\/2020\/04\/Elisa_2-1024x682.jpg\"><img loading=\"lazy\" decoding=\"async\" width=\"1024\" height=\"682\" src=\"https:\/\/mariacaudevilla.com\/wp-content\/uploads\/2020\/04\/Elisa_2-1024x682.jpg\" alt=\"\" data-id=\"390\" data-link=\"https:\/\/mariacaudevilla.com\/elisa\/elisa_2-2\/\" class=\"wp-image-390\" srcset=\"https:\/\/mariacaudevilla.com\/wp-content\/uploads\/2020\/04\/Elisa_2-1024x682.jpg 1024w, https:\/\/mariacaudevilla.com\/wp-content\/uploads\/2020\/04\/Elisa_2-300x200.jpg 300w, https:\/\/mariacaudevilla.com\/wp-content\/uploads\/2020\/04\/Elisa_2-768x512.jpg 768w, https:\/\/mariacaudevilla.com\/wp-content\/uploads\/2020\/04\/Elisa_2-1200x800.jpg 1200w, https:\/\/mariacaudevilla.com\/wp-content\/uploads\/2020\/04\/Elisa_2.jpg 1244w\" sizes=\"(max-width: 1024px) 100vw, 1024px\" \/><\/a><\/figure><\/li><li class=\"blocks-gallery-item\"><figure><a href=\"https:\/\/mariacaudevilla.com\/wp-content\/uploads\/2020\/04\/Elisa_3-1024x682.jpg\"><img loading=\"lazy\" decoding=\"async\" width=\"1024\" height=\"682\" src=\"https:\/\/mariacaudevilla.com\/wp-content\/uploads\/2020\/04\/Elisa_3-1024x682.jpg\" alt=\"\" data-id=\"400\" data-link=\"https:\/\/mariacaudevilla.com\/elisa\/elisa_3-2\/\" class=\"wp-image-400\" srcset=\"https:\/\/mariacaudevilla.com\/wp-content\/uploads\/2020\/04\/Elisa_3-1024x682.jpg 1024w, https:\/\/mariacaudevilla.com\/wp-content\/uploads\/2020\/04\/Elisa_3-300x200.jpg 300w, https:\/\/mariacaudevilla.com\/wp-content\/uploads\/2020\/04\/Elisa_3-768x512.jpg 768w, https:\/\/mariacaudevilla.com\/wp-content\/uploads\/2020\/04\/Elisa_3-1200x800.jpg 1200w, https:\/\/mariacaudevilla.com\/wp-content\/uploads\/2020\/04\/Elisa_3.jpg 1244w\" sizes=\"(max-width: 1024px) 100vw, 1024px\" \/><\/a><\/figure><\/li><\/ul><\/figure>\n\n\n\n<p class=\"has-text-align-center\"><strong>SINOPSIS<\/strong><\/p>\n\n\n\n<p>Elisa es lo que nos queda tras la p\u00e9rdida inevitable que es la vida, la historia que nos contamos para seguir adelante. Elisa y Mario son los restos de las ruinas de la destrucci\u00f3n con los que fabricamos castillos y princesas, el di\u00e1logo que nos mantiene en el camino y nos da la fuerza para atravesar el bosque invernal de la soledad, para hacernos m\u00e1s vulnerables al dolor y salir de nuestro caparaz\u00f3n para sacar los cuernos al sol.<\/p>\n\n\n\n<figure class=\"wp-block-embed-youtube wp-block-embed is-type-video is-provider-youtube wp-embed-aspect-16-9 wp-has-aspect-ratio\"><div class=\"wp-block-embed__wrapper\">\n<iframe loading=\"lazy\" title=\"Elisa\" width=\"580\" height=\"326\" src=\"https:\/\/www.youtube.com\/embed\/HnCUF-TGhzo?start=258&#038;feature=oembed\" frameborder=\"0\" allow=\"accelerometer; autoplay; clipboard-write; encrypted-media; gyroscope; picture-in-picture\" allowfullscreen><\/iframe>\n<\/div><\/figure>","protected":false},"excerpt":{"rendered":"<p>SINOPSIS Elisa es lo que nos queda tras la p\u00e9rdida inevitable que es la vida, la historia que nos contamos para seguir adelante. Elisa y Mario son los restos de las ruinas de la destrucci\u00f3n con los que fabricamos castillos y princesas, el di\u00e1logo que nos mantiene en el camino y nos da la fuerza [&hellip;]<\/p>","protected":false},"author":2,"featured_media":0,"parent":0,"menu_order":0,"comment_status":"closed","ping_status":"closed","template":"templates\/template-cover.php","meta":{"footnotes":""},"yoast_head":"<!-- This site is optimized with the Yoast SEO plugin v21.7 - https:\/\/yoast.com\/wordpress\/plugins\/seo\/ -->\n<title>Elisa - Maria Caudevilla<\/title>\n<meta name=\"robots\" content=\"index, follow, max-snippet:-1, max-image-preview:large, max-video-preview:-1\" \/>\n<link rel=\"canonical\" href=\"https:\/\/mariacaudevilla.com\/en\/elisa\/\" \/>\n<meta property=\"og:locale\" content=\"en_US\" \/>\n<meta property=\"og:type\" content=\"article\" \/>\n<meta property=\"og:title\" content=\"Elisa - Maria Caudevilla\" \/>\n<meta property=\"og:description\" content=\"SINOPSIS Elisa es lo que nos queda tras la p\u00e9rdida inevitable que es la vida, la historia que nos contamos para seguir adelante. Elisa y Mario son los restos de las ruinas de la destrucci\u00f3n con los que fabricamos castillos y princesas, el di\u00e1logo que nos mantiene en el camino y nos da la fuerza [&hellip;]\" \/>\n<meta property=\"og:url\" content=\"https:\/\/mariacaudevilla.com\/en\/elisa\/\" \/>\n<meta property=\"og:site_name\" content=\"Maria Caudevilla\" \/>\n<meta property=\"article:modified_time\" content=\"2020-06-04T12:39:58+00:00\" \/>\n<meta property=\"og:image\" content=\"https:\/\/mariacaudevilla.com\/wp-content\/uploads\/2020\/02\/CARTEL_-ELISA.jpg\" \/>\n<meta name=\"twitter:card\" content=\"summary_large_image\" \/>\n<script type=\"application\/ld+json\" class=\"yoast-schema-graph\">{\"@context\":\"https:\/\/schema.org\",\"@graph\":[{\"@type\":\"WebPage\",\"@id\":\"https:\/\/mariacaudevilla.com\/elisa\/\",\"url\":\"https:\/\/mariacaudevilla.com\/elisa\/\",\"name\":\"Elisa - Maria Caudevilla\",\"isPartOf\":{\"@id\":\"https:\/\/mariacaudevilla.com\/#website\"},\"datePublished\":\"2020-02-28T12:41:18+00:00\",\"dateModified\":\"2020-06-04T12:39:58+00:00\",\"breadcrumb\":{\"@id\":\"https:\/\/mariacaudevilla.com\/elisa\/#breadcrumb\"},\"inLanguage\":\"en-US\",\"potentialAction\":[{\"@type\":\"ReadAction\",\"target\":[\"https:\/\/mariacaudevilla.com\/elisa\/\"]}]},{\"@type\":\"BreadcrumbList\",\"@id\":\"https:\/\/mariacaudevilla.com\/elisa\/#breadcrumb\",\"itemListElement\":[{\"@type\":\"ListItem\",\"position\":1,\"name\":\"Portada\",\"item\":\"https:\/\/mariacaudevilla.com\/\"},{\"@type\":\"ListItem\",\"position\":2,\"name\":\"Elisa\"}]},{\"@type\":\"WebSite\",\"@id\":\"https:\/\/mariacaudevilla.com\/#website\",\"url\":\"https:\/\/mariacaudevilla.com\/\",\"name\":\"Maria Caudevilla\",\"description\":\"\",\"potentialAction\":[{\"@type\":\"SearchAction\",\"target\":{\"@type\":\"EntryPoint\",\"urlTemplate\":\"https:\/\/mariacaudevilla.com\/?s={search_term_string}\"},\"query-input\":\"required name=search_term_string\"}],\"inLanguage\":\"en-US\"}]}<\/script>\n<!-- \/ Yoast SEO plugin. -->","yoast_head_json":{"title":"Elisa - Maria Caudevilla","robots":{"index":"index","follow":"follow","max-snippet":"max-snippet:-1","max-image-preview":"max-image-preview:large","max-video-preview":"max-video-preview:-1"},"canonical":"https:\/\/mariacaudevilla.com\/en\/elisa\/","og_locale":"en_US","og_type":"article","og_title":"Elisa - Maria Caudevilla","og_description":"SINOPSIS Elisa es lo que nos queda tras la p\u00e9rdida inevitable que es la vida, la historia que nos contamos para seguir adelante. Elisa y Mario son los restos de las ruinas de la destrucci\u00f3n con los que fabricamos castillos y princesas, el di\u00e1logo que nos mantiene en el camino y nos da la fuerza [&hellip;]","og_url":"https:\/\/mariacaudevilla.com\/en\/elisa\/","og_site_name":"Maria Caudevilla","article_modified_time":"2020-06-04T12:39:58+00:00","og_image":[{"url":"https:\/\/mariacaudevilla.com\/wp-content\/uploads\/2020\/02\/CARTEL_-ELISA.jpg"}],"twitter_card":"summary_large_image","schema":{"@context":"https:\/\/schema.org","@graph":[{"@type":"WebPage","@id":"https:\/\/mariacaudevilla.com\/elisa\/","url":"https:\/\/mariacaudevilla.com\/elisa\/","name":"Elisa - Maria Caudevilla","isPartOf":{"@id":"https:\/\/mariacaudevilla.com\/#website"},"datePublished":"2020-02-28T12:41:18+00:00","dateModified":"2020-06-04T12:39:58+00:00","breadcrumb":{"@id":"https:\/\/mariacaudevilla.com\/elisa\/#breadcrumb"},"inLanguage":"en-US","potentialAction":[{"@type":"ReadAction","target":["https:\/\/mariacaudevilla.com\/elisa\/"]}]},{"@type":"BreadcrumbList","@id":"https:\/\/mariacaudevilla.com\/elisa\/#breadcrumb","itemListElement":[{"@type":"ListItem","position":1,"name":"Portada","item":"https:\/\/mariacaudevilla.com\/"},{"@type":"ListItem","position":2,"name":"Elisa"}]},{"@type":"WebSite","@id":"https:\/\/mariacaudevilla.com\/#website","url":"https:\/\/mariacaudevilla.com\/","name":"Maria Caudevilla","description":"","potentialAction":[{"@type":"SearchAction","target":{"@type":"EntryPoint","urlTemplate":"https:\/\/mariacaudevilla.com\/?s={search_term_string}"},"query-input":"required name=search_term_string"}],"inLanguage":"en-US"}]}},"_links":{"self":[{"href":"https:\/\/mariacaudevilla.com\/en\/wp-json\/wp\/v2\/pages\/256"}],"collection":[{"href":"https:\/\/mariacaudevilla.com\/en\/wp-json\/wp\/v2\/pages"}],"about":[{"href":"https:\/\/mariacaudevilla.com\/en\/wp-json\/wp\/v2\/types\/page"}],"author":[{"embeddable":true,"href":"https:\/\/mariacaudevilla.com\/en\/wp-json\/wp\/v2\/users\/2"}],"replies":[{"embeddable":true,"href":"https:\/\/mariacaudevilla.com\/en\/wp-json\/wp\/v2\/comments?post=256"}],"version-history":[{"count":10,"href":"https:\/\/mariacaudevilla.com\/en\/wp-json\/wp\/v2\/pages\/256\/revisions"}],"predecessor-version":[{"id":582,"href":"https:\/\/mariacaudevilla.com\/en\/wp-json\/wp\/v2\/pages\/256\/revisions\/582"}],"wp:attachment":[{"href":"https:\/\/mariacaudevilla.com\/en\/wp-json\/wp\/v2\/media?parent=256"}],"curies":[{"name":"wp","href":"https:\/\/api.w.org\/{rel}","templated":true}]}}