{"id":227,"date":"2020-02-24T13:57:43","date_gmt":"2020-02-24T13:57:43","guid":{"rendered":"https:\/\/mariacaudevilla.com\/?page_id=227"},"modified":"2024-02-05T11:52:19","modified_gmt":"2024-02-05T11:52:19","slug":"bajo-el-paraguas-de-baraka","status":"publish","type":"page","link":"https:\/\/mariacaudevilla.com\/en\/bajo-el-paraguas-de-baraka\/","title":{"rendered":"Under Baraka\u2019s Umbrella"},"content":{"rendered":"<figure class=\"wp-block-gallery aligncenter has-nested-images columns-default is-cropped wp-block-gallery-1 is-layout-flex wp-block-gallery-is-layout-flex\"><div class=\"wp-block-image\">\n<figure class=\"aligncenter size-large\"><img loading=\"lazy\" decoding=\"async\" width=\"1024\" height=\"747\" data-id=\"234\" src=\"https:\/\/mariacaudevilla.com\/wp-content\/uploads\/2020\/02\/bajo_el_paraguas_de_baraka-1024x747.jpg\" alt=\"\" class=\"wp-image-234\" srcset=\"https:\/\/mariacaudevilla.com\/wp-content\/uploads\/2020\/02\/bajo_el_paraguas_de_baraka-1024x747.jpg 1024w, https:\/\/mariacaudevilla.com\/wp-content\/uploads\/2020\/02\/bajo_el_paraguas_de_baraka-300x219.jpg 300w, https:\/\/mariacaudevilla.com\/wp-content\/uploads\/2020\/02\/bajo_el_paraguas_de_baraka-768x560.jpg 768w, https:\/\/mariacaudevilla.com\/wp-content\/uploads\/2020\/02\/bajo_el_paraguas_de_baraka-1536x1121.jpg 1536w, https:\/\/mariacaudevilla.com\/wp-content\/uploads\/2020\/02\/bajo_el_paraguas_de_baraka-2048x1494.jpg 2048w, https:\/\/mariacaudevilla.com\/wp-content\/uploads\/2020\/02\/bajo_el_paraguas_de_baraka-1200x876.jpg 1200w, https:\/\/mariacaudevilla.com\/wp-content\/uploads\/2020\/02\/bajo_el_paraguas_de_baraka-1980x1445.jpg 1980w\" sizes=\"(max-width: 1024px) 100vw, 1024px\" \/><\/figure><\/div><figcaption class=\"blocks-gallery-caption wp-element-caption\"> Softcover, 212 p. 13,8 x 21 cm ISBN 978-84-947904-7-8 <\/figcaption><\/figure>\n\n\n\n<p> It assists in the last decades, profound changes of paradigms in the arts; and the theatre, which can be adapted to your environment, is no stranger to these transformations. The dramaturgy classic is replaced by another debtor of the culture of the image where the principles of canonical lurch to convey feelings, experiences or impressions through fables fragmented, characters that are unfolded or an expression of temporality as subjective as it is the perception of the same. The processes of staging collect, in the same way, a horizontal position of artist relations where the borders between its members are so labile as creative. This is the context in which germinate the drama of Mary Caudevilla that are not the result of a work-in the office, but due to a set of ideas bubbling away in her imagination, that moves to the actors with which it works, to give them form in a later text, once in the processes of trials have been conducted the necessary improvisations: \u201ceach mount is part of an idea that I, never in a text\u201d, writes in the epilogue of this book. Hence, the processes of the Company Baraka Theatre that leads since 2008, &#034;Dream Lorca or the dream of the apples&#034;, &#034;Miguel Hern\u00e1ndez: labrador of the wind&#034; and &#034;we are Not angels&#034;. Not in vain is the umbrella company which gives its title to the publication in a wink of trust in a time of failures, disappointments and painful setbacks that individualism prevailing is deliberately replaced by the mutual support necessary on which the director-playwright based their creation on the stage. The pictures, the plastic, the sensory, and other qualities \u201ctechnical\u201d here expressed are the tools that bring closer to the viewer or the reader to the existential issues that transit the titles present and everything in his plays: the life cycle of man, where the face of adversity, the contradictions and the suffering will recognize it, but before that Caudevilla opposed to an attitude of hopeful that it overflows, or by showing a friendly face and beautiful things, hidden in the blackness of bitter stocks, to appease fears and uncertainties. <\/p>\n\n\n\n<div class=\"wp-block-button aligncenter\"><a class=\"wp-block-button__link wp-element-button\" href=\"http:\/\/www.esperpentoteatro.es\/BAJO-EL-PARAGUAS-DE-BARAKA-de-Maria-Caudevilla\">buy<\/a><\/div>","protected":false},"excerpt":{"rendered":"<p>Se asiste en las \u00faltimas d\u00e9cadas a profundos cambios de paradigmas en las artes; y el teatro, permeable a su entorno, no es ajeno a estas transformaciones. La dramaturgia cl\u00e1sica se sustituye por otra deudora de la cultura de la imagen donde los principios can\u00f3nicos se tambalean para transmitir sensaciones, experiencias o impresiones a trav\u00e9s [&hellip;]<\/p>","protected":false},"author":2,"featured_media":0,"parent":0,"menu_order":0,"comment_status":"closed","ping_status":"closed","template":"templates\/template-cover.php","meta":{"footnotes":""},"yoast_head":"<!-- This site is optimized with the Yoast SEO plugin v21.7 - https:\/\/yoast.com\/wordpress\/plugins\/seo\/ -->\n<title>Bajo el paraguas de Baraka - Maria Caudevilla<\/title>\n<meta name=\"robots\" content=\"index, follow, max-snippet:-1, max-image-preview:large, max-video-preview:-1\" \/>\n<link rel=\"canonical\" href=\"https:\/\/mariacaudevilla.com\/en\/bajo-el-paraguas-de-baraka\/\" \/>\n<meta property=\"og:locale\" content=\"en_US\" \/>\n<meta property=\"og:type\" content=\"article\" \/>\n<meta property=\"og:title\" content=\"Bajo el paraguas de Baraka - Maria Caudevilla\" \/>\n<meta property=\"og:description\" content=\"Se asiste en las \u00faltimas d\u00e9cadas a profundos cambios de paradigmas en las artes; y el teatro, permeable a su entorno, no es ajeno a estas transformaciones. La dramaturgia cl\u00e1sica se sustituye por otra deudora de la cultura de la imagen donde los principios can\u00f3nicos se tambalean para transmitir sensaciones, experiencias o impresiones a trav\u00e9s [&hellip;]\" \/>\n<meta property=\"og:url\" content=\"https:\/\/mariacaudevilla.com\/en\/bajo-el-paraguas-de-baraka\/\" \/>\n<meta property=\"og:site_name\" content=\"Maria Caudevilla\" \/>\n<meta property=\"article:modified_time\" content=\"2024-02-05T11:52:19+00:00\" \/>\n<meta property=\"og:image\" content=\"https:\/\/mariacaudevilla.com\/wp-content\/uploads\/2020\/02\/bajo_el_paraguas_de_baraka-1024x747.jpg\" \/>\n<meta name=\"twitter:card\" content=\"summary_large_image\" \/>\n<meta name=\"twitter:label1\" content=\"Est. reading time\" \/>\n\t<meta name=\"twitter:data1\" content=\"2 minutes\" \/>\n<script type=\"application\/ld+json\" class=\"yoast-schema-graph\">{\"@context\":\"https:\/\/schema.org\",\"@graph\":[{\"@type\":\"WebPage\",\"@id\":\"https:\/\/mariacaudevilla.com\/bajo-el-paraguas-de-baraka\/\",\"url\":\"https:\/\/mariacaudevilla.com\/bajo-el-paraguas-de-baraka\/\",\"name\":\"Bajo el paraguas de Baraka - Maria Caudevilla\",\"isPartOf\":{\"@id\":\"https:\/\/mariacaudevilla.com\/#website\"},\"datePublished\":\"2020-02-24T13:57:43+00:00\",\"dateModified\":\"2024-02-05T11:52:19+00:00\",\"breadcrumb\":{\"@id\":\"https:\/\/mariacaudevilla.com\/bajo-el-paraguas-de-baraka\/#breadcrumb\"},\"inLanguage\":\"en-US\",\"potentialAction\":[{\"@type\":\"ReadAction\",\"target\":[\"https:\/\/mariacaudevilla.com\/bajo-el-paraguas-de-baraka\/\"]}]},{\"@type\":\"BreadcrumbList\",\"@id\":\"https:\/\/mariacaudevilla.com\/bajo-el-paraguas-de-baraka\/#breadcrumb\",\"itemListElement\":[{\"@type\":\"ListItem\",\"position\":1,\"name\":\"Portada\",\"item\":\"https:\/\/mariacaudevilla.com\/\"},{\"@type\":\"ListItem\",\"position\":2,\"name\":\"Bajo el paraguas de Baraka\"}]},{\"@type\":\"WebSite\",\"@id\":\"https:\/\/mariacaudevilla.com\/#website\",\"url\":\"https:\/\/mariacaudevilla.com\/\",\"name\":\"Maria Caudevilla\",\"description\":\"\",\"potentialAction\":[{\"@type\":\"SearchAction\",\"target\":{\"@type\":\"EntryPoint\",\"urlTemplate\":\"https:\/\/mariacaudevilla.com\/?s={search_term_string}\"},\"query-input\":\"required name=search_term_string\"}],\"inLanguage\":\"en-US\"}]}<\/script>\n<!-- \/ Yoast SEO plugin. -->","yoast_head_json":{"title":"Bajo el paraguas de Baraka - Maria Caudevilla","robots":{"index":"index","follow":"follow","max-snippet":"max-snippet:-1","max-image-preview":"max-image-preview:large","max-video-preview":"max-video-preview:-1"},"canonical":"https:\/\/mariacaudevilla.com\/en\/bajo-el-paraguas-de-baraka\/","og_locale":"en_US","og_type":"article","og_title":"Bajo el paraguas de Baraka - Maria Caudevilla","og_description":"Se asiste en las \u00faltimas d\u00e9cadas a profundos cambios de paradigmas en las artes; y el teatro, permeable a su entorno, no es ajeno a estas transformaciones. La dramaturgia cl\u00e1sica se sustituye por otra deudora de la cultura de la imagen donde los principios can\u00f3nicos se tambalean para transmitir sensaciones, experiencias o impresiones a trav\u00e9s [&hellip;]","og_url":"https:\/\/mariacaudevilla.com\/en\/bajo-el-paraguas-de-baraka\/","og_site_name":"Maria Caudevilla","article_modified_time":"2024-02-05T11:52:19+00:00","og_image":[{"url":"https:\/\/mariacaudevilla.com\/wp-content\/uploads\/2020\/02\/bajo_el_paraguas_de_baraka-1024x747.jpg"}],"twitter_card":"summary_large_image","twitter_misc":{"Est. reading time":"2 minutes"},"schema":{"@context":"https:\/\/schema.org","@graph":[{"@type":"WebPage","@id":"https:\/\/mariacaudevilla.com\/bajo-el-paraguas-de-baraka\/","url":"https:\/\/mariacaudevilla.com\/bajo-el-paraguas-de-baraka\/","name":"Bajo el paraguas de Baraka - Maria Caudevilla","isPartOf":{"@id":"https:\/\/mariacaudevilla.com\/#website"},"datePublished":"2020-02-24T13:57:43+00:00","dateModified":"2024-02-05T11:52:19+00:00","breadcrumb":{"@id":"https:\/\/mariacaudevilla.com\/bajo-el-paraguas-de-baraka\/#breadcrumb"},"inLanguage":"en-US","potentialAction":[{"@type":"ReadAction","target":["https:\/\/mariacaudevilla.com\/bajo-el-paraguas-de-baraka\/"]}]},{"@type":"BreadcrumbList","@id":"https:\/\/mariacaudevilla.com\/bajo-el-paraguas-de-baraka\/#breadcrumb","itemListElement":[{"@type":"ListItem","position":1,"name":"Portada","item":"https:\/\/mariacaudevilla.com\/"},{"@type":"ListItem","position":2,"name":"Bajo el paraguas de Baraka"}]},{"@type":"WebSite","@id":"https:\/\/mariacaudevilla.com\/#website","url":"https:\/\/mariacaudevilla.com\/","name":"Maria Caudevilla","description":"","potentialAction":[{"@type":"SearchAction","target":{"@type":"EntryPoint","urlTemplate":"https:\/\/mariacaudevilla.com\/?s={search_term_string}"},"query-input":"required name=search_term_string"}],"inLanguage":"en-US"}]}},"_links":{"self":[{"href":"https:\/\/mariacaudevilla.com\/en\/wp-json\/wp\/v2\/pages\/227"}],"collection":[{"href":"https:\/\/mariacaudevilla.com\/en\/wp-json\/wp\/v2\/pages"}],"about":[{"href":"https:\/\/mariacaudevilla.com\/en\/wp-json\/wp\/v2\/types\/page"}],"author":[{"embeddable":true,"href":"https:\/\/mariacaudevilla.com\/en\/wp-json\/wp\/v2\/users\/2"}],"replies":[{"embeddable":true,"href":"https:\/\/mariacaudevilla.com\/en\/wp-json\/wp\/v2\/comments?post=227"}],"version-history":[{"count":4,"href":"https:\/\/mariacaudevilla.com\/en\/wp-json\/wp\/v2\/pages\/227\/revisions"}],"predecessor-version":[{"id":950,"href":"https:\/\/mariacaudevilla.com\/en\/wp-json\/wp\/v2\/pages\/227\/revisions\/950"}],"wp:attachment":[{"href":"https:\/\/mariacaudevilla.com\/en\/wp-json\/wp\/v2\/media?parent=227"}],"curies":[{"name":"wp","href":"https:\/\/api.w.org\/{rel}","templated":true}]}}