{"id":113,"date":"2020-02-13T14:08:13","date_gmt":"2020-02-13T14:08:13","guid":{"rendered":"https:\/\/mariacaudevilla.com\/?page_id=113"},"modified":"2020-02-13T14:08:13","modified_gmt":"2020-02-13T14:08:13","slug":"aviso-legal","status":"publish","type":"page","link":"https:\/\/mariacaudevilla.com\/en\/aviso-legal\/","title":{"rendered":"Aviso Legal"},"content":{"rendered":"<p>Identificaci\u00f3n y Titularidad<\/p>\n\n\n\n<p>En cumplimiento del art\u00edculo 10 de la Ley 34 \/ 2002, de 11 de julio, de\nServicios de la Sociedad de la Informaci\u00f3n y Comercio Electr\u00f3nico, el Titular\nexpone sus datos identificativos.<\/p>\n\n\n\n<ul><li><strong>Titular:<\/strong>\u00a0Maria Caudevilla<\/li><li><strong>Titulaci\u00f3n: <\/strong>Doctora en artes esc\u00e9nicas<\/li><li><strong>NIF:<\/strong>\u00a052.996.440-R<\/li><li><strong>Domicilio:<\/strong>\u00a0C\/Guadarrama 13, bloque 8, 1D<\/li><li><strong>Correo electr\u00f3nico:<\/strong>\u00a0<a href=\"mailto:mariacaudevilla@hotmail.com\">mariacaudevilla@hotmail.com<\/a><\/li><li><strong>Sitio Web<\/strong>\u00a0<a href=\"https:\/\/mariacaudevilla.com\/en\/\">www.mariacaudevilla.com<\/a><\/li><\/ul>\n\n\n\n<p><strong><em>Finalidad<\/em><\/strong><\/p>\n\n\n\n<p>La finalidad del sitio web&nbsp;www.mariacaudevilla.com&nbsp;es&nbsp;promocionar\nmi trabajo creativo.<\/p>\n\n\n\n<p><em><strong>Condiciones de Uso<\/strong><\/em><\/p>\n\n\n\n<p>La utilizaci\u00f3n del sitio Web le otorga la condici\u00f3n de Usuario, e implica\nla aceptaci\u00f3n completa de todas las cl\u00e1usulas y condiciones de uso incluidas en\nlas p\u00e1ginas:<\/p>\n\n\n\n<ul><li>Aviso Legal<\/li><li>Pol\u00edtica de Privacidad<\/li><li>Pol\u00edtica de Cookies<\/li><\/ul>\n\n\n\n<p>Si no estuviera conforme con todas y cada una de estas cl\u00e1usulas y\ncondiciones abst\u00e9ngase de utilizar este sitio Web.<\/p>\n\n\n\n<p>El acceso a este sitio Web no supone, en modo alguno, el inicio de una\nrelaci\u00f3n comercial con el Titular.<\/p>\n\n\n\n<p>A trav\u00e9s de este sitio Web, el Titular le facilita el acceso y la\nutilizaci\u00f3n de diversos contenidos que el Titular o sus colaboradores han\npublicado por medio de Internet.<\/p>\n\n\n\n<p>A tal efecto, usted est\u00e1 obligado y comprometido a NO utilizar cualquiera\nde los contenidos del sitio Web con fines o efectos il\u00edcitos, prohibidos en\neste Aviso Legal o por la legislaci\u00f3n vigente, lesivos de los derechos e\nintereses de terceros, o que de cualquier forma puedan da\u00f1ar, inutilizar,\nsobrecargar, deteriorar o impedir la normal utilizaci\u00f3n de los contenidos, los\nequipos inform\u00e1ticos o los documentos, archivos y toda clase de contenidos\nalmacenados en cualquier equipo inform\u00e1tico propios o contratados por el\nTitular, de otros usuarios o de cualquier usuario de Internet.<\/p>\n\n\n\n<p><strong><em>Comentarios\u00a0<\/em><\/strong><\/p>\n\n\n\n<p>El Titular se reserva el derecho de retirar todos aquellos comentarios que\nvulneren la legislaci\u00f3n vigente, lesivos de los derechos o intereses de\nterceros, o que, a su juicio, no resulten adecuados para su publicaci\u00f3n.<\/p>\n\n\n\n<p>El Titular no ser\u00e1 responsable de las opiniones vertidas por los usuarios a\ntrav\u00e9s del sistema de comentarios, redes sociales u otras herramientas de\nparticipaci\u00f3n, conforme a lo previsto en la normativa de aplicaci\u00f3n.<\/p>\n\n\n\n<p><em><strong>Mayor\u00eda de edad\u00a0<\/strong><\/em><\/p>\n\n\n\n<p>Usted debe tener al menos 18 a\u00f1os de edad para usar los servicios ofrecidos\npor el Titular o la mayor\u00eda de edad que se requiera su pa\u00eds para registrarse en\nel sitio Web o utilizarlo. Si reside en un pa\u00eds que no pertenezca a la Regi\u00f3n\neuropea, debe tener al menos 13 a\u00f1os de edad para usar el sitio Web o la\nmayor\u00eda de edad que se requiera su pa\u00eds para registrarse en el sitio Web o\nutilizarlo.<\/p>\n\n\n\n<p>Adem\u00e1s de tener la edad m\u00ednima requerida para usar el sitio Web en virtud\nde la ley aplicable, si no tiene la edad suficiente para poder aceptar nuestras\ncondiciones en su pa\u00eds, su padre, madre, o tutor deben aceptar nuestras\ncondiciones en su nombre.<\/p>\n\n\n\n<p><em><strong>Medidas de seguridad<\/strong><\/em><\/p>\n\n\n\n<p>Los datos personales que facilite al Titular pueden ser almacenados en\nbases de datos automatizadas o no, cuya titularidad corresponde en exclusiva a\nel Titular, que asume todas las medidas de \u00edndole t\u00e9cnica, organizativa y de\nseguridad que garantizan la confidencialidad, integridad y calidad de la\ninformaci\u00f3n contenida en las mismas de acuerdo con lo establecido en la\nnormativa vigente en protecci\u00f3n de datos.<\/p>\n\n\n\n<p>No obstante, debe ser consciente de que las medidas de seguridad de los\nsistemas inform\u00e1ticos en Internet no son enteramente fiables y que, por tanto\nel Titular no puede garantizar la inexistencia de virus u otros elementos que\npuedan producir alteraciones en los sistemas inform\u00e1ticos (software y hardware)\ndel Usuario o en sus documentos electr\u00f3nicos y ficheros contenidos en los\nmismos aunque el Titular pone todos los medios necesarios y toma las medidas de\nseguridad oportunas para evitar la presencia de estos elementos da\u00f1inos.<\/p>\n\n\n\n<p><strong><em>Datos personales<\/em><\/strong><\/p>\n\n\n\n<p>Usted puede consultar toda la informaci\u00f3n relativa al tratamiento de datos\npersonales que recoge el Titular en la p\u00e1gina de la Pol\u00edtica de Privacidad.<\/p>\n\n\n\n<p><strong><em>Contenidos<\/em><\/strong><\/p>\n\n\n\n<p>El Titular ha obtenido la informaci\u00f3n, el contenido multimedia y los\nmateriales incluidos en el sitio Web de fuentes que considera fiables, pero, si\nbien ha tomado todas las medidas razonables para asegurar que la informaci\u00f3n\ncontenida es correcta, el Titular no garantiza que sea exacta, completa o\nactualizada. El Titular declina expresamente cualquier responsabilidad por\nerror u omisi\u00f3n en la informaci\u00f3n contenida en las p\u00e1ginas de este sitio Web.<\/p>\n\n\n\n<p>Queda prohibido transmitir o enviar a trav\u00e9s del sitio Web cualquier\ncontenido ilegal o il\u00edcito, virus inform\u00e1ticos, o mensajes que, en general,\nafecten o violen derechos de&nbsp;el Titular o de terceros.<\/p>\n\n\n\n<p>Los contenidos del Sitio Web tienen \u00fanicamente una finalidad informativa y\nbajo ninguna circunstancia deben usarse ni considerarse como oferta de venta,\nsolicitud de una oferta de compra ni recomendaci\u00f3n para realizar cualquier otra\noperaci\u00f3n, salvo que as\u00ed se indique expresamente.<\/p>\n\n\n\n<p>El Titular se reserva el derecho a modificar, suspender, cancelar o\nrestringir el contenido del Sitio Web, los v\u00ednculos o la informaci\u00f3n obtenida a\ntrav\u00e9s del sitio Web, sin necesidad de previo aviso.<\/p>\n\n\n\n<p>El Titular no es responsable de los da\u00f1os y perjuicios que pudieran\nderivarse de la utilizaci\u00f3n de la informaci\u00f3n del sitio Web o de la contenida\nen las redes sociales del Titular.<\/p>\n\n\n\n<p><strong><em>Pol\u00edtica de cookies<\/em><\/strong><\/p>\n\n\n\n<p>En la p\u00e1gina Pol\u00edtica de Cookies puede consultar toda la informaci\u00f3n\nrelativa a la pol\u00edtica de recogida y tratamiento de las cookies.<\/p>\n\n\n\n<p>El Titular s\u00f3lo obtiene y conserva la siguiente informaci\u00f3n acerca de los\nvisitantes del Sitio Web:<\/p>\n\n\n\n<ul><li>El nombre de dominio del proveedor (PSI) y\/o direcci\u00f3n IP que les da acceso a la red.<\/li><li>La fecha y hora de acceso al sitio Web.<\/li><li>La direcci\u00f3n de Internet origen del enlace que dirige al sitio Web.<\/li><li>El n\u00famero de visitantes diarios de cada secci\u00f3n.<\/li><li>La informaci\u00f3n obtenida es totalmente an\u00f3nima, y en ning\u00fan caso puede ser asociada a un Usuario concreto e identificado.<\/li><\/ul>\n\n\n\n<p><strong><em>Enlaces de inter\u00e9s a otros sitios Web<\/em><\/strong><\/p>\n\n\n\n<p>El Titular puede proporcionarle acceso a sitios Web de terceros mediante\nenlaces con la finalidad de informar sobre la existencia de otras fuentes de\ninformaci\u00f3n en Internet en las que podr\u00e1 ampliar los datos ofrecidos en el\nsitio Web.<\/p>\n\n\n\n<p>Estos enlaces a otros sitios Web no suponen en ning\u00fan caso una sugerencia o\nrecomendaci\u00f3n para que usted visite las p\u00e1ginas web de destino, que est\u00e1n fuera\ndel control del Titular, por lo que Titular no es responsable del contenido de\nlos sitios web vinculados ni del resultado que obtenga al seguir los enlaces.<\/p>\n\n\n\n<p>Asimismo, el Titular no responde de los links o enlaces ubicados en los\nsitios web vinculados a los que le proporciona acceso.<\/p>\n\n\n\n<p>El establecimiento del enlace no implica en ning\u00fan caso la existencia de\nrelaciones entre Titular y el propietario del sitio en el que se establezca el\nenlace, ni la aceptaci\u00f3n o aprobaci\u00f3n por parte del Titular de sus contenidos o\nservicios.<\/p>\n\n\n\n<p>Si accede a un sitio Web externo desde un enlace que encuentre en el Sitio\nWeb usted deber\u00e1 leer la propia pol\u00edtica de privacidad del otro sitio web que\npuede ser diferente de la de este sitio Web.<\/p>\n\n\n\n<p><strong><em>Propiedad intelectual e industrial<\/em><\/strong><\/p>\n\n\n\n<p>Todos los derechos est\u00e1n reservados.<\/p>\n\n\n\n<p>Todo acceso a este sitio Web est\u00e1 sujeto a las siguientes condiciones: la\nreproducci\u00f3n, almacenaje permanente y la difusi\u00f3n de los contenidos o cualquier\notro uso que tenga finalidad p\u00fablica o comercial queda expresamente prohibida\nsin el consentimiento previo expreso y por escrito de Titular.<\/p>\n\n\n\n<p><strong><em>Limitaci\u00f3n de responsabilidad<\/em><\/strong><\/p>\n\n\n\n<p>La informaci\u00f3n y servicios incluidos o disponibles a trav\u00e9s de este sitio\nWeb pueden incluir incorrecciones o errores tipogr\u00e1ficos. De forma peri\u00f3dica el\nTitular incorpora mejoras y\/o cambios a la informaci\u00f3n contenida y\/o los\nServicios que puede introducir en cualquier momento.<\/p>\n\n\n\n<p>El Titular no declara ni garantiza que los servicios o contenidos sean interrumpidos\no que est\u00e9n libres de errores, que los defectos sean corregidos, o que el\nservicio o el servidor que lo pone a disposici\u00f3n est\u00e9n libres de virus u otros\ncomponentes nocivos sin perjuicio de que el Titular realiza todos los esfuerzos\nen evitar este tipo de incidentes.<\/p>\n\n\n\n<p>Titular declina cualquier responsabilidad en caso de que existan\ninterrupciones o un mal funcionamiento de los Servicios o contenidos ofrecidos\nen Internet, cualquiera que sea su causa. Asimismo, el Titular no se hace\nresponsable por ca\u00eddas de la red, p\u00e9rdidas de negocio a consecuencia de dichas\nca\u00eddas, suspensiones temporales de fluido el\u00e9ctrico o cualquier otro tipo de\nda\u00f1o indirecto que te pueda ser causado por causas ajenas a el Titular.<\/p>\n\n\n\n<p>Antes de tomar decisiones y\/o acciones con base a la informaci\u00f3n incluida\nen el sitio Web, el Titular le recomienda comprobar y contrastar la informaci\u00f3n\nrecibida con otras fuentes.<\/p>\n\n\n\n<p><em><strong>Derecho de exclusi\u00f3n<\/strong><\/em>\u00a0<\/p>\n\n\n\n<p>Titular se reserva el derecho a denegar o retirar el acceso al sitio Web y\nlos servicios ofrecidos sin necesidad de preaviso, a instancia propia o de un\ntercero, a aquellos usuarios que incumplan cualquiera de las condiciones de\neste Aviso Legal.<\/p>\n\n\n\n<p>Jurisdicci\u00f3n<\/p>\n\n\n\n<p>Este Aviso Legal se rige \u00edntegramente por la legislaci\u00f3n espa\u00f1ola.<\/p>\n\n\n\n<p>Siempre que no haya una norma que obligue a otra cosa, para cuantas\ncuestiones se susciten sobre la interpretaci\u00f3n, aplicaci\u00f3n y cumplimiento de\neste Aviso Legal, as\u00ed como de las reclamaciones que puedan derivarse de su uso,\nlas partes acuerdan someterse a los Jueces y Tribunales de la provincia\nde&nbsp;Madrid, con renuncia expresa de cualquier otra jurisdicci\u00f3n que pudiera\ncorresponderles.<\/p>\n\n\n\n<p><em><strong>Contact<\/strong><\/em><\/p>\n\n\n\n<p>En caso de que usted tenga cualquier duda acerca de estas Condiciones legales o quiera realizar cualquier comentario sobre este sitio Web, puede enviar un mensaje de correo electr\u00f3nico a la direcci\u00f3n\u00a0<a href=\"mailto:mariacaudevilla@hotmail.com\">mariacaudevilla@hotmail.com<\/a><\/p>","protected":false},"excerpt":{"rendered":"<p>Identificaci\u00f3n y Titularidad En cumplimiento del art\u00edculo 10 de la Ley 34 \/ 2002, de 11 de julio, de Servicios de la Sociedad de la Informaci\u00f3n y Comercio Electr\u00f3nico, el Titular expone sus datos identificativos. Titular:\u00a0Maria Caudevilla Titulaci\u00f3n: Doctora en artes esc\u00e9nicas NIF:\u00a052.996.440-R Domicilio:\u00a0C\/Guadarrama 13, bloque 8, 1D Correo electr\u00f3nico:\u00a0mariacaudevilla@hotmail.com Sitio Web\u00a0www.mariacaudevilla.com Finalidad La finalidad [&hellip;]<\/p>","protected":false},"author":2,"featured_media":0,"parent":0,"menu_order":0,"comment_status":"closed","ping_status":"closed","template":"","meta":{"footnotes":""},"yoast_head":"<!-- This site is optimized with the Yoast SEO plugin v21.7 - https:\/\/yoast.com\/wordpress\/plugins\/seo\/ -->\n<title>Aviso Legal - Maria Caudevilla<\/title>\n<meta name=\"robots\" content=\"index, follow, max-snippet:-1, max-image-preview:large, max-video-preview:-1\" \/>\n<link rel=\"canonical\" href=\"https:\/\/mariacaudevilla.com\/en\/aviso-legal\/\" \/>\n<meta property=\"og:locale\" content=\"en_US\" \/>\n<meta property=\"og:type\" content=\"article\" \/>\n<meta property=\"og:title\" content=\"Aviso Legal - Maria Caudevilla\" \/>\n<meta property=\"og:description\" content=\"Identificaci\u00f3n y Titularidad En cumplimiento del art\u00edculo 10 de la Ley 34 \/ 2002, de 11 de julio, de Servicios de la Sociedad de la Informaci\u00f3n y Comercio Electr\u00f3nico, el Titular expone sus datos identificativos. Titular:\u00a0Maria Caudevilla Titulaci\u00f3n: Doctora en artes esc\u00e9nicas NIF:\u00a052.996.440-R Domicilio:\u00a0C\/Guadarrama 13, bloque 8, 1D Correo electr\u00f3nico:\u00a0mariacaudevilla@hotmail.com Sitio Web\u00a0www.mariacaudevilla.com Finalidad La finalidad [&hellip;]\" \/>\n<meta property=\"og:url\" content=\"https:\/\/mariacaudevilla.com\/en\/aviso-legal\/\" \/>\n<meta property=\"og:site_name\" content=\"Maria Caudevilla\" \/>\n<meta name=\"twitter:card\" content=\"summary_large_image\" \/>\n<meta name=\"twitter:label1\" content=\"Est. reading time\" \/>\n\t<meta name=\"twitter:data1\" content=\"8 minutes\" \/>\n<script type=\"application\/ld+json\" class=\"yoast-schema-graph\">{\"@context\":\"https:\/\/schema.org\",\"@graph\":[{\"@type\":\"WebPage\",\"@id\":\"https:\/\/mariacaudevilla.com\/aviso-legal\/\",\"url\":\"https:\/\/mariacaudevilla.com\/aviso-legal\/\",\"name\":\"Aviso Legal - Maria Caudevilla\",\"isPartOf\":{\"@id\":\"https:\/\/mariacaudevilla.com\/#website\"},\"datePublished\":\"2020-02-13T14:08:13+00:00\",\"dateModified\":\"2020-02-13T14:08:13+00:00\",\"breadcrumb\":{\"@id\":\"https:\/\/mariacaudevilla.com\/aviso-legal\/#breadcrumb\"},\"inLanguage\":\"en-US\",\"potentialAction\":[{\"@type\":\"ReadAction\",\"target\":[\"https:\/\/mariacaudevilla.com\/aviso-legal\/\"]}]},{\"@type\":\"BreadcrumbList\",\"@id\":\"https:\/\/mariacaudevilla.com\/aviso-legal\/#breadcrumb\",\"itemListElement\":[{\"@type\":\"ListItem\",\"position\":1,\"name\":\"Portada\",\"item\":\"https:\/\/mariacaudevilla.com\/\"},{\"@type\":\"ListItem\",\"position\":2,\"name\":\"Aviso Legal\"}]},{\"@type\":\"WebSite\",\"@id\":\"https:\/\/mariacaudevilla.com\/#website\",\"url\":\"https:\/\/mariacaudevilla.com\/\",\"name\":\"Maria Caudevilla\",\"description\":\"\",\"potentialAction\":[{\"@type\":\"SearchAction\",\"target\":{\"@type\":\"EntryPoint\",\"urlTemplate\":\"https:\/\/mariacaudevilla.com\/?s={search_term_string}\"},\"query-input\":\"required name=search_term_string\"}],\"inLanguage\":\"en-US\"}]}<\/script>\n<!-- \/ Yoast SEO plugin. -->","yoast_head_json":{"title":"Aviso Legal - Maria Caudevilla","robots":{"index":"index","follow":"follow","max-snippet":"max-snippet:-1","max-image-preview":"max-image-preview:large","max-video-preview":"max-video-preview:-1"},"canonical":"https:\/\/mariacaudevilla.com\/en\/aviso-legal\/","og_locale":"en_US","og_type":"article","og_title":"Aviso Legal - Maria Caudevilla","og_description":"Identificaci\u00f3n y Titularidad En cumplimiento del art\u00edculo 10 de la Ley 34 \/ 2002, de 11 de julio, de Servicios de la Sociedad de la Informaci\u00f3n y Comercio Electr\u00f3nico, el Titular expone sus datos identificativos. Titular:\u00a0Maria Caudevilla Titulaci\u00f3n: Doctora en artes esc\u00e9nicas NIF:\u00a052.996.440-R Domicilio:\u00a0C\/Guadarrama 13, bloque 8, 1D Correo electr\u00f3nico:\u00a0mariacaudevilla@hotmail.com Sitio Web\u00a0www.mariacaudevilla.com Finalidad La finalidad [&hellip;]","og_url":"https:\/\/mariacaudevilla.com\/en\/aviso-legal\/","og_site_name":"Maria Caudevilla","twitter_card":"summary_large_image","twitter_misc":{"Est. reading time":"8 minutes"},"schema":{"@context":"https:\/\/schema.org","@graph":[{"@type":"WebPage","@id":"https:\/\/mariacaudevilla.com\/aviso-legal\/","url":"https:\/\/mariacaudevilla.com\/aviso-legal\/","name":"Aviso Legal - Maria Caudevilla","isPartOf":{"@id":"https:\/\/mariacaudevilla.com\/#website"},"datePublished":"2020-02-13T14:08:13+00:00","dateModified":"2020-02-13T14:08:13+00:00","breadcrumb":{"@id":"https:\/\/mariacaudevilla.com\/aviso-legal\/#breadcrumb"},"inLanguage":"en-US","potentialAction":[{"@type":"ReadAction","target":["https:\/\/mariacaudevilla.com\/aviso-legal\/"]}]},{"@type":"BreadcrumbList","@id":"https:\/\/mariacaudevilla.com\/aviso-legal\/#breadcrumb","itemListElement":[{"@type":"ListItem","position":1,"name":"Portada","item":"https:\/\/mariacaudevilla.com\/"},{"@type":"ListItem","position":2,"name":"Aviso Legal"}]},{"@type":"WebSite","@id":"https:\/\/mariacaudevilla.com\/#website","url":"https:\/\/mariacaudevilla.com\/","name":"Maria Caudevilla","description":"","potentialAction":[{"@type":"SearchAction","target":{"@type":"EntryPoint","urlTemplate":"https:\/\/mariacaudevilla.com\/?s={search_term_string}"},"query-input":"required name=search_term_string"}],"inLanguage":"en-US"}]}},"_links":{"self":[{"href":"https:\/\/mariacaudevilla.com\/en\/wp-json\/wp\/v2\/pages\/113"}],"collection":[{"href":"https:\/\/mariacaudevilla.com\/en\/wp-json\/wp\/v2\/pages"}],"about":[{"href":"https:\/\/mariacaudevilla.com\/en\/wp-json\/wp\/v2\/types\/page"}],"author":[{"embeddable":true,"href":"https:\/\/mariacaudevilla.com\/en\/wp-json\/wp\/v2\/users\/2"}],"replies":[{"embeddable":true,"href":"https:\/\/mariacaudevilla.com\/en\/wp-json\/wp\/v2\/comments?post=113"}],"version-history":[{"count":2,"href":"https:\/\/mariacaudevilla.com\/en\/wp-json\/wp\/v2\/pages\/113\/revisions"}],"predecessor-version":[{"id":115,"href":"https:\/\/mariacaudevilla.com\/en\/wp-json\/wp\/v2\/pages\/113\/revisions\/115"}],"wp:attachment":[{"href":"https:\/\/mariacaudevilla.com\/en\/wp-json\/wp\/v2\/media?parent=113"}],"curies":[{"name":"wp","href":"https:\/\/api.w.org\/{rel}","templated":true}]}}