{"id":1114,"date":"2025-12-29T06:20:28","date_gmt":"2025-12-29T06:20:28","guid":{"rendered":"https:\/\/mariacaudevilla.com\/?page_id=1114"},"modified":"2025-12-29T07:14:21","modified_gmt":"2025-12-29T07:14:21","slug":"pinocho","status":"publish","type":"page","link":"https:\/\/mariacaudevilla.com\/en\/pinocho\/","title":{"rendered":"Pinocho"},"content":{"rendered":"<figure class=\"wp-block-gallery has-nested-images columns-default is-cropped wp-block-gallery-1 is-layout-flex wp-block-gallery-is-layout-flex\">\n<figure class=\"wp-block-image size-large\"><a href=\"https:\/\/mariacaudevilla.com\/wp-content\/uploads\/2025\/12\/PINOCHO_BarakaTeatro_LaCabrera_Set2025_ClaudiaCordovaZignago-8172.jpg\"><img loading=\"lazy\" decoding=\"async\" width=\"1024\" height=\"683\" data-id=\"1120\" src=\"https:\/\/mariacaudevilla.com\/wp-content\/uploads\/2025\/12\/PINOCHO_BarakaTeatro_LaCabrera_Set2025_ClaudiaCordovaZignago-8172-1024x683.jpg\" alt=\"\" class=\"wp-image-1120\" srcset=\"https:\/\/mariacaudevilla.com\/wp-content\/uploads\/2025\/12\/PINOCHO_BarakaTeatro_LaCabrera_Set2025_ClaudiaCordovaZignago-8172-1024x683.jpg 1024w, https:\/\/mariacaudevilla.com\/wp-content\/uploads\/2025\/12\/PINOCHO_BarakaTeatro_LaCabrera_Set2025_ClaudiaCordovaZignago-8172-300x200.jpg 300w, https:\/\/mariacaudevilla.com\/wp-content\/uploads\/2025\/12\/PINOCHO_BarakaTeatro_LaCabrera_Set2025_ClaudiaCordovaZignago-8172-768x512.jpg 768w, https:\/\/mariacaudevilla.com\/wp-content\/uploads\/2025\/12\/PINOCHO_BarakaTeatro_LaCabrera_Set2025_ClaudiaCordovaZignago-8172-18x12.jpg 18w, https:\/\/mariacaudevilla.com\/wp-content\/uploads\/2025\/12\/PINOCHO_BarakaTeatro_LaCabrera_Set2025_ClaudiaCordovaZignago-8172.jpg 1200w\" sizes=\"(max-width: 1024px) 100vw, 1024px\" \/><\/a><\/figure>\n\n\n\n<figure class=\"wp-block-image size-large\"><a href=\"https:\/\/mariacaudevilla.com\/wp-content\/uploads\/2025\/12\/PINOCHO_BarakaTeatro_LaCabrera_Set2025_ClaudiaCordovaZignago-8028.jpg\"><img loading=\"lazy\" decoding=\"async\" width=\"1024\" height=\"683\" data-id=\"1119\" src=\"https:\/\/mariacaudevilla.com\/wp-content\/uploads\/2025\/12\/PINOCHO_BarakaTeatro_LaCabrera_Set2025_ClaudiaCordovaZignago-8028-1024x683.jpg\" alt=\"\" class=\"wp-image-1119\" srcset=\"https:\/\/mariacaudevilla.com\/wp-content\/uploads\/2025\/12\/PINOCHO_BarakaTeatro_LaCabrera_Set2025_ClaudiaCordovaZignago-8028-1024x683.jpg 1024w, https:\/\/mariacaudevilla.com\/wp-content\/uploads\/2025\/12\/PINOCHO_BarakaTeatro_LaCabrera_Set2025_ClaudiaCordovaZignago-8028-300x200.jpg 300w, https:\/\/mariacaudevilla.com\/wp-content\/uploads\/2025\/12\/PINOCHO_BarakaTeatro_LaCabrera_Set2025_ClaudiaCordovaZignago-8028-768x512.jpg 768w, https:\/\/mariacaudevilla.com\/wp-content\/uploads\/2025\/12\/PINOCHO_BarakaTeatro_LaCabrera_Set2025_ClaudiaCordovaZignago-8028-18x12.jpg 18w, https:\/\/mariacaudevilla.com\/wp-content\/uploads\/2025\/12\/PINOCHO_BarakaTeatro_LaCabrera_Set2025_ClaudiaCordovaZignago-8028.jpg 1200w\" sizes=\"(max-width: 1024px) 100vw, 1024px\" \/><\/a><\/figure>\n\n\n\n<figure class=\"wp-block-image size-large\"><a href=\"https:\/\/mariacaudevilla.com\/wp-content\/uploads\/2025\/12\/PINOCHO_BarakaTeatro_LaCabrera_Set2025_ClaudiaCordovaZignago-0901.jpg\"><img loading=\"lazy\" decoding=\"async\" width=\"1024\" height=\"684\" data-id=\"1118\" src=\"https:\/\/mariacaudevilla.com\/wp-content\/uploads\/2025\/12\/PINOCHO_BarakaTeatro_LaCabrera_Set2025_ClaudiaCordovaZignago-0901-1024x684.jpg\" alt=\"\" class=\"wp-image-1118\" srcset=\"https:\/\/mariacaudevilla.com\/wp-content\/uploads\/2025\/12\/PINOCHO_BarakaTeatro_LaCabrera_Set2025_ClaudiaCordovaZignago-0901-1024x684.jpg 1024w, https:\/\/mariacaudevilla.com\/wp-content\/uploads\/2025\/12\/PINOCHO_BarakaTeatro_LaCabrera_Set2025_ClaudiaCordovaZignago-0901-300x200.jpg 300w, https:\/\/mariacaudevilla.com\/wp-content\/uploads\/2025\/12\/PINOCHO_BarakaTeatro_LaCabrera_Set2025_ClaudiaCordovaZignago-0901-768x513.jpg 768w, https:\/\/mariacaudevilla.com\/wp-content\/uploads\/2025\/12\/PINOCHO_BarakaTeatro_LaCabrera_Set2025_ClaudiaCordovaZignago-0901-18x12.jpg 18w, https:\/\/mariacaudevilla.com\/wp-content\/uploads\/2025\/12\/PINOCHO_BarakaTeatro_LaCabrera_Set2025_ClaudiaCordovaZignago-0901.jpg 1200w\" sizes=\"(max-width: 1024px) 100vw, 1024px\" \/><\/a><\/figure>\n\n\n\n<figure class=\"wp-block-image size-large\"><a href=\"https:\/\/mariacaudevilla.com\/wp-content\/uploads\/2025\/12\/PINOCHO_BarakaTeatro_LaCabrera_Set2025_ClaudiaCordovaZignago-0878.jpg\"><img loading=\"lazy\" decoding=\"async\" width=\"1024\" height=\"684\" data-id=\"1117\" src=\"https:\/\/mariacaudevilla.com\/wp-content\/uploads\/2025\/12\/PINOCHO_BarakaTeatro_LaCabrera_Set2025_ClaudiaCordovaZignago-0878-1024x684.jpg\" alt=\"\" class=\"wp-image-1117\" srcset=\"https:\/\/mariacaudevilla.com\/wp-content\/uploads\/2025\/12\/PINOCHO_BarakaTeatro_LaCabrera_Set2025_ClaudiaCordovaZignago-0878-1024x684.jpg 1024w, https:\/\/mariacaudevilla.com\/wp-content\/uploads\/2025\/12\/PINOCHO_BarakaTeatro_LaCabrera_Set2025_ClaudiaCordovaZignago-0878-300x200.jpg 300w, https:\/\/mariacaudevilla.com\/wp-content\/uploads\/2025\/12\/PINOCHO_BarakaTeatro_LaCabrera_Set2025_ClaudiaCordovaZignago-0878-768x513.jpg 768w, https:\/\/mariacaudevilla.com\/wp-content\/uploads\/2025\/12\/PINOCHO_BarakaTeatro_LaCabrera_Set2025_ClaudiaCordovaZignago-0878-18x12.jpg 18w, https:\/\/mariacaudevilla.com\/wp-content\/uploads\/2025\/12\/PINOCHO_BarakaTeatro_LaCabrera_Set2025_ClaudiaCordovaZignago-0878.jpg 1200w\" sizes=\"(max-width: 1024px) 100vw, 1024px\" \/><\/a><\/figure>\n\n\n\n<figure class=\"wp-block-image size-large\"><a href=\"https:\/\/mariacaudevilla.com\/wp-content\/uploads\/2025\/12\/PINOCHO_BarakaTeatro_LaCabrera_Set2025_ClaudiaCordovaZignago-0554.jpg\"><img loading=\"lazy\" decoding=\"async\" width=\"1024\" height=\"684\" data-id=\"1116\" src=\"https:\/\/mariacaudevilla.com\/wp-content\/uploads\/2025\/12\/PINOCHO_BarakaTeatro_LaCabrera_Set2025_ClaudiaCordovaZignago-0554-1024x684.jpg\" alt=\"\" class=\"wp-image-1116\" srcset=\"https:\/\/mariacaudevilla.com\/wp-content\/uploads\/2025\/12\/PINOCHO_BarakaTeatro_LaCabrera_Set2025_ClaudiaCordovaZignago-0554-1024x684.jpg 1024w, https:\/\/mariacaudevilla.com\/wp-content\/uploads\/2025\/12\/PINOCHO_BarakaTeatro_LaCabrera_Set2025_ClaudiaCordovaZignago-0554-300x200.jpg 300w, https:\/\/mariacaudevilla.com\/wp-content\/uploads\/2025\/12\/PINOCHO_BarakaTeatro_LaCabrera_Set2025_ClaudiaCordovaZignago-0554-768x513.jpg 768w, https:\/\/mariacaudevilla.com\/wp-content\/uploads\/2025\/12\/PINOCHO_BarakaTeatro_LaCabrera_Set2025_ClaudiaCordovaZignago-0554-18x12.jpg 18w, https:\/\/mariacaudevilla.com\/wp-content\/uploads\/2025\/12\/PINOCHO_BarakaTeatro_LaCabrera_Set2025_ClaudiaCordovaZignago-0554.jpg 1200w\" sizes=\"(max-width: 1024px) 100vw, 1024px\" \/><\/a><\/figure>\n\n\n\n<figure class=\"wp-block-image size-large\"><a href=\"https:\/\/mariacaudevilla.com\/wp-content\/uploads\/2025\/12\/PINOCHO_BarakaTeatro_LaCabrera_Set2025_ClaudiaCordovaZignago-0390.jpg\"><img loading=\"lazy\" decoding=\"async\" width=\"1024\" height=\"684\" data-id=\"1115\" src=\"https:\/\/mariacaudevilla.com\/wp-content\/uploads\/2025\/12\/PINOCHO_BarakaTeatro_LaCabrera_Set2025_ClaudiaCordovaZignago-0390-1024x684.jpg\" alt=\"\" class=\"wp-image-1115\" srcset=\"https:\/\/mariacaudevilla.com\/wp-content\/uploads\/2025\/12\/PINOCHO_BarakaTeatro_LaCabrera_Set2025_ClaudiaCordovaZignago-0390-1024x684.jpg 1024w, https:\/\/mariacaudevilla.com\/wp-content\/uploads\/2025\/12\/PINOCHO_BarakaTeatro_LaCabrera_Set2025_ClaudiaCordovaZignago-0390-300x200.jpg 300w, https:\/\/mariacaudevilla.com\/wp-content\/uploads\/2025\/12\/PINOCHO_BarakaTeatro_LaCabrera_Set2025_ClaudiaCordovaZignago-0390-768x513.jpg 768w, https:\/\/mariacaudevilla.com\/wp-content\/uploads\/2025\/12\/PINOCHO_BarakaTeatro_LaCabrera_Set2025_ClaudiaCordovaZignago-0390-18x12.jpg 18w, https:\/\/mariacaudevilla.com\/wp-content\/uploads\/2025\/12\/PINOCHO_BarakaTeatro_LaCabrera_Set2025_ClaudiaCordovaZignago-0390.jpg 1200w\" sizes=\"(max-width: 1024px) 100vw, 1024px\" \/><\/a><\/figure>\n<\/figure>\n\n\n\n<hr class=\"wp-block-separator has-css-opacity\"\/>\n\n\n\n<div class=\"wp-block-group alignwide is-layout-flow wp-block-group-is-layout-flow\"><div class=\"wp-block-group__inner-container\"><a href=\"https:\/\/mariacaudevilla.com\/wp-content\/uploads\/2025\/12\/dossier_pinocho.pdf\" class=\"pdfemb-viewer\" style=\"width:800px;height:800px;\" data-width=\"800\" data-height=\"800\" data-toolbar=\"both\" data-toolbar-fixed=\"on\">dossier_pinocho<\/a><\/div><\/div>\n\n\n\n<div class=\"wp-block-buttons is-content-justification-center is-layout-flex wp-container-core-buttons-layout-1 wp-block-buttons-is-layout-flex\">\n<div class=\"wp-block-button\"><a class=\"wp-block-button__link wp-element-button\" href=\"https:\/\/mariacaudevilla.com\/descargas\/dossier_pinocho.pdf\">DOWNLOAD PDF<\/a><\/div>\n<\/div>\n\n\n\n<hr class=\"wp-block-separator has-alpha-channel-opacity\"\/>\n\n\n\n<figure class=\"wp-block-embed is-type-video is-provider-youtube wp-block-embed-youtube wp-embed-aspect-16-9 wp-has-aspect-ratio\"><div class=\"wp-block-embed__wrapper\">\n<iframe loading=\"lazy\" title=\"PINOCHO. ANATOM\u00cdA DE UNA MENTIRA. Teaser.\" width=\"580\" height=\"326\" src=\"https:\/\/www.youtube.com\/embed\/0KpruVSSZEw?feature=oembed\" frameborder=\"0\" allow=\"accelerometer; autoplay; clipboard-write; encrypted-media; gyroscope; picture-in-picture; web-share\" referrerpolicy=\"strict-origin-when-cross-origin\" allowfullscreen><\/iframe>\n<\/div><\/figure>\n\n\n\n<hr class=\"wp-block-separator has-alpha-channel-opacity\"\/>\n\n\n\n<p class=\"has-text-align-center\">If you want to view the video of the show,&nbsp;<a href=\"mailto:info@barakateatro.com\">write me<\/a><\/p>\n\n\n\n<hr class=\"wp-block-separator has-css-opacity\"\/>\n\n\n\n<p><\/p>","protected":false},"excerpt":{"rendered":"<p>Si deseas visualizar el v\u00eddeo del espect\u00e1culo,&nbsp;escr\u00edbeme<\/p>","protected":false},"author":2,"featured_media":0,"parent":0,"menu_order":0,"comment_status":"closed","ping_status":"closed","template":"templates\/template-cover.php","meta":{"footnotes":""},"yoast_head":"<!-- This site is optimized with the Yoast SEO plugin v21.7 - https:\/\/yoast.com\/wordpress\/plugins\/seo\/ -->\n<title>Pinocho - Maria Caudevilla<\/title>\n<meta name=\"robots\" content=\"index, follow, max-snippet:-1, max-image-preview:large, max-video-preview:-1\" \/>\n<link rel=\"canonical\" href=\"https:\/\/mariacaudevilla.com\/en\/pinocho\/\" \/>\n<meta property=\"og:locale\" content=\"en_US\" \/>\n<meta property=\"og:type\" content=\"article\" \/>\n<meta property=\"og:title\" content=\"Pinocho - Maria Caudevilla\" \/>\n<meta property=\"og:description\" content=\"Si deseas visualizar el v\u00eddeo del espect\u00e1culo,&nbsp;escr\u00edbeme\" \/>\n<meta property=\"og:url\" content=\"https:\/\/mariacaudevilla.com\/en\/pinocho\/\" \/>\n<meta property=\"og:site_name\" content=\"Maria Caudevilla\" \/>\n<meta property=\"article:modified_time\" content=\"2025-12-29T07:14:21+00:00\" \/>\n<meta property=\"og:image\" content=\"https:\/\/mariacaudevilla.com\/wp-content\/uploads\/2025\/12\/PINOCHO_BarakaTeatro_LaCabrera_Set2025_ClaudiaCordovaZignago-8172-1024x683.jpg\" \/>\n<meta name=\"twitter:card\" content=\"summary_large_image\" \/>\n<meta name=\"twitter:label1\" content=\"Est. reading time\" \/>\n\t<meta name=\"twitter:data1\" content=\"2 minutes\" \/>\n<script type=\"application\/ld+json\" class=\"yoast-schema-graph\">{\"@context\":\"https:\/\/schema.org\",\"@graph\":[{\"@type\":\"WebPage\",\"@id\":\"https:\/\/mariacaudevilla.com\/pinocho\/\",\"url\":\"https:\/\/mariacaudevilla.com\/pinocho\/\",\"name\":\"Pinocho - Maria Caudevilla\",\"isPartOf\":{\"@id\":\"https:\/\/mariacaudevilla.com\/#website\"},\"datePublished\":\"2025-12-29T06:20:28+00:00\",\"dateModified\":\"2025-12-29T07:14:21+00:00\",\"breadcrumb\":{\"@id\":\"https:\/\/mariacaudevilla.com\/pinocho\/#breadcrumb\"},\"inLanguage\":\"en-US\",\"potentialAction\":[{\"@type\":\"ReadAction\",\"target\":[\"https:\/\/mariacaudevilla.com\/pinocho\/\"]}]},{\"@type\":\"BreadcrumbList\",\"@id\":\"https:\/\/mariacaudevilla.com\/pinocho\/#breadcrumb\",\"itemListElement\":[{\"@type\":\"ListItem\",\"position\":1,\"name\":\"Portada\",\"item\":\"https:\/\/mariacaudevilla.com\/\"},{\"@type\":\"ListItem\",\"position\":2,\"name\":\"Pinocho\"}]},{\"@type\":\"WebSite\",\"@id\":\"https:\/\/mariacaudevilla.com\/#website\",\"url\":\"https:\/\/mariacaudevilla.com\/\",\"name\":\"Maria Caudevilla\",\"description\":\"\",\"potentialAction\":[{\"@type\":\"SearchAction\",\"target\":{\"@type\":\"EntryPoint\",\"urlTemplate\":\"https:\/\/mariacaudevilla.com\/?s={search_term_string}\"},\"query-input\":\"required name=search_term_string\"}],\"inLanguage\":\"en-US\"}]}<\/script>\n<!-- \/ Yoast SEO plugin. -->","yoast_head_json":{"title":"Pinocho - Maria Caudevilla","robots":{"index":"index","follow":"follow","max-snippet":"max-snippet:-1","max-image-preview":"max-image-preview:large","max-video-preview":"max-video-preview:-1"},"canonical":"https:\/\/mariacaudevilla.com\/en\/pinocho\/","og_locale":"en_US","og_type":"article","og_title":"Pinocho - Maria Caudevilla","og_description":"Si deseas visualizar el v\u00eddeo del espect\u00e1culo,&nbsp;escr\u00edbeme","og_url":"https:\/\/mariacaudevilla.com\/en\/pinocho\/","og_site_name":"Maria Caudevilla","article_modified_time":"2025-12-29T07:14:21+00:00","og_image":[{"url":"https:\/\/mariacaudevilla.com\/wp-content\/uploads\/2025\/12\/PINOCHO_BarakaTeatro_LaCabrera_Set2025_ClaudiaCordovaZignago-8172-1024x683.jpg"}],"twitter_card":"summary_large_image","twitter_misc":{"Est. reading time":"2 minutes"},"schema":{"@context":"https:\/\/schema.org","@graph":[{"@type":"WebPage","@id":"https:\/\/mariacaudevilla.com\/pinocho\/","url":"https:\/\/mariacaudevilla.com\/pinocho\/","name":"Pinocho - Maria Caudevilla","isPartOf":{"@id":"https:\/\/mariacaudevilla.com\/#website"},"datePublished":"2025-12-29T06:20:28+00:00","dateModified":"2025-12-29T07:14:21+00:00","breadcrumb":{"@id":"https:\/\/mariacaudevilla.com\/pinocho\/#breadcrumb"},"inLanguage":"en-US","potentialAction":[{"@type":"ReadAction","target":["https:\/\/mariacaudevilla.com\/pinocho\/"]}]},{"@type":"BreadcrumbList","@id":"https:\/\/mariacaudevilla.com\/pinocho\/#breadcrumb","itemListElement":[{"@type":"ListItem","position":1,"name":"Portada","item":"https:\/\/mariacaudevilla.com\/"},{"@type":"ListItem","position":2,"name":"Pinocho"}]},{"@type":"WebSite","@id":"https:\/\/mariacaudevilla.com\/#website","url":"https:\/\/mariacaudevilla.com\/","name":"Maria Caudevilla","description":"","potentialAction":[{"@type":"SearchAction","target":{"@type":"EntryPoint","urlTemplate":"https:\/\/mariacaudevilla.com\/?s={search_term_string}"},"query-input":"required name=search_term_string"}],"inLanguage":"en-US"}]}},"_links":{"self":[{"href":"https:\/\/mariacaudevilla.com\/en\/wp-json\/wp\/v2\/pages\/1114"}],"collection":[{"href":"https:\/\/mariacaudevilla.com\/en\/wp-json\/wp\/v2\/pages"}],"about":[{"href":"https:\/\/mariacaudevilla.com\/en\/wp-json\/wp\/v2\/types\/page"}],"author":[{"embeddable":true,"href":"https:\/\/mariacaudevilla.com\/en\/wp-json\/wp\/v2\/users\/2"}],"replies":[{"embeddable":true,"href":"https:\/\/mariacaudevilla.com\/en\/wp-json\/wp\/v2\/comments?post=1114"}],"version-history":[{"count":4,"href":"https:\/\/mariacaudevilla.com\/en\/wp-json\/wp\/v2\/pages\/1114\/revisions"}],"predecessor-version":[{"id":1127,"href":"https:\/\/mariacaudevilla.com\/en\/wp-json\/wp\/v2\/pages\/1114\/revisions\/1127"}],"wp:attachment":[{"href":"https:\/\/mariacaudevilla.com\/en\/wp-json\/wp\/v2\/media?parent=1114"}],"curies":[{"name":"wp","href":"https:\/\/api.w.org\/{rel}","templated":true}]}}