{"id":1092,"date":"2025-10-27T07:14:17","date_gmt":"2025-10-27T07:14:17","guid":{"rendered":"https:\/\/mariacaudevilla.com\/?page_id=1092"},"modified":"2025-12-05T11:46:30","modified_gmt":"2025-12-05T11:46:30","slug":"una-vision-periferica-del-escenario","status":"publish","type":"page","link":"https:\/\/mariacaudevilla.com\/en\/una-vision-periferica-del-escenario\/","title":{"rendered":"UNA VISI\u00d3N PERIF\u00c9RICA DEL ESCENARIO: TEATROLOG\u00cdA, DRAMATURGIA Y ESCENIFICACI\u00d3N"},"content":{"rendered":"<div class=\"wp-block-image\">\n<figure class=\"aligncenter size-full\"><img loading=\"lazy\" decoding=\"async\" width=\"2560\" height=\"1836\" src=\"https:\/\/mariacaudevilla.com\/wp-content\/uploads\/2025\/12\/portada_contraportada_una_vision-scaled.jpg\" alt=\"\" class=\"wp-image-1107\" srcset=\"https:\/\/mariacaudevilla.com\/wp-content\/uploads\/2025\/12\/portada_contraportada_una_vision-scaled.jpg 2560w, https:\/\/mariacaudevilla.com\/wp-content\/uploads\/2025\/12\/portada_contraportada_una_vision-300x215.jpg 300w, https:\/\/mariacaudevilla.com\/wp-content\/uploads\/2025\/12\/portada_contraportada_una_vision-1024x734.jpg 1024w, https:\/\/mariacaudevilla.com\/wp-content\/uploads\/2025\/12\/portada_contraportada_una_vision-768x551.jpg 768w, https:\/\/mariacaudevilla.com\/wp-content\/uploads\/2025\/12\/portada_contraportada_una_vision-1536x1102.jpg 1536w, https:\/\/mariacaudevilla.com\/wp-content\/uploads\/2025\/12\/portada_contraportada_una_vision-2048x1469.jpg 2048w, https:\/\/mariacaudevilla.com\/wp-content\/uploads\/2025\/12\/portada_contraportada_una_vision-18x12.jpg 18w, https:\/\/mariacaudevilla.com\/wp-content\/uploads\/2025\/12\/portada_contraportada_una_vision-1200x861.jpg 1200w, https:\/\/mariacaudevilla.com\/wp-content\/uploads\/2025\/12\/portada_contraportada_una_vision-1980x1420.jpg 1980w\" sizes=\"(max-width: 2560px) 100vw, 2560px\" \/><\/figure><\/div>\n\n\n<p class=\"has-text-align-center\">UNA VISI\u00d3N PERIF\u00c9RICA DEL ESCENARIO: TEATROLOG\u00cdA, DRAMATURGIA Y ESCENIFICACI\u00d3N<\/p>\n\n\n\n<p class=\"has-secondary-color has-text-color has-link-color has-small-font-size wp-elements-b4908cdc2c371cd691dd030eb48b0617\">Encuadernado en r\u00fastica, 17 X 24, 364 p\u00e1ginas, ISBN: 979-13-87929-00-8<\/p>\n\n\n\n<p>Este volumen nace inspirado por la labor de Jos\u00e9 Gabriel L\u00f3pez Antu\u00f1ano, teatr\u00f3logo, dramaturgista, profesor e impulsor esc\u00e9nico. Estas son solo algunas definiciones para describir una labor mucho m\u00e1s amplia y dif\u00edcil de encapsular. La influencia, admiraci\u00f3n y aprecio por el legado de Jos\u00e9 Gabriel constituyen el punto de encuentro entre todos los colaboradores de este libro. A trav\u00e9s de cuatro ejes tem\u00e1ticos (escenificaci\u00f3n de textos cl\u00e1sicos, gesti\u00f3n cultural, direcci\u00f3n esc\u00e9nica y dramaturgia contempor\u00e1nea), se entrelazan las voces de los especialistas que, a partir de las aportaciones de L\u00f3pez Antu\u00f1ano, enriquecen el conocimiento del teatro actual.<\/p>\n\n\n\n<hr class=\"wp-block-separator has-css-opacity\"\/>\n\n\n\n<div class=\"wp-block-buttons is-content-justification-center is-layout-flex wp-container-core-buttons-layout-1 wp-block-buttons-is-layout-flex\">\n<div class=\"wp-block-button\"><a class=\"wp-block-button__link wp-element-button\" href=\"https:\/\/editorialsinderesis.com\/producto\/una-vision-periferica-del-escenario-teatrologia-dramaturgia-y-escenificacion\/?srsltid=AfmBOopjeZMUZOQcZwxRtdIZcI8hZc3slBMpm6_mTR4HHmmQkXiJAXzW\">Buy<\/a><\/div>\n<\/div>\n\n\n\n<div class=\"wp-block-buttons is-content-justification-center is-layout-flex wp-container-core-buttons-layout-2 wp-block-buttons-is-layout-flex\"><\/div>\n\n\n\n<p><\/p>","protected":false},"excerpt":{"rendered":"<p>UNA VISI\u00d3N PERIF\u00c9RICA DEL ESCENARIO: TEATROLOG\u00cdA, DRAMATURGIA Y ESCENIFICACI\u00d3N Encuadernado en r\u00fastica, 17 X 24, 364 p\u00e1ginas, ISBN: 979-13-87929-00-8 Este volumen nace inspirado por la labor de Jos\u00e9 Gabriel L\u00f3pez Antu\u00f1ano, teatr\u00f3logo, dramaturgista, profesor e impulsor esc\u00e9nico. Estas son solo algunas definiciones para describir una labor mucho m\u00e1s amplia y dif\u00edcil de encapsular. La influencia, [&hellip;]<\/p>","protected":false},"author":2,"featured_media":0,"parent":0,"menu_order":0,"comment_status":"closed","ping_status":"closed","template":"templates\/template-cover.php","meta":{"footnotes":""},"yoast_head":"<!-- This site is optimized with the Yoast SEO plugin v21.7 - https:\/\/yoast.com\/wordpress\/plugins\/seo\/ -->\n<title>UNA VISI\u00d3N PERIF\u00c9RICA DEL ESCENARIO: TEATROLOG\u00cdA, DRAMATURGIA Y ESCENIFICACI\u00d3N - Maria Caudevilla<\/title>\n<meta name=\"robots\" content=\"index, follow, max-snippet:-1, max-image-preview:large, max-video-preview:-1\" \/>\n<link rel=\"canonical\" href=\"https:\/\/mariacaudevilla.com\/en\/una-vision-periferica-del-escenario\/\" \/>\n<meta property=\"og:locale\" content=\"en_US\" \/>\n<meta property=\"og:type\" content=\"article\" \/>\n<meta property=\"og:title\" content=\"UNA VISI\u00d3N PERIF\u00c9RICA DEL ESCENARIO: TEATROLOG\u00cdA, DRAMATURGIA Y ESCENIFICACI\u00d3N - Maria Caudevilla\" \/>\n<meta property=\"og:description\" content=\"UNA VISI\u00d3N PERIF\u00c9RICA DEL ESCENARIO: TEATROLOG\u00cdA, DRAMATURGIA Y ESCENIFICACI\u00d3N Encuadernado en r\u00fastica, 17 X 24, 364 p\u00e1ginas, ISBN: 979-13-87929-00-8 Este volumen nace inspirado por la labor de Jos\u00e9 Gabriel L\u00f3pez Antu\u00f1ano, teatr\u00f3logo, dramaturgista, profesor e impulsor esc\u00e9nico. Estas son solo algunas definiciones para describir una labor mucho m\u00e1s amplia y dif\u00edcil de encapsular. La influencia, [&hellip;]\" \/>\n<meta property=\"og:url\" content=\"https:\/\/mariacaudevilla.com\/en\/una-vision-periferica-del-escenario\/\" \/>\n<meta property=\"og:site_name\" content=\"Maria Caudevilla\" \/>\n<meta property=\"article:modified_time\" content=\"2025-12-05T11:46:30+00:00\" \/>\n<meta property=\"og:image\" content=\"https:\/\/mariacaudevilla.com\/wp-content\/uploads\/2025\/12\/portada_contraportada_una_vision-scaled.jpg\" \/>\n<meta name=\"twitter:card\" content=\"summary_large_image\" \/>\n<meta name=\"twitter:label1\" content=\"Est. reading time\" \/>\n\t<meta name=\"twitter:data1\" content=\"1 minute\" \/>\n<script type=\"application\/ld+json\" class=\"yoast-schema-graph\">{\"@context\":\"https:\/\/schema.org\",\"@graph\":[{\"@type\":\"WebPage\",\"@id\":\"https:\/\/mariacaudevilla.com\/una-vision-periferica-del-escenario\/\",\"url\":\"https:\/\/mariacaudevilla.com\/una-vision-periferica-del-escenario\/\",\"name\":\"UNA VISI\u00d3N PERIF\u00c9RICA DEL ESCENARIO: TEATROLOG\u00cdA, DRAMATURGIA Y ESCENIFICACI\u00d3N - Maria Caudevilla\",\"isPartOf\":{\"@id\":\"https:\/\/mariacaudevilla.com\/#website\"},\"datePublished\":\"2025-10-27T07:14:17+00:00\",\"dateModified\":\"2025-12-05T11:46:30+00:00\",\"breadcrumb\":{\"@id\":\"https:\/\/mariacaudevilla.com\/una-vision-periferica-del-escenario\/#breadcrumb\"},\"inLanguage\":\"en-US\",\"potentialAction\":[{\"@type\":\"ReadAction\",\"target\":[\"https:\/\/mariacaudevilla.com\/una-vision-periferica-del-escenario\/\"]}]},{\"@type\":\"BreadcrumbList\",\"@id\":\"https:\/\/mariacaudevilla.com\/una-vision-periferica-del-escenario\/#breadcrumb\",\"itemListElement\":[{\"@type\":\"ListItem\",\"position\":1,\"name\":\"Portada\",\"item\":\"https:\/\/mariacaudevilla.com\/\"},{\"@type\":\"ListItem\",\"position\":2,\"name\":\"UNA VISI\u00d3N PERIF\u00c9RICA DEL ESCENARIO: TEATROLOG\u00cdA, DRAMATURGIA Y ESCENIFICACI\u00d3N\"}]},{\"@type\":\"WebSite\",\"@id\":\"https:\/\/mariacaudevilla.com\/#website\",\"url\":\"https:\/\/mariacaudevilla.com\/\",\"name\":\"Maria Caudevilla\",\"description\":\"\",\"potentialAction\":[{\"@type\":\"SearchAction\",\"target\":{\"@type\":\"EntryPoint\",\"urlTemplate\":\"https:\/\/mariacaudevilla.com\/?s={search_term_string}\"},\"query-input\":\"required name=search_term_string\"}],\"inLanguage\":\"en-US\"}]}<\/script>\n<!-- \/ Yoast SEO plugin. -->","yoast_head_json":{"title":"UNA VISI\u00d3N PERIF\u00c9RICA DEL ESCENARIO: TEATROLOG\u00cdA, DRAMATURGIA Y ESCENIFICACI\u00d3N - Maria Caudevilla","robots":{"index":"index","follow":"follow","max-snippet":"max-snippet:-1","max-image-preview":"max-image-preview:large","max-video-preview":"max-video-preview:-1"},"canonical":"https:\/\/mariacaudevilla.com\/en\/una-vision-periferica-del-escenario\/","og_locale":"en_US","og_type":"article","og_title":"UNA VISI\u00d3N PERIF\u00c9RICA DEL ESCENARIO: TEATROLOG\u00cdA, DRAMATURGIA Y ESCENIFICACI\u00d3N - Maria Caudevilla","og_description":"UNA VISI\u00d3N PERIF\u00c9RICA DEL ESCENARIO: TEATROLOG\u00cdA, DRAMATURGIA Y ESCENIFICACI\u00d3N Encuadernado en r\u00fastica, 17 X 24, 364 p\u00e1ginas, ISBN: 979-13-87929-00-8 Este volumen nace inspirado por la labor de Jos\u00e9 Gabriel L\u00f3pez Antu\u00f1ano, teatr\u00f3logo, dramaturgista, profesor e impulsor esc\u00e9nico. Estas son solo algunas definiciones para describir una labor mucho m\u00e1s amplia y dif\u00edcil de encapsular. La influencia, [&hellip;]","og_url":"https:\/\/mariacaudevilla.com\/en\/una-vision-periferica-del-escenario\/","og_site_name":"Maria Caudevilla","article_modified_time":"2025-12-05T11:46:30+00:00","og_image":[{"url":"https:\/\/mariacaudevilla.com\/wp-content\/uploads\/2025\/12\/portada_contraportada_una_vision-scaled.jpg"}],"twitter_card":"summary_large_image","twitter_misc":{"Est. reading time":"1 minute"},"schema":{"@context":"https:\/\/schema.org","@graph":[{"@type":"WebPage","@id":"https:\/\/mariacaudevilla.com\/una-vision-periferica-del-escenario\/","url":"https:\/\/mariacaudevilla.com\/una-vision-periferica-del-escenario\/","name":"UNA VISI\u00d3N PERIF\u00c9RICA DEL ESCENARIO: TEATROLOG\u00cdA, DRAMATURGIA Y ESCENIFICACI\u00d3N - Maria Caudevilla","isPartOf":{"@id":"https:\/\/mariacaudevilla.com\/#website"},"datePublished":"2025-10-27T07:14:17+00:00","dateModified":"2025-12-05T11:46:30+00:00","breadcrumb":{"@id":"https:\/\/mariacaudevilla.com\/una-vision-periferica-del-escenario\/#breadcrumb"},"inLanguage":"en-US","potentialAction":[{"@type":"ReadAction","target":["https:\/\/mariacaudevilla.com\/una-vision-periferica-del-escenario\/"]}]},{"@type":"BreadcrumbList","@id":"https:\/\/mariacaudevilla.com\/una-vision-periferica-del-escenario\/#breadcrumb","itemListElement":[{"@type":"ListItem","position":1,"name":"Portada","item":"https:\/\/mariacaudevilla.com\/"},{"@type":"ListItem","position":2,"name":"UNA VISI\u00d3N PERIF\u00c9RICA DEL ESCENARIO: TEATROLOG\u00cdA, DRAMATURGIA Y ESCENIFICACI\u00d3N"}]},{"@type":"WebSite","@id":"https:\/\/mariacaudevilla.com\/#website","url":"https:\/\/mariacaudevilla.com\/","name":"Maria Caudevilla","description":"","potentialAction":[{"@type":"SearchAction","target":{"@type":"EntryPoint","urlTemplate":"https:\/\/mariacaudevilla.com\/?s={search_term_string}"},"query-input":"required name=search_term_string"}],"inLanguage":"en-US"}]}},"_links":{"self":[{"href":"https:\/\/mariacaudevilla.com\/en\/wp-json\/wp\/v2\/pages\/1092"}],"collection":[{"href":"https:\/\/mariacaudevilla.com\/en\/wp-json\/wp\/v2\/pages"}],"about":[{"href":"https:\/\/mariacaudevilla.com\/en\/wp-json\/wp\/v2\/types\/page"}],"author":[{"embeddable":true,"href":"https:\/\/mariacaudevilla.com\/en\/wp-json\/wp\/v2\/users\/2"}],"replies":[{"embeddable":true,"href":"https:\/\/mariacaudevilla.com\/en\/wp-json\/wp\/v2\/comments?post=1092"}],"version-history":[{"count":6,"href":"https:\/\/mariacaudevilla.com\/en\/wp-json\/wp\/v2\/pages\/1092\/revisions"}],"predecessor-version":[{"id":1112,"href":"https:\/\/mariacaudevilla.com\/en\/wp-json\/wp\/v2\/pages\/1092\/revisions\/1112"}],"wp:attachment":[{"href":"https:\/\/mariacaudevilla.com\/en\/wp-json\/wp\/v2\/media?parent=1092"}],"curies":[{"name":"wp","href":"https:\/\/api.w.org\/{rel}","templated":true}]}}