{"id":1064,"date":"2025-02-06T12:12:23","date_gmt":"2025-02-06T12:12:23","guid":{"rendered":"https:\/\/mariacaudevilla.com\/?page_id=1064"},"modified":"2025-03-12T19:30:04","modified_gmt":"2025-03-12T19:30:04","slug":"vencejos_sobre_la_nieve","status":"publish","type":"page","link":"https:\/\/mariacaudevilla.com\/en\/vencejos_sobre_la_nieve\/","title":{"rendered":"VENCEJOS SOBRE LA NIEVE"},"content":{"rendered":"<div class=\"wp-block-image\">\n<figure class=\"aligncenter size-large\"><img loading=\"lazy\" decoding=\"async\" width=\"1024\" height=\"786\" src=\"https:\/\/mariacaudevilla.com\/wp-content\/uploads\/2025\/03\/Portada_Vencejos-sobre-la-nieve-1-1024x786.png\" alt=\"\" class=\"wp-image-1089\" srcset=\"https:\/\/mariacaudevilla.com\/wp-content\/uploads\/2025\/03\/Portada_Vencejos-sobre-la-nieve-1-1024x786.png 1024w, https:\/\/mariacaudevilla.com\/wp-content\/uploads\/2025\/03\/Portada_Vencejos-sobre-la-nieve-1-300x230.png 300w, https:\/\/mariacaudevilla.com\/wp-content\/uploads\/2025\/03\/Portada_Vencejos-sobre-la-nieve-1-768x590.png 768w, https:\/\/mariacaudevilla.com\/wp-content\/uploads\/2025\/03\/Portada_Vencejos-sobre-la-nieve-1-1536x1180.png 1536w, https:\/\/mariacaudevilla.com\/wp-content\/uploads\/2025\/03\/Portada_Vencejos-sobre-la-nieve-1-2048x1573.png 2048w, https:\/\/mariacaudevilla.com\/wp-content\/uploads\/2025\/03\/Portada_Vencejos-sobre-la-nieve-1-16x12.png 16w, https:\/\/mariacaudevilla.com\/wp-content\/uploads\/2025\/03\/Portada_Vencejos-sobre-la-nieve-1-1200x922.png 1200w, https:\/\/mariacaudevilla.com\/wp-content\/uploads\/2025\/03\/Portada_Vencejos-sobre-la-nieve-1-1980x1521.png 1980w\" sizes=\"(max-width: 1024px) 100vw, 1024px\" \/><\/figure><\/div>\n\n\n<p class=\"has-text-align-center\">VENCEJOS SOBRE LA NIEVE<\/p>\n\n\n\n<p>Tapa dura, 103 p\u00e1g., 15,3 x 24,3 cm. ISBN 979-13-87650-50-6<\/p>\n\n\n\n<p>Esta obra es el hilo que engarza una serie de vivencias y sentires que, tras pasar por mi cuerpo, alcanzaron la pluma y dejaron su huella sobre la p\u00e1gina en blanco. A lo largo del tiempo, fueron acumul\u00e1ndose en una carpeta azul de mi escritorio. Las estaciones amontonaron versos variados en tonos, atm\u00f3sferas y texturas. Por su n\u00famero y tes\u00f3n, como si tuviesen vida propia, derribaron mi ineficaz muro de resistencia y hoy salen \u2013 temblorosos unos y con ganas de volar otros \u2013 a la luz de tu mirada.<\/p>\n\n\n\n<p><\/p>\n\n\n\n<hr class=\"wp-block-separator has-css-opacity\"\/>\n\n\n\n<div class=\"wp-block-buttons is-content-justification-center is-layout-flex wp-container-core-buttons-layout-1 wp-block-buttons-is-layout-flex\">\n<div class=\"wp-block-button\"><a class=\"wp-block-button__link wp-element-button\" href=\"https:\/\/mariacaudevilla.com\/en\/contacto\/\">Buy<\/a><\/div>\n<\/div>\n\n\n\n<div class=\"wp-block-buttons is-content-justification-center is-layout-flex wp-container-core-buttons-layout-2 wp-block-buttons-is-layout-flex\"><\/div>\n\n\n\n<p><\/p>","protected":false},"excerpt":{"rendered":"<p>VENCEJOS SOBRE LA NIEVE Tapa dura, 103 p\u00e1g., 15,3 x 24,3 cm. ISBN 979-13-87650-50-6 Esta obra es el hilo que engarza una serie de vivencias y sentires que, tras pasar por mi cuerpo, alcanzaron la pluma y dejaron su huella sobre la p\u00e1gina en blanco. A lo largo del tiempo, fueron acumul\u00e1ndose en una carpeta [&hellip;]<\/p>","protected":false},"author":2,"featured_media":0,"parent":0,"menu_order":0,"comment_status":"closed","ping_status":"closed","template":"templates\/template-cover.php","meta":{"footnotes":""},"yoast_head":"<!-- This site is optimized with the Yoast SEO plugin v21.7 - https:\/\/yoast.com\/wordpress\/plugins\/seo\/ -->\n<title>VENCEJOS SOBRE LA NIEVE - Maria Caudevilla<\/title>\n<meta name=\"robots\" content=\"index, follow, max-snippet:-1, max-image-preview:large, max-video-preview:-1\" \/>\n<link rel=\"canonical\" href=\"https:\/\/mariacaudevilla.com\/en\/vencejos_sobre_la_nieve\/\" \/>\n<meta property=\"og:locale\" content=\"en_US\" \/>\n<meta property=\"og:type\" content=\"article\" \/>\n<meta property=\"og:title\" content=\"VENCEJOS SOBRE LA NIEVE - Maria Caudevilla\" \/>\n<meta property=\"og:description\" content=\"VENCEJOS SOBRE LA NIEVE Tapa dura, 103 p\u00e1g., 15,3 x 24,3 cm. ISBN 979-13-87650-50-6 Esta obra es el hilo que engarza una serie de vivencias y sentires que, tras pasar por mi cuerpo, alcanzaron la pluma y dejaron su huella sobre la p\u00e1gina en blanco. A lo largo del tiempo, fueron acumul\u00e1ndose en una carpeta [&hellip;]\" \/>\n<meta property=\"og:url\" content=\"https:\/\/mariacaudevilla.com\/en\/vencejos_sobre_la_nieve\/\" \/>\n<meta property=\"og:site_name\" content=\"Maria Caudevilla\" \/>\n<meta property=\"article:modified_time\" content=\"2025-03-12T19:30:04+00:00\" \/>\n<meta property=\"og:image\" content=\"https:\/\/mariacaudevilla.com\/wp-content\/uploads\/2025\/03\/Portada_Vencejos-sobre-la-nieve-1-1024x786.png\" \/>\n<meta name=\"twitter:card\" content=\"summary_large_image\" \/>\n<meta name=\"twitter:label1\" content=\"Est. reading time\" \/>\n\t<meta name=\"twitter:data1\" content=\"1 minute\" \/>\n<script type=\"application\/ld+json\" class=\"yoast-schema-graph\">{\"@context\":\"https:\/\/schema.org\",\"@graph\":[{\"@type\":\"WebPage\",\"@id\":\"https:\/\/mariacaudevilla.com\/vencejos_sobre_la_nieve\/\",\"url\":\"https:\/\/mariacaudevilla.com\/vencejos_sobre_la_nieve\/\",\"name\":\"VENCEJOS SOBRE LA NIEVE - Maria Caudevilla\",\"isPartOf\":{\"@id\":\"https:\/\/mariacaudevilla.com\/#website\"},\"datePublished\":\"2025-02-06T12:12:23+00:00\",\"dateModified\":\"2025-03-12T19:30:04+00:00\",\"breadcrumb\":{\"@id\":\"https:\/\/mariacaudevilla.com\/vencejos_sobre_la_nieve\/#breadcrumb\"},\"inLanguage\":\"en-US\",\"potentialAction\":[{\"@type\":\"ReadAction\",\"target\":[\"https:\/\/mariacaudevilla.com\/vencejos_sobre_la_nieve\/\"]}]},{\"@type\":\"BreadcrumbList\",\"@id\":\"https:\/\/mariacaudevilla.com\/vencejos_sobre_la_nieve\/#breadcrumb\",\"itemListElement\":[{\"@type\":\"ListItem\",\"position\":1,\"name\":\"Portada\",\"item\":\"https:\/\/mariacaudevilla.com\/\"},{\"@type\":\"ListItem\",\"position\":2,\"name\":\"VENCEJOS SOBRE LA NIEVE\"}]},{\"@type\":\"WebSite\",\"@id\":\"https:\/\/mariacaudevilla.com\/#website\",\"url\":\"https:\/\/mariacaudevilla.com\/\",\"name\":\"Maria Caudevilla\",\"description\":\"\",\"potentialAction\":[{\"@type\":\"SearchAction\",\"target\":{\"@type\":\"EntryPoint\",\"urlTemplate\":\"https:\/\/mariacaudevilla.com\/?s={search_term_string}\"},\"query-input\":\"required name=search_term_string\"}],\"inLanguage\":\"en-US\"}]}<\/script>\n<!-- \/ Yoast SEO plugin. -->","yoast_head_json":{"title":"VENCEJOS SOBRE LA NIEVE - Maria Caudevilla","robots":{"index":"index","follow":"follow","max-snippet":"max-snippet:-1","max-image-preview":"max-image-preview:large","max-video-preview":"max-video-preview:-1"},"canonical":"https:\/\/mariacaudevilla.com\/en\/vencejos_sobre_la_nieve\/","og_locale":"en_US","og_type":"article","og_title":"VENCEJOS SOBRE LA NIEVE - Maria Caudevilla","og_description":"VENCEJOS SOBRE LA NIEVE Tapa dura, 103 p\u00e1g., 15,3 x 24,3 cm. ISBN 979-13-87650-50-6 Esta obra es el hilo que engarza una serie de vivencias y sentires que, tras pasar por mi cuerpo, alcanzaron la pluma y dejaron su huella sobre la p\u00e1gina en blanco. A lo largo del tiempo, fueron acumul\u00e1ndose en una carpeta [&hellip;]","og_url":"https:\/\/mariacaudevilla.com\/en\/vencejos_sobre_la_nieve\/","og_site_name":"Maria Caudevilla","article_modified_time":"2025-03-12T19:30:04+00:00","og_image":[{"url":"https:\/\/mariacaudevilla.com\/wp-content\/uploads\/2025\/03\/Portada_Vencejos-sobre-la-nieve-1-1024x786.png"}],"twitter_card":"summary_large_image","twitter_misc":{"Est. reading time":"1 minute"},"schema":{"@context":"https:\/\/schema.org","@graph":[{"@type":"WebPage","@id":"https:\/\/mariacaudevilla.com\/vencejos_sobre_la_nieve\/","url":"https:\/\/mariacaudevilla.com\/vencejos_sobre_la_nieve\/","name":"VENCEJOS SOBRE LA NIEVE - Maria Caudevilla","isPartOf":{"@id":"https:\/\/mariacaudevilla.com\/#website"},"datePublished":"2025-02-06T12:12:23+00:00","dateModified":"2025-03-12T19:30:04+00:00","breadcrumb":{"@id":"https:\/\/mariacaudevilla.com\/vencejos_sobre_la_nieve\/#breadcrumb"},"inLanguage":"en-US","potentialAction":[{"@type":"ReadAction","target":["https:\/\/mariacaudevilla.com\/vencejos_sobre_la_nieve\/"]}]},{"@type":"BreadcrumbList","@id":"https:\/\/mariacaudevilla.com\/vencejos_sobre_la_nieve\/#breadcrumb","itemListElement":[{"@type":"ListItem","position":1,"name":"Portada","item":"https:\/\/mariacaudevilla.com\/"},{"@type":"ListItem","position":2,"name":"VENCEJOS SOBRE LA NIEVE"}]},{"@type":"WebSite","@id":"https:\/\/mariacaudevilla.com\/#website","url":"https:\/\/mariacaudevilla.com\/","name":"Maria Caudevilla","description":"","potentialAction":[{"@type":"SearchAction","target":{"@type":"EntryPoint","urlTemplate":"https:\/\/mariacaudevilla.com\/?s={search_term_string}"},"query-input":"required name=search_term_string"}],"inLanguage":"en-US"}]}},"_links":{"self":[{"href":"https:\/\/mariacaudevilla.com\/en\/wp-json\/wp\/v2\/pages\/1064"}],"collection":[{"href":"https:\/\/mariacaudevilla.com\/en\/wp-json\/wp\/v2\/pages"}],"about":[{"href":"https:\/\/mariacaudevilla.com\/en\/wp-json\/wp\/v2\/types\/page"}],"author":[{"embeddable":true,"href":"https:\/\/mariacaudevilla.com\/en\/wp-json\/wp\/v2\/users\/2"}],"replies":[{"embeddable":true,"href":"https:\/\/mariacaudevilla.com\/en\/wp-json\/wp\/v2\/comments?post=1064"}],"version-history":[{"count":5,"href":"https:\/\/mariacaudevilla.com\/en\/wp-json\/wp\/v2\/pages\/1064\/revisions"}],"predecessor-version":[{"id":1090,"href":"https:\/\/mariacaudevilla.com\/en\/wp-json\/wp\/v2\/pages\/1064\/revisions\/1090"}],"wp:attachment":[{"href":"https:\/\/mariacaudevilla.com\/en\/wp-json\/wp\/v2\/media?parent=1064"}],"curies":[{"name":"wp","href":"https:\/\/api.w.org\/{rel}","templated":true}]}}